{"id":57537,"date":"2023-02-06T16:40:08","date_gmt":"2023-02-06T16:40:08","guid":{"rendered":"https:\/\/sagemaster.com\/preisplaene\/"},"modified":"2026-01-24T13:09:30","modified_gmt":"2026-01-24T13:09:30","slug":"preisplaene","status":"publish","type":"page","link":"https:\/\/sagemaster.com\/de\/preisplaene\/","title":{"rendered":"Preispl\u00e4ne"},"content":{"rendered":"<p>[et_pb_section fb_built=&#8220;1&#8243; disabled_on=&#8220;off|off|off&#8220; admin_label=&#8220;Pricing with Monthly-Yearly Switch (Divicio.us)&#8220; module_id=&#8220;hero-home&#8220; module_class=&#8220;pricinig-part&#8220; _builder_version=&#8220;4.19.4&#8243; background_color=&#8220;#131313&#8243; background_image=&#8220;https:\/\/sagemaster.com\/wp-content\/uploads\/2023\/01\/01-Neon-35.png&#8220; background_size=&#8220;initial&#8220; custom_padding=&#8220;200px|0||0px|false|false&#8220; collapsed=&#8220;off&#8220; global_colors_info=&#8220;{}&#8220;][et_pb_row _builder_version=&#8220;4.19.4&#8243; _module_preset=&#8220;default&#8220; min_height=&#8220;151.8px&#8220; custom_margin=&#8220;0px||20px||false|false&#8220; custom_margin_tablet=&#8220;0px||20px||false|false&#8220; custom_margin_phone=&#8220;0px||50px||false|false&#8220; custom_margin_last_edited=&#8220;on|phone&#8220; custom_padding=&#8220;0px||0px||true|false&#8220; global_colors_info=&#8220;{}&#8220; width__hover_enabled=&#8220;on|desktop&#8220;][et_pb_column type=&#8220;4_4&#8243; _builder_version=&#8220;4.19.4&#8243; _module_preset=&#8220;default&#8220; custom_padding=&#8220;||||false|false&#8220; global_colors_info=&#8220;{}&#8220;][et_pb_text _builder_version=&#8220;4.19.4&#8243; _module_preset=&#8220;default&#8220; text_font=&#8220;||||||||&#8220; text_font_size=&#8220;15px&#8220; text_line_height=&#8220;24px&#8220; header_font=&#8220;|700|||||||&#8220; header_text_align=&#8220;center&#8220; header_font_size=&#8220;70px&#8220; header_letter_spacing=&#8220;1px&#8220; header_line_height=&#8220;84px&#8220; custom_margin=&#8220;||24px||false|false&#8220; custom_padding=&#8220;0px||0px||true|false&#8220; header_font_size_tablet=&#8220;32px&#8220; header_font_size_phone=&#8220;32px&#8220; header_font_size_last_edited=&#8220;on|phone&#8220; header_line_height_tablet=&#8220;84px&#8220; header_line_height_phone=&#8220;44px&#8220; header_line_height_last_edited=&#8220;on|phone&#8220; header_2_font_size_tablet=&#8220;&#8220; header_2_font_size_phone=&#8220;&#8220; header_2_font_size_last_edited=&#8220;on|tablet&#8220; global_colors_info=&#8220;{}&#8220;]<\/p>\n<h1>Pl\u00e4ne &amp; Preisgestaltung<\/h1>\n<p>[\/et_pb_text][et_pb_button button_text=&#8220;Melden Sie sich kostenlos an!&#8220; button_alignment=&#8220;center&#8220; button_alignment_tablet=&#8220;center&#8220; button_alignment_phone=&#8220;center&#8220; button_alignment_last_edited=&#8220;on|phone&#8220; admin_label=&#8220;Button&#8220; _builder_version=&#8220;4.19.4&#8243; _module_preset=&#8220;default&#8220; custom_button=&#8220;on&#8220; button_text_size=&#8220;18px&#8220; button_text_color=&#8220;#303030&#8243; button_bg_use_color_gradient=&#8220;on&#8220; button_bg_color_gradient_direction=&#8220;90deg&#8220; button_bg_color_gradient_stops=&#8220;#aaf7c1 0%|#d0fc81 100%&#8220; button_border_width=&#8220;2px&#8220; button_border_color=&#8220;#d0fc81&#8243; button_border_radius=&#8220;4px&#8220; button_letter_spacing=&#8220;0.75px&#8220; button_font=&#8220;Poppins|700|||||||&#8220; button_use_icon=&#8220;off&#8220; custom_margin=&#8220;0px|0px|0px|0px|false|true&#8220; custom_margin_tablet=&#8220;24px||||false|true&#8220; custom_margin_phone=&#8220;24px||||false|true&#8220; custom_margin_last_edited=&#8220;on|tablet&#8220; custom_padding=&#8220;12px|32px|12px|32px|true|true&#8220; global_colors_info=&#8220;{}&#8220; button_bg_color__hover_enabled=&#8220;on|hover&#8220; button_bg_color__hover=&#8220;RGBA(255,255,255,0)&#8220; button_bg_enable_color__hover=&#8220;on&#8220; button_text_color__hover_enabled=&#8220;on|hover&#8220; button_text_color__hover=&#8220;#FFFFFF&#8220; button_border_width__hover_enabled=&#8220;on|hover&#8220; button_border_color__hover_enabled=&#8220;on|hover&#8220; button_border_color__hover=&#8220;#d0fc81&#8243; button_border_width__hover=&#8220;2px&#8220; custom_css_main_element_last_edited=&#8220;on|tablet&#8220; custom_css_main_element_phone=&#8220;width: 100%;&#8220; button_bg_use_color_gradient__hover=&#8220;off&#8220; custom_css_main_element_tablet=&#8220;width: auto;||&#8220;][\/et_pb_button][et_pb_button button_url=&#8220;https:\/\/sagemaster.com\/de\/kontakt\/&#8220; button_text=&#8220;Kontaktieren Sie uns f\u00fcr Unternehmens- und individuelle Pl\u00e4ne&#8220; button_alignment=&#8220;center&#8220; button_alignment_tablet=&#8220;center&#8220; button_alignment_phone=&#8220;center&#8220; button_alignment_last_edited=&#8220;on|phone&#8220; admin_label=&#8220;Button&#8220; _builder_version=&#8220;4.19.4&#8243; _module_preset=&#8220;default&#8220; custom_button=&#8220;on&#8220; button_text_size=&#8220;18px&#8220; button_text_color=&#8220;#303030&#8243; button_bg_use_color_gradient=&#8220;on&#8220; button_bg_color_gradient_direction=&#8220;90deg&#8220; button_bg_color_gradient_stops=&#8220;#aaf7c1 0%|#d0fc81 100%&#8220; button_border_width=&#8220;2px&#8220; button_border_color=&#8220;#d0fc81&#8243; button_border_radius=&#8220;4px&#8220; button_letter_spacing=&#8220;0.75px&#8220; button_font=&#8220;Poppins|700|||||||&#8220; button_use_icon=&#8220;off&#8220; custom_margin=&#8220;0px|0px|0px|0px|false|true&#8220; custom_margin_tablet=&#8220;24px||||false|true&#8220; custom_margin_phone=&#8220;24px||||false|true&#8220; custom_margin_last_edited=&#8220;on|tablet&#8220; custom_padding=&#8220;12px|32px|12px|32px|true|true&#8220; hover_enabled=&#8220;0&#8243; locked=&#8220;off&#8220; global_colors_info=&#8220;{}&#8220; button_bg_color__hover_enabled=&#8220;on|hover&#8220; button_bg_color__hover=&#8220;RGBA(255,255,255,0)&#8220; button_bg_enable_color__hover=&#8220;on&#8220; button_text_color__hover_enabled=&#8220;on|hover&#8220; button_text_color__hover=&#8220;#FFFFFF&#8220; button_border_width__hover_enabled=&#8220;on|hover&#8220; button_border_color__hover_enabled=&#8220;on|hover&#8220; button_border_color__hover=&#8220;#d0fc81&#8243; button_border_width__hover=&#8220;2px&#8220; custom_css_main_element_last_edited=&#8220;on|tablet&#8220; custom_css_main_element_phone=&#8220;width: 100%;&#8220; button_bg_use_color_gradient__hover=&#8220;off&#8220; custom_css_main_element_tablet=&#8220;width: auto;||&#8220; sticky_enabled=&#8220;0&#8243;][\/et_pb_button][\/et_pb_column][\/et_pb_row][\/et_pb_section][et_pb_section fb_built=&#8220;1&#8243; custom_padding_last_edited=&#8220;on|phone&#8220; module_id=&#8220;pricing-faq&#8220; _builder_version=&#8220;4.19.4&#8243; _module_preset=&#8220;default&#8220; background_color=&#8220;#131313&#8243; background_image=&#8220;https:\/\/sagemaster.com\/wp-content\/uploads\/2023\/01\/Frame-32-1.png&#8220; width=&#8220;100%&#8220; custom_padding=&#8220;60px||200px||false|false&#8220; custom_padding_tablet=&#8220;60px||200px||false|false&#8220; custom_padding_phone=&#8220;40px||100px||false|false&#8220; global_colors_info=&#8220;{}&#8220;][et_pb_row custom_padding_last_edited=&#8220;on|phone&#8220; _builder_version=&#8220;4.19.4&#8243; _module_preset=&#8220;default&#8220; custom_margin_tablet=&#8220;&#8220; custom_margin_phone=&#8220;0px||0px||true|false&#8220; custom_margin_last_edited=&#8220;on|phone&#8220; custom_padding_tablet=&#8220;0px||0px||true|false&#8220; custom_padding_phone=&#8220;0px||0px||true|false&#8220; global_colors_info=&#8220;{}&#8220;][et_pb_column type=&#8220;4_4&#8243; _builder_version=&#8220;4.19.4&#8243; _module_preset=&#8220;default&#8220; global_colors_info=&#8220;{}&#8220;][et_pb_text _builder_version=&#8220;4.19.4&#8243; _module_preset=&#8220;default&#8220; header_2_font=&#8220;|700|||||||&#8220; header_2_text_align=&#8220;center&#8220; header_2_font_size=&#8220;40px&#8220; header_2_letter_spacing=&#8220;1px&#8220; header_2_line_height=&#8220;48px&#8220; custom_margin=&#8220;||50px||false|false&#8220; custom_margin_tablet=&#8220;||50px||false|false&#8220; custom_margin_phone=&#8220;||24px||false|false&#8220; custom_margin_last_edited=&#8220;on|phone&#8220; header_2_font_size_tablet=&#8220;40px&#8220; header_2_font_size_phone=&#8220;32px&#8220; header_2_font_size_last_edited=&#8220;on|phone&#8220; global_colors_info=&#8220;{}&#8220;]<\/p>\n<h2>FAQ<\/h2>\n<p>[\/et_pb_text][\/et_pb_column][\/et_pb_row][et_pb_row custom_padding_last_edited=&#8220;on|phone&#8220; _builder_version=&#8220;4.19.4&#8243; _module_preset=&#8220;default&#8220; custom_margin_tablet=&#8220;&#8220; custom_margin_phone=&#8220;0px||0px||true|false&#8220; custom_margin_last_edited=&#8220;on|phone&#8220; custom_padding_tablet=&#8220;&#8220; custom_padding_phone=&#8220;0px||0px||true|false&#8220; global_colors_info=&#8220;{}&#8220;][et_pb_column type=&#8220;4_4&#8243; _builder_version=&#8220;4.19.4&#8243; _module_preset=&#8220;default&#8220; global_colors_info=&#8220;{}&#8220;][et_pb_toggle title=&#8220;Was ist im SAGEMASTER-Jahresabonnement enthalten?&#8220; open_toggle_text_color=&#8220;#FFFFFF&#8220; icon_color=&#8220;#E02B20&#8243; _builder_version=&#8220;4.19.4&#8243; _module_preset=&#8220;default&#8220; title_text_color=&#8220;#FFFFFF&#8220; title_font=&#8220;|700|||||||&#8220; title_font_size=&#8220;18px&#8220; title_letter_spacing=&#8220;1px&#8220; title_line_height=&#8220;24px&#8220; background_color=&#8220;RGBA(255,255,255,0)&#8220; custom_margin=&#8220;||8px||false|false&#8220; custom_padding=&#8220;34px||34px||true|false&#8220; hover_enabled=&#8220;0&#8243; border_radii=&#8220;on|8px|8px|8px|8px&#8220; global_colors_info=&#8220;{}&#8220; background__hover_enabled=&#8220;on|hover&#8220; background_color__hover=&#8220;&#8220; background_enable_color__hover=&#8220;off&#8220; title_text_color__hover_enabled=&#8220;on|hover&#8220; title_text_color__hover=&#8220;#202020&#8243; closed_toggle_background_color__hover_enabled=&#8220;off|hover&#8220; closed_toggle_background_color__hover=&#8220;#E09900&#8243; sticky_enabled=&#8220;0&#8243;]<\/p>\n<p><span style=\"font-weight: 400;\">Das Jahresabonnement bietet Zugang zu SageMasters vollst\u00e4ndigem Set an Lern-, Analyse- und Strategie-Explorationstools sowie Marktdatenfunktionen und Plattformunterst\u00fctzung<\/span><\/p>\n<p>[\/et_pb_toggle][et_pb_toggle title=&#8220;Wie viel kostet das SAGEMASTER-Jahresabonnement?&#8220; closed_toggle_text_color=&#8220;#FFFFFF&#8220; _builder_version=&#8220;4.19.4&#8243; _module_preset=&#8220;default&#8220; title_font=&#8220;|700|||||||&#8220; title_font_size=&#8220;18px&#8220; title_letter_spacing=&#8220;1px&#8220; title_line_height=&#8220;24px&#8220; background_color=&#8220;RGBA(255,255,255,0)&#8220; custom_margin=&#8220;||8px||false|false&#8220; custom_padding=&#8220;34px||34px||true|false&#8220; border_radii=&#8220;on|8px|8px|8px|8px&#8220; global_colors_info=&#8220;{}&#8220; background__hover_enabled=&#8220;off|desktop&#8220; background_enable_color__hover=&#8220;off&#8220; title_text_color__hover_enabled=&#8220;off|desktop&#8220; title_text_color__hover=&#8220;#202020&#8243;]<\/p>\n<p>Der Basic-Plan kostet 299 $ pro Jahr, der Advanced 999 $ pro Jahr und der Pro-Plan 1500 $ pro Jahr.<br \/>Schau auf unserer Abonnementseite nach: <a href=\"https:\/\/sagemaster.com\/en\/subscriptions\/\">https:\/\/sagemaster.com\/en\/subscriptions\/<\/a><\/p>\n<p>[\/et_pb_toggle][et_pb_toggle title=&#8220;  Kann ich einen Tarif auf- oder abwerten?&#8220; open_toggle_text_color=&#8220;#FFFFFF&#8220; icon_color=&#8220;#E02B20&#8243; module_class=&#8220;toggle-box&#8220; _builder_version=&#8220;4.19.4&#8243; _module_preset=&#8220;default&#8220; title_text_color=&#8220;#FFFFFF&#8220; title_font=&#8220;|700|||||||&#8220; title_font_size=&#8220;18px&#8220; title_letter_spacing=&#8220;1px&#8220; title_line_height=&#8220;24px&#8220; background_color=&#8220;RGBA(255,255,255,0)&#8220; custom_margin=&#8220;||8px||false|false&#8220; custom_padding=&#8220;34px||34px||true|false&#8220; hover_enabled=&#8220;0&#8243; global_colors_info=&#8220;{}&#8220; background__hover_enabled=&#8220;off|hover&#8220; background_enable_color__hover=&#8220;off&#8220; title_text_color__hover_enabled=&#8220;on|hover&#8220; title_text_color__hover=&#8220;#202020&#8243; sticky_enabled=&#8220;0&#8243;]<\/p>\n<p><span style=\"font-weight: 400;\">Ja. Sie k\u00f6nnen Ihren Abonnementplan jederzeit \u00e4ndern, um den Zugang anzupassen, der am besten zu Ihren Bed\u00fcrfnissen passt. <\/span><\/p>\n<p>[\/et_pb_toggle][et_pb_toggle title=&#8220;Ist SageMaster ein Broker, eine B\u00f6rse oder eine Handelsplattform?&#8220; open_toggle_text_color=&#8220;#FFFFFF&#8220; icon_color=&#8220;#E02B20&#8243; module_class=&#8220;toggle-box&#8220; _builder_version=&#8220;4.19.4&#8243; _module_preset=&#8220;default&#8220; title_text_color=&#8220;#FFFFFF&#8220; title_font=&#8220;|700|||||||&#8220; title_font_size=&#8220;18px&#8220; title_letter_spacing=&#8220;1px&#8220; title_line_height=&#8220;24px&#8220; background_color=&#8220;RGBA(255,255,255,0)&#8220; custom_margin=&#8220;||8px||false|false&#8220; custom_padding=&#8220;34px||34px||true|false&#8220; hover_enabled=&#8220;0&#8243; global_colors_info=&#8220;{}&#8220; background__hover_enabled=&#8220;off|hover&#8220; background_enable_color__hover=&#8220;off&#8220; title_text_color__hover_enabled=&#8220;on|hover&#8220; title_text_color__hover=&#8220;#202020&#8243; sticky_enabled=&#8220;0&#8243;]<\/p>\n<p><span style=\"font-weight: 400;\">Nein. SageMaster ist kein Broker, keine B\u00f6rse oder Handelsplattform. Sie f\u00fchrt keine Trades aus, verwaltet keine Konten und handelt nicht im Namen der Nutzer auf dem Markt. Die Plattform funktioniert ausschlie\u00dflich als Software- und Bildungsumgebung.   <\/span><\/p>\n<p>[\/et_pb_toggle][et_pb_toggle title=&#8220;Kann ich mein SAGEMASTER-Jahresabonnement jederzeit k\u00fcndigen?&#8220; open_toggle_text_color=&#8220;#FFFFFF&#8220; icon_color=&#8220;#E02B20&#8243; module_class=&#8220;toggle-box&#8220; _builder_version=&#8220;4.19.4&#8243; _module_preset=&#8220;default&#8220; title_text_color=&#8220;#FFFFFF&#8220; title_font=&#8220;|700|||||||&#8220; title_font_size=&#8220;18px&#8220; title_letter_spacing=&#8220;1px&#8220; title_line_height=&#8220;24px&#8220; background_color=&#8220;RGBA(255,255,255,0)&#8220; custom_margin=&#8220;||8px||false|false&#8220; custom_padding=&#8220;34px||34px||true|false&#8220; hover_enabled=&#8220;0&#8243; global_colors_info=&#8220;{}&#8220; background__hover_enabled=&#8220;off|hover&#8220; background_enable_color__hover=&#8220;off&#8220; title_text_color__hover_enabled=&#8220;on|hover&#8220; title_text_color__hover=&#8220;#202020&#8243; sticky_enabled=&#8220;0&#8243;]<\/p>\n<p><span style=\"font-weight: 400;\">Ja. Abonnements k\u00f6nnen jederzeit gek\u00fcndigt werden. Der Zugang bleibt bis zum Ende des aktuellen Abrechnungszeitraums aktiv.  <\/span><\/p>\n<p>[\/et_pb_toggle][et_pb_toggle title=&#8220;Wie kann ich eine R\u00fcckerstattung erhalten?&#8220; open_toggle_text_color=&#8220;#FFFFFF&#8220; icon_color=&#8220;#E02B20&#8243; module_class=&#8220;toggle-box&#8220; _builder_version=&#8220;4.19.4&#8243; _module_preset=&#8220;default&#8220; title_text_color=&#8220;#FFFFFF&#8220; title_font=&#8220;|700|||||||&#8220; title_font_size=&#8220;18px&#8220; title_letter_spacing=&#8220;1px&#8220; title_line_height=&#8220;24px&#8220; background_color=&#8220;RGBA(255,255,255,0)&#8220; custom_margin=&#8220;||8px||false|false&#8220; custom_padding=&#8220;34px||34px||true|false&#8220; hover_enabled=&#8220;0&#8243; global_colors_info=&#8220;{}&#8220; background__hover_enabled=&#8220;off|hover&#8220; background_enable_color__hover=&#8220;off&#8220; title_text_color__hover_enabled=&#8220;on|hover&#8220; title_text_color__hover=&#8220;#202020&#8243; sticky_enabled=&#8220;0&#8243;]<\/p>\n<p><span style=\"font-weight: 400;\">R\u00fcckerstattungen werden gem\u00e4\u00df unserer R\u00fcckerstattungsrichtlinie abgewickelt. F\u00fcr teilweise genutzte Abonnements werden keine R\u00fcckerstattungen angeboten. <\/span><\/p>\n<p>[\/et_pb_toggle][et_pb_toggle title=&#8220;Kann ich Hilfe vom Kundensupport erhalten?&#8220; open_toggle_text_color=&#8220;#FFFFFF&#8220; icon_color=&#8220;#E02B20&#8243; module_class=&#8220;toggle-box&#8220; _builder_version=&#8220;4.19.4&#8243; _module_preset=&#8220;default&#8220; title_text_color=&#8220;#FFFFFF&#8220; title_font=&#8220;|700|||||||&#8220; title_font_size=&#8220;18px&#8220; title_letter_spacing=&#8220;1px&#8220; title_line_height=&#8220;24px&#8220; background_color=&#8220;RGBA(255,255,255,0)&#8220; custom_margin=&#8220;||8px||false|false&#8220; custom_padding=&#8220;34px||34px||true|false&#8220; hover_enabled=&#8220;0&#8243; global_colors_info=&#8220;{}&#8220; background__hover_enabled=&#8220;off|hover&#8220; background_enable_color__hover=&#8220;off&#8220; title_text_color__hover_enabled=&#8220;on|hover&#8220; title_text_color__hover=&#8220;#202020&#8243; sticky_enabled=&#8220;0&#8243;]<\/p>\n<p><span style=\"font-weight: 400;\">Ja. Unser Support-Team steht per Live-Chat zur Verf\u00fcgung, um beim Plattformzugang und bei allgemeinen Anfragen zu helfen. <\/span><\/p>\n<p>[\/et_pb_toggle][\/et_pb_column][\/et_pb_row][\/et_pb_section]<\/p>\n","protected":false},"excerpt":{"rendered":"<p>Pl\u00e4ne &amp; PreisgestaltungFAQDas Jahresabonnement bietet Zugang zu SageMasters vollst\u00e4ndigem Set an Lern-, Analyse- und Strategie-Explorationstools sowie Marktdatenfunktionen und Plattformunterst\u00fctzungDer Basic-Plan kostet 299 $ pro Jahr, der Advanced 999 $ pro Jahr und der Pro-Plan 1500 $ pro Jahr.Schau auf unserer Abonnementseite nach: https:\/\/sagemaster.com\/en\/subscriptions\/Ja. Sie k\u00f6nnen Ihren Abonnementplan jederzeit \u00e4ndern, um den Zugang anzupassen, der am [&hellip;]<\/p>\n","protected":false},"author":1,"featured_media":57222,"parent":0,"menu_order":0,"comment_status":"closed","ping_status":"closed","template":"","meta":{"_acf_changed":false,"_et_pb_use_builder":"on","_et_pb_old_content":"","_et_gb_content_width":"","om_disable_all_campaigns":false,"inline_featured_image":false,"_monsterinsights_skip_tracking":false,"_monsterinsights_sitenote_active":false,"_monsterinsights_sitenote_note":"","_monsterinsights_sitenote_category":0,"_uf_show_specific_survey":0,"_uf_disable_surveys":false,"footnotes":""},"class_list":["post-57537","page","type-page","status-publish","has-post-thumbnail","hentry"],"acf":[],"aioseo_notices":[],"_links":{"self":[{"href":"https:\/\/sagemaster.com\/de\/wp-json\/wp\/v2\/pages\/57537","targetHints":{"allow":["GET"]}}],"collection":[{"href":"https:\/\/sagemaster.com\/de\/wp-json\/wp\/v2\/pages"}],"about":[{"href":"https:\/\/sagemaster.com\/de\/wp-json\/wp\/v2\/types\/page"}],"author":[{"embeddable":true,"href":"https:\/\/sagemaster.com\/de\/wp-json\/wp\/v2\/users\/1"}],"replies":[{"embeddable":true,"href":"https:\/\/sagemaster.com\/de\/wp-json\/wp\/v2\/comments?post=57537"}],"version-history":[{"count":14,"href":"https:\/\/sagemaster.com\/de\/wp-json\/wp\/v2\/pages\/57537\/revisions"}],"predecessor-version":[{"id":67363,"href":"https:\/\/sagemaster.com\/de\/wp-json\/wp\/v2\/pages\/57537\/revisions\/67363"}],"wp:featuredmedia":[{"embeddable":true,"href":"https:\/\/sagemaster.com\/de\/wp-json\/wp\/v2\/media\/57222"}],"wp:attachment":[{"href":"https:\/\/sagemaster.com\/de\/wp-json\/wp\/v2\/media?parent=57537"}],"curies":[{"name":"wp","href":"https:\/\/api.w.org\/{rel}","templated":true}]}}