{"id":68048,"date":"2026-01-23T19:19:13","date_gmt":"2026-01-23T19:19:13","guid":{"rendered":"https:\/\/sagemaster.com\/noticias-y-medios-de-comunicacion\/"},"modified":"2026-01-26T09:50:12","modified_gmt":"2026-01-26T09:50:12","slug":"noticias-y-medios-de-comunicacion","status":"publish","type":"page","link":"https:\/\/sagemaster.com\/es\/noticias-y-medios-de-comunicacion\/","title":{"rendered":"Noticias y medios de comunicaci\u00f3n"},"content":{"rendered":"<p>[et_pb_section fb_built=\u00bb1&#8243; custom_padding_last_edited=\u00bbon|phone\u00bb module_id=\u00bbhero-trading\u00bb _builder_version=\u00bb4.19.4&#8243; _module_preset=\u00bbdefault\u00bb background_color=\u00bb#131313&#8243; background_image=\u00bbhttps:\/\/sagemaster.com\/wp-content\/uploads\/2023\/01\/Hero.png\u00bb background_position=\u00bbbottom_center\u00bb background_vertical_offset=\u00bb92%\u00bb module_alignment=\u00bbright\u00bb custom_padding=\u00bb80px||0px||false|false\u00bb custom_padding_tablet=\u00bb80px||80px||false|false\u00bb custom_padding_phone=\u00bb80px||50px||false|false\u00bb background_last_edited=\u00bbon|phone\u00bb background_image_phone=\u00bbhttps:\/\/sagemaster.com\/wp-content\/uploads\/2023\/02\/hero-bc.png\u00bb background_enable_image_phone=\u00bbon\u00bb global_colors_info=\u00bb{}\u00bb][et_pb_row column_structure=\u00bb1_2,1_2&#8243; _builder_version=\u00bb4.19.4&#8243; _module_preset=\u00bbdefault\u00bb custom_margin=\u00bb0px||20px||false|false\u00bb custom_padding=\u00bb20px||0px||false|false\u00bb hover_enabled=\u00bb0&#8243; global_colors_info=\u00bb{}\u00bb sticky_enabled=\u00bb0&#8243;][et_pb_column type=\u00bb1_2&#8243; module_class=\u00bbfirst-fold-col2&#8243; _builder_version=\u00bb4.19.4&#8243; _module_preset=\u00bbdefault\u00bb custom_padding=\u00bb8%||8%||true|false\u00bb global_colors_info=\u00bb{}\u00bb][et_pb_image src=\u00bbhttps:\/\/sagemaster.com\/wp-content\/uploads\/2023\/01\/graphs.png\u00bb title_text=\u00bbgr\u00e1ficos\u00bb module_class=\u00bbblack-image\u00bb _builder_version=\u00bb4.19.4&#8243; _module_preset=\u00bbdefault\u00bb global_colors_info=\u00bb{}\u00bb][\/et_pb_image][et_pb_image src=\u00bbhttps:\/\/sagemaster.com\/wp-content\/uploads\/2023\/03\/graphs.png\u00bb title_text=\u00bbgr\u00e1ficos\u00bb module_class=\u00bbwhite-image\u00bb _builder_version=\u00bb4.19.4&#8243; _module_preset=\u00bbdefault\u00bb global_colors_info=\u00bb{}\u00bb][\/et_pb_image][\/et_pb_column][et_pb_column type=\u00bb1_2&#8243; module_class=\u00bbfirst-fold-col1&#8243; _builder_version=\u00bb4.19.4&#8243; _module_preset=\u00bbdefault\u00bb custom_padding=\u00bb18%||||false|false\u00bb global_colors_info=\u00bb{}\u00bb][et_pb_text module_class=\u00bbtext-corr\u00bb _builder_version=\u00bb4.19.4&#8243; _module_preset=\u00bbdefault\u00bb text_font=\u00bb|700|||||||\u00bb text_font_size=\u00bb18px\u00bb text_letter_spacing=\u00bb0.75px\u00bb text_line_height=\u00bb32px\u00bb header_font=\u00bb|700|||||||\u00bb header_font_size=\u00bb70px\u00bb header_letter_spacing=\u00bb1px\u00bb header_line_height=\u00bb120px\u00bb hover_enabled=\u00bb0&#8243; text_font_size_tablet=\u00bb18px\u00bb text_font_size_phone=\u00bb18px\u00bb text_font_size_last_edited=\u00bbon|phone\u00bb text_line_height_tablet=\u00bb22px\u00bb text_line_height_phone=\u00bb32px\u00bb text_line_height_last_edited=\u00bbon|phone\u00bb header_font_size_tablet=\u00bb32px\u00bb header_font_size_phone=\u00bb24px\u00bb header_font_size_last_edited=\u00bbon|phone\u00bb header_line_height_tablet=\u00bb41px\u00bb header_line_height_phone=\u00bb32px\u00bb header_line_height_last_edited=\u00bbon|phone\u00bb global_colors_info=\u00bb{}\u00bb sticky_enabled=\u00bb0&#8243;]<\/p>\n<h1>Noticias y medios de comunicaci\u00f3n<\/h1>\n<div class=\"et_pb_module et_pb_text et_pb_text_0 text-corr et_pb_text_align_left et_pb_bg_layout_light\">\n<div class=\"et_pb_text_inner\">\n<p>Explora las \u00faltimas novedades, anuncios y momentos destacados de nuestro equipo. Este espacio re\u00fane noticias importantes, an\u00e1lisis del mercado y cobertura de medios de confianza, manteni\u00e9ndote informado sobre todo lo que ocurre en torno a SageMaster. <\/p>\n<\/div>\n<\/div>\n<p>[\/et_pb_text][\/et_pb_column][\/et_pb_row][\/et_pb_section][et_pb_section fb_built=\u00bb1&#8243; custom_padding_last_edited=\u00bbon|phone\u00bb module_class=\u00bbsimple-assist grid-first\u00bb _builder_version=\u00bb4.19.4&#8243; _module_preset=\u00bbdefault\u00bb background_color=\u00bb#131313&#8243; background_size=\u00bbinitial\u00bb custom_padding=\u00bb60px||0px||false|false\u00bb custom_padding_tablet=\u00bb100px||100px||false|false\u00bb custom_padding_phone=\u00bb48px||0px||false|false\u00bb hover_enabled=\u00bb0&#8243; background_last_edited=\u00bbon|tablet\u00bb background_enable_image_tablet=\u00bboff\u00bb background_enable_image_phone=\u00bboff\u00bb global_colors_info=\u00bb{}\u00bb background_enable_image=\u00bboff\u00bb sticky_enabled=\u00bb0&#8243;][et_pb_row _builder_version=\u00bb4.19.4&#8243; _module_preset=\u00bbdefault\u00bb][et_pb_column _builder_version=\u00bb4.19.4&#8243; _module_preset=\u00bbdefault\u00bb type=\u00bb4_4&#8243;][et_pb_blog _builder_version=\u00bb4.19.4&#8243; _module_preset=\u00bbdefault\u00bb post_type=\u00bbnews-media\u00bb posts_number=\u00bb9&#8243; meta_date=\u00bbj\/M\/Y\u00bb excerpt_length=\u00bb200&#8243; show_author=\u00bboff\u00bb show_categories=\u00bboff\u00bb fullwidth=\u00bboff\u00bb header_text_color=\u00bb#000000&#8243; border_radii=\u00bbon|25px|25px|25px|25px\u00bb border_width_all=\u00bb2px\u00bb border_color_all=\u00bb#d0fc81&#8243; hover_enabled=\u00bb0&#8243; sticky_enabled=\u00bb0&#8243; module_class=\u00bbdt-blog-equal-height\u00bb][\/et_pb_blog][\/et_pb_column][\/et_pb_row][\/et_pb_section]<\/p>\n","protected":false},"excerpt":{"rendered":"<p>Noticias y medios de comunicaci\u00f3n Explora las \u00faltimas novedades, anuncios y momentos destacados de nuestro equipo. Este espacio re\u00fane noticias importantes, an\u00e1lisis del mercado y cobertura de medios de confianza, manteni\u00e9ndote informado sobre todo lo que ocurre en torno a SageMaster.<\/p>\n","protected":false},"author":6,"featured_media":0,"parent":0,"menu_order":0,"comment_status":"closed","ping_status":"closed","template":"","meta":{"_acf_changed":false,"_et_pb_use_builder":"on","_et_pb_old_content":"","_et_gb_content_width":"","om_disable_all_campaigns":false,"inline_featured_image":false,"_monsterinsights_skip_tracking":false,"_monsterinsights_sitenote_active":false,"_monsterinsights_sitenote_note":"","_monsterinsights_sitenote_category":0,"_uf_show_specific_survey":0,"_uf_disable_surveys":false,"footnotes":""},"class_list":["post-68048","page","type-page","status-publish","hentry"],"acf":[],"aioseo_notices":[],"_links":{"self":[{"href":"https:\/\/sagemaster.com\/es\/wp-json\/wp\/v2\/pages\/68048","targetHints":{"allow":["GET"]}}],"collection":[{"href":"https:\/\/sagemaster.com\/es\/wp-json\/wp\/v2\/pages"}],"about":[{"href":"https:\/\/sagemaster.com\/es\/wp-json\/wp\/v2\/types\/page"}],"author":[{"embeddable":true,"href":"https:\/\/sagemaster.com\/es\/wp-json\/wp\/v2\/users\/6"}],"replies":[{"embeddable":true,"href":"https:\/\/sagemaster.com\/es\/wp-json\/wp\/v2\/comments?post=68048"}],"version-history":[{"count":1,"href":"https:\/\/sagemaster.com\/es\/wp-json\/wp\/v2\/pages\/68048\/revisions"}],"predecessor-version":[{"id":68049,"href":"https:\/\/sagemaster.com\/es\/wp-json\/wp\/v2\/pages\/68048\/revisions\/68049"}],"wp:attachment":[{"href":"https:\/\/sagemaster.com\/es\/wp-json\/wp\/v2\/media?parent=68048"}],"curies":[{"name":"wp","href":"https:\/\/api.w.org\/{rel}","templated":true}]}}