{"id":57568,"date":"2023-02-06T16:40:08","date_gmt":"2023-02-06T16:40:08","guid":{"rendered":"https:\/\/sagemaster.com\/plans-de-tarification\/"},"modified":"2026-01-24T13:09:27","modified_gmt":"2026-01-24T13:09:27","slug":"plans-de-tarification","status":"publish","type":"page","link":"https:\/\/sagemaster.com\/fr\/plans-de-tarification\/","title":{"rendered":"Plans de tarification"},"content":{"rendered":"<p>[et_pb_section fb_built=\u00a0\u00bb1&Prime; disabled_on=\u00a0\u00bboff|off|off\u00a0\u00bb admin_label=\u00a0\u00bbPricing with Monthly-Yearly Switch (Divicio.us)\u00a0\u00bb module_id=\u00a0\u00bbhero-home\u00a0\u00bb module_class=\u00a0\u00bbpricinig-part\u00a0\u00bb _builder_version=\u00a0\u00bb4.19.4&Prime; background_color=\u00a0\u00bb#131313&Prime; background_image=\u00a0\u00bbhttps:\/\/sagemaster.com\/wp-content\/uploads\/2023\/01\/01-Neon-35.png\u00a0\u00bb background_size=\u00a0\u00bbinitial\u00a0\u00bb custom_padding=\u00a0\u00bb200px|0||0px|false|false\u00a0\u00bb collapsed=\u00a0\u00bboff\u00a0\u00bb global_colors_info=\u00a0\u00bb{}\u00a0\u00bb][et_pb_row _builder_version=\u00a0\u00bb4.19.4&Prime; _module_preset=\u00a0\u00bbdefault\u00a0\u00bb custom_margin=\u00a0\u00bb0px||20px||false|false\u00a0\u00bb custom_margin_tablet=\u00a0\u00bb0px||20px||false|false\u00a0\u00bb custom_margin_phone=\u00a0\u00bb0px||50px||false|false\u00a0\u00bb custom_margin_last_edited=\u00a0\u00bbon|phone\u00a0\u00bb custom_padding=\u00a0\u00bb0px||0px||true|false\u00a0\u00bb global_colors_info=\u00a0\u00bb{}\u00a0\u00bb width__hover_enabled=\u00a0\u00bbon|desktop\u00a0\u00bb][et_pb_column type=\u00a0\u00bb4_4&Prime; _builder_version=\u00a0\u00bb4.19.4&Prime; _module_preset=\u00a0\u00bbdefault\u00a0\u00bb custom_padding=\u00a0\u00bb||||false|false\u00a0\u00bb global_colors_info=\u00a0\u00bb{}\u00a0\u00bb][et_pb_text _builder_version=\u00a0\u00bb4.19.4&Prime; _module_preset=\u00a0\u00bbdefault\u00a0\u00bb text_font=\u00a0\u00bb||||||||\u00a0\u00bb text_font_size=\u00a0\u00bb15px\u00a0\u00bb text_line_height=\u00a0\u00bb24px\u00a0\u00bb header_font=\u00a0\u00bb|700|||||||\u00a0\u00bb header_text_align=\u00a0\u00bbcenter\u00a0\u00bb header_font_size=\u00a0\u00bb70px\u00a0\u00bb header_letter_spacing=\u00a0\u00bb1px\u00a0\u00bb header_line_height=\u00a0\u00bb84px\u00a0\u00bb custom_margin=\u00a0\u00bb||24px||false|false\u00a0\u00bb custom_padding=\u00a0\u00bb0px||0px||true|false\u00a0\u00bb header_font_size_tablet=\u00a0\u00bb32px\u00a0\u00bb header_font_size_phone=\u00a0\u00bb32px\u00a0\u00bb header_font_size_last_edited=\u00a0\u00bbon|phone\u00a0\u00bb header_line_height_tablet=\u00a0\u00bb84px\u00a0\u00bb header_line_height_phone=\u00a0\u00bb44px\u00a0\u00bb header_line_height_last_edited=\u00a0\u00bbon|phone\u00a0\u00bb header_2_font_size_tablet=\u00a0\u00bb\u00a0\u00bb header_2_font_size_phone=\u00a0\u00bb\u00a0\u00bb header_2_font_size_last_edited=\u00a0\u00bbon|tablet\u00a0\u00bb global_colors_info=\u00a0\u00bb{}\u00a0\u00bb]<\/p>\n<h1>Plans et tarifs<\/h1>\n<p>[\/et_pb_text][et_pb_button button_text=\u00a0\u00bbInscrivez-vous GRATUITEMENT !\u00a0\u00bb button_alignment=\u00a0\u00bbcenter\u00a0\u00bb button_alignment_tablet=\u00a0\u00bbcenter\u00a0\u00bb button_alignment_phone=\u00a0\u00bbcenter\u00a0\u00bb button_alignment_last_edited=\u00a0\u00bbon|phone\u00a0\u00bb _builder_version=\u00a0\u00bb4.19.4&Prime; _module_preset=\u00a0\u00bbdefault\u00a0\u00bb custom_button=\u00a0\u00bbon\u00a0\u00bb button_text_size=\u00a0\u00bb18px\u00a0\u00bb button_text_color=\u00a0\u00bb#303030&Prime; button_bg_use_color_gradient=\u00a0\u00bbon\u00a0\u00bb button_bg_color_gradient_direction=\u00a0\u00bb90deg\u00a0\u00bb button_bg_color_gradient_stops=\u00a0\u00bb#aaf7c1 0%|#d0fc81 100%\u00a0\u00bb button_border_width=\u00a0\u00bb2px\u00a0\u00bb button_border_color=\u00a0\u00bb#d0fc81&Prime; button_border_radius=\u00a0\u00bb4px\u00a0\u00bb button_letter_spacing=\u00a0\u00bb0.75px\u00a0\u00bb button_font=\u00a0\u00bbPoppins|700|||||||\u00a0\u00bb button_use_icon=\u00a0\u00bboff\u00a0\u00bb custom_margin=\u00a0\u00bb0px|0px|0px|0px|false|true\u00a0\u00bb custom_margin_tablet=\u00a0\u00bb24px||||false|true\u00a0\u00bb custom_margin_phone=\u00a0\u00bb24px||||false|true\u00a0\u00bb custom_margin_last_edited=\u00a0\u00bbon|tablet\u00a0\u00bb custom_padding=\u00a0\u00bb12px|32px|12px|32px|true|true\u00a0\u00bb global_colors_info=\u00a0\u00bb{}\u00a0\u00bb button_bg_color__hover_enabled=\u00a0\u00bbon|hover\u00a0\u00bb button_bg_color__hover=\u00a0\u00bbRGBA(255,255,255,0)\u00a0\u00bb button_bg_enable_color__hover=\u00a0\u00bbon\u00a0\u00bb button_text_color__hover_enabled=\u00a0\u00bbon|hover\u00a0\u00bb button_text_color__hover=\u00a0\u00bb#FFFFFF\u00a0\u00bb button_border_width__hover_enabled=\u00a0\u00bbon|hover\u00a0\u00bb button_border_color__hover_enabled=\u00a0\u00bbon|hover\u00a0\u00bb button_border_color__hover=\u00a0\u00bb#d0fc81&Prime; button_border_width__hover=\u00a0\u00bb2px\u00a0\u00bb custom_css_main_element_last_edited=\u00a0\u00bbon|tablet\u00a0\u00bb custom_css_main_element_phone=\u00a0\u00bbwidth: 100%;\u00a0\u00bb button_bg_use_color_gradient__hover=\u00a0\u00bboff\u00a0\u00bb custom_css_main_element_tablet=\u00a0\u00bbwidth: auto;||\u00a0\u00bb][\/et_pb_button][\/et_pb_column][\/et_pb_row][et_pb_row _builder_version=\u00a0\u00bb4.19.4&Prime; _module_preset=\u00a0\u00bbdefault\u00a0\u00bb custom_margin=\u00a0\u00bb||60px||false|false\u00a0\u00bb global_colors_info=\u00a0\u00bb{}\u00a0\u00bb][et_pb_column type=\u00a0\u00bb4_4&Prime; _builder_version=\u00a0\u00bb4.19.4&Prime; _module_preset=\u00a0\u00bbdefault\u00a0\u00bb global_colors_info=\u00a0\u00bb{}\u00a0\u00bb][et_pb_button button_url=\u00a0\u00bb#\u00a0\u00bb button_text=\u00a0\u00bbContactez-nous pour les plans d&rsquo;entreprise\/personnalis\u00e9s\u00a0\u00bb button_alignment=\u00a0\u00bbcenter\u00a0\u00bb admin_label=\u00a0\u00bbButton &#8211; Pricing 2&Prime; module_class=\u00a0\u00bbdvcs_switch_btn_1 dvcs_active\u00a0\u00bb _builder_version=\u00a0\u00bb4.19.4&Prime; custom_button=\u00a0\u00bbon\u00a0\u00bb button_border_width=\u00a0\u00bb2px\u00a0\u00bb button_use_icon=\u00a0\u00bboff\u00a0\u00bb custom_margin=\u00a0\u00bb0px|0px|0px|0px|false|true\u00a0\u00bb custom_padding=\u00a0\u00bb12px|32px|12px|32px|true|true\u00a0\u00bb hover_transition_duration=\u00a0\u00bb400ms\u00a0\u00bb button_border_radius_hover=\u00a0\u00bb100px\u00a0\u00bb button_bg_color_hover=\u00a0\u00bb#ffffff\u00a0\u00bb locked=\u00a0\u00bboff\u00a0\u00bb global_colors_info=\u00a0\u00bb{}\u00a0\u00bb button_text_size__hover_enabled=\u00a0\u00bboff\u00a0\u00bb button_one_text_size__hover_enabled=\u00a0\u00bboff\u00a0\u00bb button_two_text_size__hover_enabled=\u00a0\u00bboff\u00a0\u00bb button_text_color__hover_enabled=\u00a0\u00bbon|hover\u00a0\u00bb button_one_text_color__hover_enabled=\u00a0\u00bboff\u00a0\u00bb button_two_text_color__hover_enabled=\u00a0\u00bboff\u00a0\u00bb button_border_width__hover_enabled=\u00a0\u00bbon|hover\u00a0\u00bb button_one_border_width__hover_enabled=\u00a0\u00bboff\u00a0\u00bb button_two_border_width__hover_enabled=\u00a0\u00bboff\u00a0\u00bb button_border_color__hover_enabled=\u00a0\u00bbon|hover\u00a0\u00bb button_one_border_color__hover_enabled=\u00a0\u00bboff\u00a0\u00bb button_two_border_color__hover_enabled=\u00a0\u00bboff\u00a0\u00bb button_border_radius__hover_enabled=\u00a0\u00bbon|hover\u00a0\u00bb button_one_border_radius__hover_enabled=\u00a0\u00bboff\u00a0\u00bb button_two_border_radius__hover_enabled=\u00a0\u00bboff\u00a0\u00bb button_letter_spacing__hover_enabled=\u00a0\u00bboff\u00a0\u00bb button_one_letter_spacing__hover_enabled=\u00a0\u00bboff\u00a0\u00bb button_two_letter_spacing__hover_enabled=\u00a0\u00bboff\u00a0\u00bb button_bg_color__hover_enabled=\u00a0\u00bbon|hover\u00a0\u00bb button_bg_color__hover=\u00a0\u00bbRGBA(255,255,255,0)\u00a0\u00bb button_one_bg_color__hover_enabled=\u00a0\u00bboff\u00a0\u00bb button_two_bg_color__hover_enabled=\u00a0\u00bboff\u00a0\u00bb button_alignment_tablet=\u00a0\u00bbcenter\u00a0\u00bb button_alignment_phone=\u00a0\u00bbcenter\u00a0\u00bb button_alignment_last_edited=\u00a0\u00bbon|phone\u00a0\u00bb button_text_size=\u00a0\u00bb18px\u00a0\u00bb button_text_color=\u00a0\u00bb#303030&Prime; button_text_color__hover=\u00a0\u00bb#FFFFFF\u00a0\u00bb button_bg_use_color_gradient=\u00a0\u00bbon\u00a0\u00bb button_bg_color_gradient_direction=\u00a0\u00bb90deg\u00a0\u00bb button_bg_color_gradient_stops=\u00a0\u00bb#aaf7c1 0%|#d0fc81 100%\u00a0\u00bb button_border_width__hover=\u00a0\u00bb2px\u00a0\u00bb button_border_color=\u00a0\u00bb#d0fc81&Prime; button_border_color__hover=\u00a0\u00bb#d0fc81&Prime; button_border_radius=\u00a0\u00bb4px\u00a0\u00bb button_letter_spacing=\u00a0\u00bb0.75px\u00a0\u00bb button_font=\u00a0\u00bbPoppins|700|||||||\u00a0\u00bb custom_margin_tablet=\u00a0\u00bb24px||||false|true\u00a0\u00bb custom_margin_phone=\u00a0\u00bb24px||||false|true\u00a0\u00bb custom_margin_last_edited=\u00a0\u00bbon|tablet\u00a0\u00bb hover_enabled=\u00a0\u00bb0&Prime; sticky_enabled=\u00a0\u00bb0&Prime; button_border_radius__hover=\u00a0\u00bb4px\u00a0\u00bb]&nbsp;<br \/>\n[\/et_pb_button][\/et_pb_column][\/et_pb_row][\/et_pb_section][et_pb_section fb_built=\u00a0\u00bb1&Prime; custom_padding_last_edited=\u00a0\u00bbon|phone\u00a0\u00bb module_id=\u00a0\u00bbpricing-faq\u00a0\u00bb _builder_version=\u00a0\u00bb4.19.4&Prime; _module_preset=\u00a0\u00bbdefault\u00a0\u00bb background_color=\u00a0\u00bb#131313&Prime; background_image=\u00a0\u00bbhttps:\/\/sagemaster.com\/wp-content\/uploads\/2023\/01\/Frame-32-1.png\u00a0\u00bb custom_padding=\u00a0\u00bb60px||200px||false|false\u00a0\u00bb custom_padding_tablet=\u00a0\u00bb60px||200px||false|false\u00a0\u00bb custom_padding_phone=\u00a0\u00bb40px||100px||false|false\u00a0\u00bb global_colors_info=\u00a0\u00bb{}\u00a0\u00bb][et_pb_row custom_padding_last_edited=\u00a0\u00bbon|phone\u00a0\u00bb _builder_version=\u00a0\u00bb4.19.4&Prime; _module_preset=\u00a0\u00bbdefault\u00a0\u00bb custom_margin_tablet=\u00a0\u00bb\u00a0\u00bb custom_margin_phone=\u00a0\u00bb0px||0px||true|false\u00a0\u00bb custom_margin_last_edited=\u00a0\u00bbon|phone\u00a0\u00bb custom_padding_tablet=\u00a0\u00bb0px||0px||true|false\u00a0\u00bb custom_padding_phone=\u00a0\u00bb0px||0px||true|false\u00a0\u00bb global_colors_info=\u00a0\u00bb{}\u00a0\u00bb][et_pb_column type=\u00a0\u00bb4_4&Prime; _builder_version=\u00a0\u00bb4.19.4&Prime; _module_preset=\u00a0\u00bbdefault\u00a0\u00bb global_colors_info=\u00a0\u00bb{}\u00a0\u00bb][et_pb_text _builder_version=\u00a0\u00bb4.19.4&Prime; _module_preset=\u00a0\u00bbdefault\u00a0\u00bb header_2_font=\u00a0\u00bb|700|||||||\u00a0\u00bb header_2_text_align=\u00a0\u00bbcenter\u00a0\u00bb header_2_font_size=\u00a0\u00bb40px\u00a0\u00bb header_2_letter_spacing=\u00a0\u00bb1px\u00a0\u00bb header_2_line_height=\u00a0\u00bb48px\u00a0\u00bb custom_margin=\u00a0\u00bb||50px||false|false\u00a0\u00bb custom_margin_tablet=\u00a0\u00bb||50px||false|false\u00a0\u00bb custom_margin_phone=\u00a0\u00bb||24px||false|false\u00a0\u00bb custom_margin_last_edited=\u00a0\u00bbon|phone\u00a0\u00bb header_2_font_size_tablet=\u00a0\u00bb40px\u00a0\u00bb header_2_font_size_phone=\u00a0\u00bb32px\u00a0\u00bb header_2_font_size_last_edited=\u00a0\u00bbon|phone\u00a0\u00bb global_colors_info=\u00a0\u00bb{}\u00a0\u00bb]<\/p>\n<h2>FAQ<\/h2>\n<p>[\/et_pb_text][\/et_pb_column][\/et_pb_row][et_pb_row custom_padding_last_edited=\u00a0\u00bbon|phone\u00a0\u00bb _builder_version=\u00a0\u00bb4.19.4&Prime; _module_preset=\u00a0\u00bbdefault\u00a0\u00bb custom_margin_tablet=\u00a0\u00bb\u00a0\u00bb custom_margin_phone=\u00a0\u00bb0px||0px||true|false\u00a0\u00bb custom_margin_last_edited=\u00a0\u00bbon|phone\u00a0\u00bb custom_padding_tablet=\u00a0\u00bb\u00a0\u00bb custom_padding_phone=\u00a0\u00bb0px||0px||true|false\u00a0\u00bb global_colors_info=\u00a0\u00bb{}\u00a0\u00bb][et_pb_column type=\u00a0\u00bb4_4&Prime; _builder_version=\u00a0\u00bb4.19.4&Prime; _module_preset=\u00a0\u00bbdefault\u00a0\u00bb global_colors_info=\u00a0\u00bb{}\u00a0\u00bb][et_pb_toggle title=\u00a0\u00bbQue comprend l&rsquo;abonnement annuel \u00e0 SAGEMASTER ?\u00a0\u00bb open_toggle_text_color=\u00a0\u00bb#FFFFFF\u00a0\u00bb icon_color=\u00a0\u00bb#E02B20&Prime; _builder_version=\u00a0\u00bb4.19.4&Prime; _module_preset=\u00a0\u00bbdefault\u00a0\u00bb title_text_color=\u00a0\u00bb#FFFFFF\u00a0\u00bb title_font=\u00a0\u00bb|700|||||||\u00a0\u00bb title_font_size=\u00a0\u00bb18px\u00a0\u00bb title_letter_spacing=\u00a0\u00bb1px\u00a0\u00bb title_line_height=\u00a0\u00bb24px\u00a0\u00bb background_color=\u00a0\u00bbRGBA(255,255,255,0)\u00a0\u00bb custom_margin=\u00a0\u00bb||8px||false|false\u00a0\u00bb custom_padding=\u00a0\u00bb34px||34px||true|false\u00a0\u00bb border_radii=\u00a0\u00bbon|8px|8px|8px|8px\u00a0\u00bb global_colors_info=\u00a0\u00bb{}\u00a0\u00bb background__hover_enabled=\u00a0\u00bbon|hover\u00a0\u00bb background_color__hover=\u00a0\u00bb\u00a0\u00bb background_enable_color__hover=\u00a0\u00bboff\u00a0\u00bb title_text_color__hover_enabled=\u00a0\u00bbon|hover\u00a0\u00bb title_text_color__hover=\u00a0\u00bb#202020&Prime; closed_toggle_background_color__hover_enabled=\u00a0\u00bboff|hover\u00a0\u00bb closed_toggle_background_color__hover=\u00a0\u00bb#E09900&Prime;]<\/p>\n<p>L&rsquo;abonnement annuel \u00e0 SAGEMASTER comprend un acc\u00e8s illimit\u00e9 \u00e0 notre plateforme de trading prim\u00e9e, un acc\u00e8s \u00e0 des donn\u00e9es de march\u00e9 de haute qualit\u00e9, des analyses de trading en temps r\u00e9el et des outils graphiques avanc\u00e9s. En outre, vous aurez acc\u00e8s \u00e0 notre \u00e9quipe d&rsquo;assistance pour toute question ou aide dont vous pourriez avoir besoin.<\/p>\n<p>[\/et_pb_toggle][et_pb_toggle title=\u00a0\u00bbQuel est le co\u00fbt de l&rsquo;abonnement annuel \u00e0 SAGEMASTER ?\u00a0\u00bb closed_toggle_text_color=\u00a0\u00bb#FFFFFF\u00a0\u00bb _builder_version=\u00a0\u00bb4.19.4&Prime; _module_preset=\u00a0\u00bbdefault\u00a0\u00bb title_font=\u00a0\u00bb|700|||||||\u00a0\u00bb title_font_size=\u00a0\u00bb18px\u00a0\u00bb title_letter_spacing=\u00a0\u00bb1px\u00a0\u00bb title_line_height=\u00a0\u00bb24px\u00a0\u00bb background_color=\u00a0\u00bbRGBA(255,255,255,0)\u00a0\u00bb custom_margin=\u00a0\u00bb||8px||false|false\u00a0\u00bb custom_padding=\u00a0\u00bb34px||34px||true|false\u00a0\u00bb border_radii=\u00a0\u00bbon|8px|8px|8px|8px\u00a0\u00bb global_colors_info=\u00a0\u00bb{}\u00a0\u00bb background__hover_enabled=\u00a0\u00bboff|desktop\u00a0\u00bb background_enable_color__hover=\u00a0\u00bboff\u00a0\u00bb title_text_color__hover_enabled=\u00a0\u00bboff|desktop\u00a0\u00bb title_text_color__hover=\u00a0\u00bb#202020&Prime;]<\/p>\n<p>Le plan de base est de 299 $ par an, le plan avanc\u00e9 est de 999 $ par an et le plan pro est de 1500 $ par an.<br \/>Consultez notre page d&rsquo;abonnement <a href=\"https:\/\/sagemaster.com\/en\/subscriptions\/\">: https:\/\/sagemaster.com\/en\/subscriptions\/<\/a><\/p>\n<p>[\/et_pb_toggle][et_pb_toggle title=\u00a0\u00bbQue se passe-t-il lorsque mon essai gratuit expire ?\u00a0\u00bb open_toggle_text_color=\u00a0\u00bb#FFFFFF\u00a0\u00bb icon_color=\u00a0\u00bb#E02B20&Prime; module_class=\u00a0\u00bbtoggle-box\u00a0\u00bb _builder_version=\u00a0\u00bb4.19.4&Prime; _module_preset=\u00a0\u00bbdefault\u00a0\u00bb title_text_color=\u00a0\u00bb#FFFFFF\u00a0\u00bb title_font=\u00a0\u00bb|700|||||||\u00a0\u00bb title_font_size=\u00a0\u00bb18px\u00a0\u00bb title_letter_spacing=\u00a0\u00bb1px\u00a0\u00bb title_line_height=\u00a0\u00bb24px\u00a0\u00bb background_color=\u00a0\u00bbRGBA(255,255,255,0)\u00a0\u00bb custom_margin=\u00a0\u00bb||8px||false|false\u00a0\u00bb custom_padding=\u00a0\u00bb34px||34px||true|false\u00a0\u00bb global_colors_info=\u00a0\u00bb{}\u00a0\u00bb background__hover_enabled=\u00a0\u00bbon|hover\u00a0\u00bb background_color__hover=\u00a0\u00bb\u00a0\u00bb background_enable_color__hover=\u00a0\u00bboff\u00a0\u00bb title_text_color__hover_enabled=\u00a0\u00bbon|hover\u00a0\u00bb title_text_color__hover=\u00a0\u00bb#202020&Prime;]\u00c0 l&rsquo;expiration de l&rsquo;essai gratuit, l&rsquo;utilisateur peut choisir un plan payant pour continuer \u00e0 utiliser toutes les fonctionnalit\u00e9s de la plateforme en mode Live. S&rsquo;ils choisissent de rester sur le plan gratuit, ils perdront certaines fonctionnalit\u00e9s.[\/et_pb_toggle][et_pb_toggle title=\u00a0\u00bbSageMaster pr\u00e9l\u00e8ve-t-il des frais sur les transactions ?\u00a0\u00bb open_toggle_text_color=\u00a0\u00bb#FFFFFF\u00a0\u00bb icon_color=\u00a0\u00bb#E02B20&Prime; module_class=\u00a0\u00bbtoggle-box\u00a0\u00bb _builder_version=\u00a0\u00bb4.19.4&Prime; _module_preset=\u00a0\u00bbdefault\u00a0\u00bb title_text_color=\u00a0\u00bb#FFFFFF\u00a0\u00bb title_font=\u00a0\u00bb|700|||||||\u00a0\u00bb title_font_size=\u00a0\u00bb18px\u00a0\u00bb title_letter_spacing=\u00a0\u00bb1px\u00a0\u00bb title_line_height=\u00a0\u00bb24px\u00a0\u00bb background_color=\u00a0\u00bbRGBA(255,255,255,0)\u00a0\u00bb custom_margin=\u00a0\u00bb||8px||false|false\u00a0\u00bb custom_padding=\u00a0\u00bb34px||34px||true|false\u00a0\u00bb global_colors_info=\u00a0\u00bb{}\u00a0\u00bb background__hover_enabled=\u00a0\u00bbon|desktop\u00a0\u00bb background_color__hover=\u00a0\u00bb\u00a0\u00bb background_enable_color__hover=\u00a0\u00bboff\u00a0\u00bb title_text_color__hover_enabled=\u00a0\u00bbon|hover\u00a0\u00bb title_text_color__hover=\u00a0\u00bb#202020&Prime;]Il n&rsquo;y a pas de frais pour les transactions, mais seulement un abonnement mensuel pour l&rsquo;acc\u00e8s aux outils de la plateforme permettant de n\u00e9gocier et de g\u00e9rer efficacement les crypto-monnaies.[\/et_pb_toggle][et_pb_toggle title=\u00a0\u00bb  Puis-je passer \u00e0 un plan sup\u00e9rieur ou inf\u00e9rieur ?\u00a0\u00bb open_toggle_text_color=\u00a0\u00bb#FFFFFF\u00a0\u00bb icon_color=\u00a0\u00bb#E02B20&Prime; module_class=\u00a0\u00bbtoggle-box\u00a0\u00bb _builder_version=\u00a0\u00bb4.19.4&Prime; _module_preset=\u00a0\u00bbdefault\u00a0\u00bb title_text_color=\u00a0\u00bb#FFFFFF\u00a0\u00bb title_font=\u00a0\u00bb|700|||||||\u00a0\u00bb title_font_size=\u00a0\u00bb18px\u00a0\u00bb title_letter_spacing=\u00a0\u00bb1px\u00a0\u00bb title_line_height=\u00a0\u00bb24px\u00a0\u00bb background_color=\u00a0\u00bbRGBA(255,255,255,0)\u00a0\u00bb custom_margin=\u00a0\u00bb||8px||false|false\u00a0\u00bb custom_padding=\u00a0\u00bb34px||34px||true|false\u00a0\u00bb global_colors_info=\u00a0\u00bb{}\u00a0\u00bb background__hover_enabled=\u00a0\u00bboff|hover\u00a0\u00bb background_enable_color__hover=\u00a0\u00bboff\u00a0\u00bb title_text_color__hover_enabled=\u00a0\u00bbon|hover\u00a0\u00bb title_text_color__hover=\u00a0\u00bb#202020&Prime;]Les utilisateurs peuvent \u00e0 tout moment augmenter ou diminuer leur abonnement afin d&rsquo;adapter le niveau de fonctionnalit\u00e9 auquel ils ont acc\u00e8s.[\/et_pb_toggle][et_pb_toggle title=\u00a0\u00bbQuels sont les modes de paiement accept\u00e9s ?\u00a0\u00bb open_toggle_text_color=\u00a0\u00bb#FFFFFF\u00a0\u00bb icon_color=\u00a0\u00bb#E02B20&Prime; module_class=\u00a0\u00bbtoggle-box\u00a0\u00bb _builder_version=\u00a0\u00bb4.19.4&Prime; _module_preset=\u00a0\u00bbdefault\u00a0\u00bb title_text_color=\u00a0\u00bb#FFFFFF\u00a0\u00bb title_font=\u00a0\u00bb|700|||||||\u00a0\u00bb title_font_size=\u00a0\u00bb18px\u00a0\u00bb title_letter_spacing=\u00a0\u00bb1px\u00a0\u00bb title_line_height=\u00a0\u00bb24px\u00a0\u00bb background_color=\u00a0\u00bbRGBA(255,255,255,0)\u00a0\u00bb custom_margin=\u00a0\u00bb||8px||false|false\u00a0\u00bb custom_padding=\u00a0\u00bb34px||34px||true|false\u00a0\u00bb global_colors_info=\u00a0\u00bb{}\u00a0\u00bb background__hover_enabled=\u00a0\u00bboff|hover\u00a0\u00bb background_enable_color__hover=\u00a0\u00bboff\u00a0\u00bb title_text_color__hover_enabled=\u00a0\u00bbon|hover\u00a0\u00bb title_text_color__hover=\u00a0\u00bb#202020&Prime;]Pour les paiements mensuels\/annuels, la plateforme accepte les cartes Visa, Mastercard et PayPal. Pour les pr\u00e9paiements, les crypto-monnaies sont \u00e9galement accept\u00e9es (BTC, ETH, BNB, LTC, XRP, et plus encore). Les informations soumises sont crypt\u00e9es pour des raisons de s\u00e9curit\u00e9.[\/et_pb_toggle][et_pb_toggle title=\u00a0\u00bbPuis-je r\u00e9silier mon abonnement annuel \u00e0 SAGEMASTER \u00e0 tout moment ?\u00a0\u00bb open_toggle_text_color=\u00a0\u00bb#FFFFFF\u00a0\u00bb icon_color=\u00a0\u00bb#E02B20&Prime; module_class=\u00a0\u00bbtoggle-box\u00a0\u00bb _builder_version=\u00a0\u00bb4.19.4&Prime; _module_preset=\u00a0\u00bbdefault\u00a0\u00bb title_text_color=\u00a0\u00bb#FFFFFF\u00a0\u00bb title_font=\u00a0\u00bb|700|||||||\u00a0\u00bb title_font_size=\u00a0\u00bb18px\u00a0\u00bb title_letter_spacing=\u00a0\u00bb1px\u00a0\u00bb title_line_height=\u00a0\u00bb24px\u00a0\u00bb background_color=\u00a0\u00bbRGBA(255,255,255,0)\u00a0\u00bb custom_margin=\u00a0\u00bb||8px||false|false\u00a0\u00bb custom_padding=\u00a0\u00bb34px||34px||true|false\u00a0\u00bb global_colors_info=\u00a0\u00bb{}\u00a0\u00bb background__hover_enabled=\u00a0\u00bboff|hover\u00a0\u00bb background_enable_color__hover=\u00a0\u00bboff\u00a0\u00bb title_text_color__hover_enabled=\u00a0\u00bbon|hover\u00a0\u00bb title_text_color__hover=\u00a0\u00bb#202020&Prime;]Oui, vous pouvez annuler votre abonnement annuel \u00e0 SAGEMASTER \u00e0 tout moment. Il n&rsquo;y a pas de frais d&rsquo;annulation ni de p\u00e9nalit\u00e9s.[\/et_pb_toggle][et_pb_toggle title=\u00a0\u00bbComment puis-je obtenir un remboursement ?\u00a0\u00bb open_toggle_text_color=\u00a0\u00bb#FFFFFF\u00a0\u00bb icon_color=\u00a0\u00bb#E02B20&Prime; module_class=\u00a0\u00bbtoggle-box\u00a0\u00bb _builder_version=\u00a0\u00bb4.19.4&Prime; _module_preset=\u00a0\u00bbdefault\u00a0\u00bb title_text_color=\u00a0\u00bb#FFFFFF\u00a0\u00bb title_font=\u00a0\u00bb|700|||||||\u00a0\u00bb title_font_size=\u00a0\u00bb18px\u00a0\u00bb title_letter_spacing=\u00a0\u00bb1px\u00a0\u00bb title_line_height=\u00a0\u00bb24px\u00a0\u00bb background_color=\u00a0\u00bbRGBA(255,255,255,0)\u00a0\u00bb custom_margin=\u00a0\u00bb||8px||false|false\u00a0\u00bb custom_padding=\u00a0\u00bb34px||34px||true|false\u00a0\u00bb global_colors_info=\u00a0\u00bb{}\u00a0\u00bb background__hover_enabled=\u00a0\u00bboff|hover\u00a0\u00bb background_enable_color__hover=\u00a0\u00bboff\u00a0\u00bb title_text_color__hover_enabled=\u00a0\u00bbon|hover\u00a0\u00bb title_text_color__hover=\u00a0\u00bb#202020&Prime;]Les abonnements peuvent \u00eatre r\u00e9sili\u00e9s \u00e0 tout moment, mais il n&rsquo;y a pas de remboursement en cas d&rsquo;utilisation partielle ou de temps non utilis\u00e9.[\/et_pb_toggle][et_pb_toggle title=\u00a0\u00bbPuis-je obtenir de l&rsquo;aide aupr\u00e8s du service client\u00e8le ?\u00a0\u00bb open_toggle_text_color=\u00a0\u00bb#FFFFFF\u00a0\u00bb icon_color=\u00a0\u00bb#E02B20&Prime; module_class=\u00a0\u00bbtoggle-box\u00a0\u00bb _builder_version=\u00a0\u00bb4.19.4&Prime; _module_preset=\u00a0\u00bbdefault\u00a0\u00bb title_text_color=\u00a0\u00bb#FFFFFF\u00a0\u00bb title_font=\u00a0\u00bb|700|||||||\u00a0\u00bb title_font_size=\u00a0\u00bb18px\u00a0\u00bb title_letter_spacing=\u00a0\u00bb1px\u00a0\u00bb title_line_height=\u00a0\u00bb24px\u00a0\u00bb background_color=\u00a0\u00bbRGBA(255,255,255,0)\u00a0\u00bb custom_margin=\u00a0\u00bb||8px||false|false\u00a0\u00bb custom_padding=\u00a0\u00bb34px||34px||true|false\u00a0\u00bb global_colors_info=\u00a0\u00bb{}\u00a0\u00bb background__hover_enabled=\u00a0\u00bboff|hover\u00a0\u00bb background_enable_color__hover=\u00a0\u00bboff\u00a0\u00bb title_text_color__hover_enabled=\u00a0\u00bbon|hover\u00a0\u00bb title_text_color__hover=\u00a0\u00bb#202020&Prime;]Oui, nous offrons un service d&rsquo;assistance \u00e0 la client\u00e8le par le biais de notre fonction de chat. Vous pouvez acc\u00e9der \u00e0 la fonction de chat \u00e0 partir de la page d&rsquo;assistance.[\/et_pb_toggle][\/et_pb_column][\/et_pb_row][\/et_pb_section]<\/p>\n","protected":false},"excerpt":{"rendered":"<p>Plans et tarifs&nbsp; FAQL&rsquo;abonnement annuel \u00e0 SAGEMASTER comprend un acc\u00e8s illimit\u00e9 \u00e0 notre plateforme de trading prim\u00e9e, un acc\u00e8s \u00e0 des donn\u00e9es de march\u00e9 de haute qualit\u00e9, des analyses de trading en temps r\u00e9el et des outils graphiques avanc\u00e9s. En outre, vous aurez acc\u00e8s \u00e0 notre \u00e9quipe d&rsquo;assistance pour toute question ou aide dont vous [&hellip;]<\/p>\n","protected":false},"author":1,"featured_media":57221,"parent":0,"menu_order":0,"comment_status":"closed","ping_status":"closed","template":"","meta":{"_acf_changed":false,"_et_pb_use_builder":"on","_et_pb_old_content":"","_et_gb_content_width":"","om_disable_all_campaigns":false,"inline_featured_image":false,"_monsterinsights_skip_tracking":false,"_monsterinsights_sitenote_active":false,"_monsterinsights_sitenote_note":"","_monsterinsights_sitenote_category":0,"_uf_show_specific_survey":0,"_uf_disable_surveys":false,"footnotes":""},"class_list":["post-57568","page","type-page","status-publish","has-post-thumbnail","hentry"],"acf":[],"aioseo_notices":[],"_links":{"self":[{"href":"https:\/\/sagemaster.com\/fr\/wp-json\/wp\/v2\/pages\/57568","targetHints":{"allow":["GET"]}}],"collection":[{"href":"https:\/\/sagemaster.com\/fr\/wp-json\/wp\/v2\/pages"}],"about":[{"href":"https:\/\/sagemaster.com\/fr\/wp-json\/wp\/v2\/types\/page"}],"author":[{"embeddable":true,"href":"https:\/\/sagemaster.com\/fr\/wp-json\/wp\/v2\/users\/1"}],"replies":[{"embeddable":true,"href":"https:\/\/sagemaster.com\/fr\/wp-json\/wp\/v2\/comments?post=57568"}],"version-history":[{"count":11,"href":"https:\/\/sagemaster.com\/fr\/wp-json\/wp\/v2\/pages\/57568\/revisions"}],"predecessor-version":[{"id":66225,"href":"https:\/\/sagemaster.com\/fr\/wp-json\/wp\/v2\/pages\/57568\/revisions\/66225"}],"wp:featuredmedia":[{"embeddable":true,"href":"https:\/\/sagemaster.com\/fr\/wp-json\/wp\/v2\/media\/57221"}],"wp:attachment":[{"href":"https:\/\/sagemaster.com\/fr\/wp-json\/wp\/v2\/media?parent=57568"}],"curies":[{"name":"wp","href":"https:\/\/api.w.org\/{rel}","templated":true}]}}