{"id":57586,"date":"2023-02-06T16:40:08","date_gmt":"2023-02-06T16:40:08","guid":{"rendered":"https:\/\/sagemaster.com\/piani-tariffari\/"},"modified":"2026-01-24T13:09:27","modified_gmt":"2026-01-24T13:09:27","slug":"piani-tariffari","status":"publish","type":"page","link":"https:\/\/sagemaster.com\/it\/piani-tariffari\/","title":{"rendered":"Piani tariffari"},"content":{"rendered":"<p>[et_pb_section fb_built=&#8221;1&#8243; disabled_on=&#8221;off|off|off&#8221; admin_label=&#8221;Pricing with Monthly-Yearly Switch (Divicio.us)&#8221; module_id=&#8221;hero-home&#8221; module_class=&#8221;pricinig-part&#8221; _builder_version=&#8221;4.19.4&#8243; background_color=&#8221;#131313&#8243; background_image=&#8221;https:\/\/sagemaster.com\/wp-content\/uploads\/2023\/01\/01-Neon-35.png&#8221; background_size=&#8221;initial&#8221; custom_padding=&#8221;200px|0||0px|false|false&#8221; collapsed=&#8221;off&#8221; global_colors_info=&#8221;{}&#8221;][et_pb_row _builder_version=&#8221;4.19.4&#8243; _module_preset=&#8221;default&#8221; custom_margin=&#8221;0px||20px||false|false&#8221; custom_margin_tablet=&#8221;0px||20px||false|false&#8221; custom_margin_phone=&#8221;0px||50px||false|false&#8221; custom_margin_last_edited=&#8221;on|phone&#8221; custom_padding=&#8221;0px||0px||true|false&#8221; global_colors_info=&#8221;{}&#8221; width__hover_enabled=&#8221;on|desktop&#8221;][et_pb_column type=&#8221;4_4&#8243; _builder_version=&#8221;4.19.4&#8243; _module_preset=&#8221;default&#8221; custom_padding=&#8221;||||false|false&#8221; global_colors_info=&#8221;{}&#8221;][et_pb_text _builder_version=&#8221;4.19.4&#8243; _module_preset=&#8221;default&#8221; text_font=&#8221;||||||||&#8221; text_font_size=&#8221;15px&#8221; text_line_height=&#8221;24px&#8221; header_font=&#8221;|700|||||||&#8221; header_text_align=&#8221;center&#8221; header_font_size=&#8221;70px&#8221; header_letter_spacing=&#8221;1px&#8221; header_line_height=&#8221;84px&#8221; custom_margin=&#8221;||24px||false|false&#8221; custom_padding=&#8221;0px||0px||true|false&#8221; header_font_size_tablet=&#8221;32px&#8221; header_font_size_phone=&#8221;32px&#8221; header_font_size_last_edited=&#8221;on|phone&#8221; header_line_height_tablet=&#8221;84px&#8221; header_line_height_phone=&#8221;44px&#8221; header_line_height_last_edited=&#8221;on|phone&#8221; header_2_font_size_tablet=&#8221;&#8221; header_2_font_size_phone=&#8221;&#8221; header_2_font_size_last_edited=&#8221;on|tablet&#8221; global_colors_info=&#8221;{}&#8221;]<\/p>\n<h1>Piani e prezzi<\/h1>\n<p>[\/et_pb_text][et_pb_button button_text=&#8221;Iscriviti GRATIS!&#8221; button_alignment=&#8221;center&#8221; button_alignment_tablet=&#8221;center&#8221; button_alignment_phone=&#8221;center&#8221; button_alignment_last_edited=&#8221;on|phone&#8221; _builder_version=&#8221;4.19.4&#8243; _module_preset=&#8221;default&#8221; custom_button=&#8221;on&#8221; button_text_size=&#8221;18px&#8221; button_text_color=&#8221;#303030&#8243; button_bg_use_color_gradient=&#8221;on&#8221; button_bg_color_gradient_direction=&#8221;90deg&#8221; button_bg_color_gradient_stops=&#8221;#aaf7c1 0%|#d0fc81 100%&#8221; button_border_width=&#8221;2px&#8221; button_border_color=&#8221;#d0fc81&#8243; button_border_radius=&#8221;4px&#8221; button_letter_spacing=&#8221;0.75px&#8221; button_font=&#8221;Poppins|700|||||||&#8221; button_use_icon=&#8221;off&#8221; custom_margin=&#8221;0px|0px|0px|0px|false|true&#8221; custom_margin_tablet=&#8221;24px||||false|true&#8221; custom_margin_phone=&#8221;24px||||false|true&#8221; custom_margin_last_edited=&#8221;on|tablet&#8221; custom_padding=&#8221;12px|32px|12px|32px|true|true&#8221; global_colors_info=&#8221;{}&#8221; button_bg_color__hover_enabled=&#8221;on|hover&#8221; button_bg_color__hover=&#8221;RGBA(255,255,255,0)&#8221; button_bg_enable_color__hover=&#8221;on&#8221; button_text_color__hover_enabled=&#8221;on|hover&#8221; button_text_color__hover=&#8221;#FFFFFF&#8221; button_border_width__hover_enabled=&#8221;on|hover&#8221; button_border_color__hover_enabled=&#8221;on|hover&#8221; button_border_color__hover=&#8221;#d0fc81&#8243; button_border_width__hover=&#8221;2px&#8221; custom_css_main_element_last_edited=&#8221;on|tablet&#8221; custom_css_main_element_phone=&#8221;width: 100%;&#8221; button_bg_use_color_gradient__hover=&#8221;off&#8221; custom_css_main_element_tablet=&#8221;width: auto;||&#8221;][\/et_pb_button][\/et_pb_column][\/et_pb_row][et_pb_row _builder_version=&#8221;4.19.4&#8243; _module_preset=&#8221;default&#8221; custom_margin=&#8221;||||false|false&#8221; global_colors_info=&#8221;{}&#8221;][et_pb_column type=&#8221;4_4&#8243; _builder_version=&#8221;4.19.4&#8243; _module_preset=&#8221;default&#8221; global_colors_info=&#8221;{}&#8221;][et_pb_button button_url=&#8221;#&#8221; button_text=&#8221;Contattaci per piani aziendali\/personalizzati&#8221; button_alignment=&#8221;center&#8221; admin_label=&#8221;Button &#8211; Pricing 2&#8243; module_class=&#8221;dvcs_switch_btn_1 dvcs_active&#8221; _builder_version=&#8221;4.19.4&#8243; custom_button=&#8221;on&#8221; button_border_width=&#8221;2px&#8221; button_use_icon=&#8221;off&#8221; vertical_offset=&#8221;23px&#8221; horizontal_offset=&#8221;3px&#8221; z_index=&#8221;0&#8243; horizontal_offset_tablet=&#8221;3px&#8221; horizontal_offset_phone=&#8221;-71px&#8221; horizontal_offset_last_edited=&#8221;on|desktop&#8221; custom_margin=&#8221;0px|0px|0px|0px|false|true&#8221; custom_padding=&#8221;12px|32px|12px|32px|true|true&#8221; hover_transition_duration=&#8221;400ms&#8221; custom_css_before=&#8221;dvcs_switch_btn_1 dvcs_active&#8221; button_border_radius_hover=&#8221;100px&#8221; button_bg_color_hover=&#8221;#ffffff&#8221; locked=&#8221;off&#8221; global_colors_info=&#8221;{}&#8221; button_text_size__hover_enabled=&#8221;off&#8221; button_one_text_size__hover_enabled=&#8221;off&#8221; button_two_text_size__hover_enabled=&#8221;off&#8221; button_text_color__hover_enabled=&#8221;on|hover&#8221; button_one_text_color__hover_enabled=&#8221;off&#8221; button_two_text_color__hover_enabled=&#8221;off&#8221; button_border_width__hover_enabled=&#8221;on|hover&#8221; button_one_border_width__hover_enabled=&#8221;off&#8221; button_two_border_width__hover_enabled=&#8221;off&#8221; button_border_color__hover_enabled=&#8221;on|hover&#8221; button_one_border_color__hover_enabled=&#8221;off&#8221; button_two_border_color__hover_enabled=&#8221;off&#8221; button_border_radius__hover_enabled=&#8221;on|hover&#8221; button_one_border_radius__hover_enabled=&#8221;off&#8221; button_two_border_radius__hover_enabled=&#8221;off&#8221; button_letter_spacing__hover_enabled=&#8221;off&#8221; button_one_letter_spacing__hover_enabled=&#8221;off&#8221; button_two_letter_spacing__hover_enabled=&#8221;off&#8221; button_bg_color__hover_enabled=&#8221;on|hover&#8221; button_bg_color__hover=&#8221;RGBA(255,255,255,0)&#8221; button_one_bg_color__hover_enabled=&#8221;off&#8221; button_two_bg_color__hover_enabled=&#8221;off&#8221; button_alignment_tablet=&#8221;center&#8221; button_alignment_phone=&#8221;center&#8221; button_alignment_last_edited=&#8221;on|phone&#8221; button_text_size=&#8221;18px&#8221; button_text_color=&#8221;#303030&#8243; button_text_color__hover=&#8221;#FFFFFF&#8221; button_bg_use_color_gradient=&#8221;on&#8221; button_bg_color_gradient_direction=&#8221;90deg&#8221; button_bg_color_gradient_stops=&#8221;#aaf7c1 0%|#d0fc81 100%&#8221; button_border_width__hover=&#8221;2px&#8221; button_border_color=&#8221;#d0fc81&#8243; button_border_color__hover=&#8221;#d0fc81&#8243; button_border_radius=&#8221;4px&#8221; button_letter_spacing=&#8221;0.75px&#8221; button_font=&#8221;Poppins|700|||||||&#8221; custom_margin_tablet=&#8221;24px||||false|true&#8221; custom_margin_phone=&#8221;24px||||false|true&#8221; custom_margin_last_edited=&#8221;on|tablet&#8221; hover_enabled=&#8221;0&#8243; sticky_enabled=&#8221;0&#8243; button_border_radius__hover=&#8221;4px&#8221;]&nbsp;<br \/>\n[\/et_pb_button][\/et_pb_column][\/et_pb_row][et_pb_row custom_padding_last_edited=&#8221;on|phone&#8221; _builder_version=&#8221;4.19.4&#8243; _module_preset=&#8221;default&#8221; custom_margin_tablet=&#8221;&#8221; custom_margin_phone=&#8221;0px||0px||true|false&#8221; custom_margin_last_edited=&#8221;on|phone&#8221; custom_padding_tablet=&#8221;&#8221; custom_padding_phone=&#8221;0px||0px||true|false&#8221; global_colors_info=&#8221;{}&#8221;][et_pb_column type=&#8221;4_4&#8243; _builder_version=&#8221;4.19.4&#8243; _module_preset=&#8221;default&#8221; global_colors_info=&#8221;{}&#8221;][\/et_pb_column][\/et_pb_row][\/et_pb_section][et_pb_section fb_built=&#8221;1&#8243; custom_padding_last_edited=&#8221;on|phone&#8221; module_id=&#8221;pricing-faq&#8221; _builder_version=&#8221;4.19.4&#8243; _module_preset=&#8221;default&#8221; background_color=&#8221;#131313&#8243; background_image=&#8221;https:\/\/sagemaster.com\/wp-content\/uploads\/2023\/01\/Frame-32-1.png&#8221; custom_padding=&#8221;60px||200px||false|false&#8221; custom_padding_tablet=&#8221;60px||200px||false|false&#8221; custom_padding_phone=&#8221;40px||100px||false|false&#8221; global_colors_info=&#8221;{}&#8221;][et_pb_row custom_padding_last_edited=&#8221;on|phone&#8221; _builder_version=&#8221;4.19.4&#8243; _module_preset=&#8221;default&#8221; custom_margin_tablet=&#8221;&#8221; custom_margin_phone=&#8221;0px||0px||true|false&#8221; custom_margin_last_edited=&#8221;on|phone&#8221; custom_padding_tablet=&#8221;0px||0px||true|false&#8221; custom_padding_phone=&#8221;0px||0px||true|false&#8221; global_colors_info=&#8221;{}&#8221;][et_pb_column type=&#8221;4_4&#8243; _builder_version=&#8221;4.19.4&#8243; _module_preset=&#8221;default&#8221; global_colors_info=&#8221;{}&#8221;][et_pb_text _builder_version=&#8221;4.19.4&#8243; _module_preset=&#8221;default&#8221; header_2_font=&#8221;|700|||||||&#8221; header_2_text_align=&#8221;center&#8221; header_2_font_size=&#8221;40px&#8221; header_2_letter_spacing=&#8221;1px&#8221; header_2_line_height=&#8221;48px&#8221; custom_margin=&#8221;||50px||false|false&#8221; custom_margin_tablet=&#8221;||50px||false|false&#8221; custom_margin_phone=&#8221;||24px||false|false&#8221; custom_margin_last_edited=&#8221;on|phone&#8221; header_2_font_size_tablet=&#8221;40px&#8221; header_2_font_size_phone=&#8221;32px&#8221; header_2_font_size_last_edited=&#8221;on|phone&#8221; global_colors_info=&#8221;{}&#8221;]<\/p>\n<h2>FAQ<\/h2>\n<p>[\/et_pb_text][\/et_pb_column][\/et_pb_row][et_pb_row custom_padding_last_edited=&#8221;on|phone&#8221; _builder_version=&#8221;4.19.4&#8243; _module_preset=&#8221;default&#8221; custom_margin_tablet=&#8221;&#8221; custom_margin_phone=&#8221;0px||0px||true|false&#8221; custom_margin_last_edited=&#8221;on|phone&#8221; custom_padding_tablet=&#8221;&#8221; custom_padding_phone=&#8221;0px||0px||true|false&#8221; global_colors_info=&#8221;{}&#8221;][et_pb_column type=&#8221;4_4&#8243; _builder_version=&#8221;4.19.4&#8243; _module_preset=&#8221;default&#8221; global_colors_info=&#8221;{}&#8221;][et_pb_toggle title=&#8221;Cosa \u00e8 incluso nel piano di abbonamento annuale di SAGEMASTER?&#8221; open_toggle_text_color=&#8221;#FFFFFF&#8221; icon_color=&#8221;#E02B20&#8243; _builder_version=&#8221;4.19.4&#8243; _module_preset=&#8221;default&#8221; title_text_color=&#8221;#FFFFFF&#8221; title_font=&#8221;|700|||||||&#8221; title_font_size=&#8221;18px&#8221; title_letter_spacing=&#8221;1px&#8221; title_line_height=&#8221;24px&#8221; background_color=&#8221;RGBA(255,255,255,0)&#8221; custom_margin=&#8221;||8px||false|false&#8221; custom_padding=&#8221;34px||34px||true|false&#8221; border_radii=&#8221;on|8px|8px|8px|8px&#8221; global_colors_info=&#8221;{}&#8221; background__hover_enabled=&#8221;on|hover&#8221; background_color__hover=&#8221;&#8221; background_enable_color__hover=&#8221;off&#8221; title_text_color__hover_enabled=&#8221;on|hover&#8221; title_text_color__hover=&#8221;#202020&#8243; closed_toggle_background_color__hover_enabled=&#8221;off|hover&#8221; closed_toggle_background_color__hover=&#8221;#E09900&#8243;]<\/p>\n<p>Il piano di abbonamento annuale di SAGEMASTER comprende l&#8217;accesso illimitato alla nostra pluripremiata piattaforma di trading, l&#8217;accesso a dati di mercato di alta qualit\u00e0, analisi di trading in tempo reale e strumenti grafici avanzati. Inoltre, avrete accesso al nostro team di assistenza per qualsiasi domanda o aiuto di cui abbiate bisogno.<\/p>\n<p>[\/et_pb_toggle][et_pb_toggle title=&#8221;Quanto costa l&#8217;abbonamento annuale a SAGEMASTER?&#8221; closed_toggle_text_color=&#8221;#FFFFFF&#8221; _builder_version=&#8221;4.19.4&#8243; _module_preset=&#8221;default&#8221; title_font=&#8221;|700|||||||&#8221; title_font_size=&#8221;18px&#8221; title_letter_spacing=&#8221;1px&#8221; title_line_height=&#8221;24px&#8221; background_color=&#8221;RGBA(255,255,255,0)&#8221; custom_margin=&#8221;||8px||false|false&#8221; custom_padding=&#8221;34px||34px||true|false&#8221; border_radii=&#8221;on|8px|8px|8px|8px&#8221; global_colors_info=&#8221;{}&#8221; background__hover_enabled=&#8221;off|desktop&#8221; background_enable_color__hover=&#8221;off&#8221; title_text_color__hover_enabled=&#8221;off|desktop&#8221; title_text_color__hover=&#8221;#202020&#8243;]<\/p>\n<p>Il piano Basic costa 299 dollari all&#8217;anno, il piano Advanced costa 999 dollari all&#8217;anno e il piano Pro costa 1500 dollari all&#8217;anno.<br \/>Consulta la pagina degli abbonamenti: <a href=\"https:\/\/sagemaster.com\/en\/subscriptions\/\">https:\/\/sagemaster.com\/en\/subscriptions\/<\/a><\/p>\n<p>[\/et_pb_toggle][et_pb_toggle title=&#8221;Cosa succede quando la mia prova gratuita scade?&#8221; open_toggle_text_color=&#8221;#FFFFFF&#8221; icon_color=&#8221;#E02B20&#8243; module_class=&#8221;toggle-box&#8221; _builder_version=&#8221;4.19.4&#8243; _module_preset=&#8221;default&#8221; title_text_color=&#8221;#FFFFFF&#8221; title_font=&#8221;|700|||||||&#8221; title_font_size=&#8221;18px&#8221; title_letter_spacing=&#8221;1px&#8221; title_line_height=&#8221;24px&#8221; background_color=&#8221;RGBA(255,255,255,0)&#8221; custom_margin=&#8221;||8px||false|false&#8221; custom_padding=&#8221;34px||34px||true|false&#8221; global_colors_info=&#8221;{}&#8221; background__hover_enabled=&#8221;on|hover&#8221; background_color__hover=&#8221;&#8221; background_enable_color__hover=&#8221;off&#8221; title_text_color__hover_enabled=&#8221;on|hover&#8221; title_text_color__hover=&#8221;#202020&#8243;]Alla scadenza della prova gratuita, l&#8217;utente pu\u00f2 scegliere un piano a pagamento per continuare a utilizzare tutte le funzionalit\u00e0 della piattaforma in modalit\u00e0 Live. Se scelgono di rimanere sul piano Free, perderanno alcune funzioni.[\/et_pb_toggle][et_pb_toggle title=&#8221;SageMaster applica delle commissioni per le transazioni?&#8221; open_toggle_text_color=&#8221;#FFFFFF&#8221; icon_color=&#8221;#E02B20&#8243; module_class=&#8221;toggle-box&#8221; _builder_version=&#8221;4.19.4&#8243; _module_preset=&#8221;default&#8221; title_text_color=&#8221;#FFFFFF&#8221; title_font=&#8221;|700|||||||&#8221; title_font_size=&#8221;18px&#8221; title_letter_spacing=&#8221;1px&#8221; title_line_height=&#8221;24px&#8221; background_color=&#8221;RGBA(255,255,255,0)&#8221; custom_margin=&#8221;||8px||false|false&#8221; custom_padding=&#8221;34px||34px||true|false&#8221; global_colors_info=&#8221;{}&#8221; background__hover_enabled=&#8221;on|desktop&#8221; background_color__hover=&#8221;&#8221; background_enable_color__hover=&#8221;off&#8221; title_text_color__hover_enabled=&#8221;on|hover&#8221; title_text_color__hover=&#8221;#202020&#8243;]Non sono previste commissioni per gli scambi, ma solo una quota di abbonamento mensile per l&#8217;accesso agli strumenti della piattaforma per il trading e la gestione efficiente delle criptovalute.[\/et_pb_toggle][et_pb_toggle title=&#8221;  Posso aggiornare e ridurre i piani?&#8221; open_toggle_text_color=&#8221;#FFFFFF&#8221; icon_color=&#8221;#E02B20&#8243; module_class=&#8221;toggle-box&#8221; _builder_version=&#8221;4.19.4&#8243; _module_preset=&#8221;default&#8221; title_text_color=&#8221;#FFFFFF&#8221; title_font=&#8221;|700|||||||&#8221; title_font_size=&#8221;18px&#8221; title_letter_spacing=&#8221;1px&#8221; title_line_height=&#8221;24px&#8221; background_color=&#8221;RGBA(255,255,255,0)&#8221; custom_margin=&#8221;||8px||false|false&#8221; custom_padding=&#8221;34px||34px||true|false&#8221; global_colors_info=&#8221;{}&#8221; background__hover_enabled=&#8221;off|hover&#8221; background_enable_color__hover=&#8221;off&#8221; title_text_color__hover_enabled=&#8221;on|hover&#8221; title_text_color__hover=&#8221;#202020&#8243;]Gli utenti possono aggiornare o ridurre il loro piano di abbonamento in qualsiasi momento per modificare il livello di funzionalit\u00e0 a cui hanno accesso.[\/et_pb_toggle][et_pb_toggle title=&#8221;Quali metodi di pagamento accettate?&#8221; open_toggle_text_color=&#8221;#FFFFFF&#8221; icon_color=&#8221;#E02B20&#8243; module_class=&#8221;toggle-box&#8221; _builder_version=&#8221;4.19.4&#8243; _module_preset=&#8221;default&#8221; title_text_color=&#8221;#FFFFFF&#8221; title_font=&#8221;|700|||||||&#8221; title_font_size=&#8221;18px&#8221; title_letter_spacing=&#8221;1px&#8221; title_line_height=&#8221;24px&#8221; background_color=&#8221;RGBA(255,255,255,0)&#8221; custom_margin=&#8221;||8px||false|false&#8221; custom_padding=&#8221;34px||34px||true|false&#8221; global_colors_info=&#8221;{}&#8221; background__hover_enabled=&#8221;off|hover&#8221; background_enable_color__hover=&#8221;off&#8221; title_text_color__hover_enabled=&#8221;on|hover&#8221; title_text_color__hover=&#8221;#202020&#8243;]Per i pagamenti mensili\/annuali, la piattaforma accetta Visa, Mastercard e PayPal. Per i pre-pagamenti sono accettate anche le criptovalute (BTC, ETH, BNB, LTC, XRP e altre). Le informazioni inviate sono criptate per sicurezza.[\/et_pb_toggle][et_pb_toggle title=&#8221;Posso annullare il mio piano di abbonamento annuale a SAGEMASTER in qualsiasi momento?&#8221; open_toggle_text_color=&#8221;#FFFFFF&#8221; icon_color=&#8221;#E02B20&#8243; module_class=&#8221;toggle-box&#8221; _builder_version=&#8221;4.19.4&#8243; _module_preset=&#8221;default&#8221; title_text_color=&#8221;#FFFFFF&#8221; title_font=&#8221;|700|||||||&#8221; title_font_size=&#8221;18px&#8221; title_letter_spacing=&#8221;1px&#8221; title_line_height=&#8221;24px&#8221; background_color=&#8221;RGBA(255,255,255,0)&#8221; custom_margin=&#8221;||8px||false|false&#8221; custom_padding=&#8221;34px||34px||true|false&#8221; global_colors_info=&#8221;{}&#8221; background__hover_enabled=&#8221;off|hover&#8221; background_enable_color__hover=&#8221;off&#8221; title_text_color__hover_enabled=&#8221;on|hover&#8221; title_text_color__hover=&#8221;#202020&#8243;]S\u00ec, \u00e8 possibile annullare il piano di abbonamento annuale a SAGEMASTER in qualsiasi momento. Non sono previste spese di cancellazione o penali.[\/et_pb_toggle][et_pb_toggle title=&#8221;Come posso ottenere un rimborso?&#8221; open_toggle_text_color=&#8221;#FFFFFF&#8221; icon_color=&#8221;#E02B20&#8243; module_class=&#8221;toggle-box&#8221; _builder_version=&#8221;4.19.4&#8243; _module_preset=&#8221;default&#8221; title_text_color=&#8221;#FFFFFF&#8221; title_font=&#8221;|700|||||||&#8221; title_font_size=&#8221;18px&#8221; title_letter_spacing=&#8221;1px&#8221; title_line_height=&#8221;24px&#8221; background_color=&#8221;RGBA(255,255,255,0)&#8221; custom_margin=&#8221;||8px||false|false&#8221; custom_padding=&#8221;34px||34px||true|false&#8221; global_colors_info=&#8221;{}&#8221; background__hover_enabled=&#8221;off|hover&#8221; background_enable_color__hover=&#8221;off&#8221; title_text_color__hover_enabled=&#8221;on|hover&#8221; title_text_color__hover=&#8221;#202020&#8243;]Gli abbonamenti possono essere annullati in qualsiasi momento, ma non sono previsti rimborsi per l&#8217;uso parziale o per il tempo non utilizzato.[\/et_pb_toggle][et_pb_toggle title=&#8221;Posso chiedere aiuto all&#8217;assistenza clienti?&#8221; open_toggle_text_color=&#8221;#FFFFFF&#8221; icon_color=&#8221;#E02B20&#8243; module_class=&#8221;toggle-box&#8221; _builder_version=&#8221;4.19.4&#8243; _module_preset=&#8221;default&#8221; title_text_color=&#8221;#FFFFFF&#8221; title_font=&#8221;|700|||||||&#8221; title_font_size=&#8221;18px&#8221; title_letter_spacing=&#8221;1px&#8221; title_line_height=&#8221;24px&#8221; background_color=&#8221;RGBA(255,255,255,0)&#8221; custom_margin=&#8221;||8px||false|false&#8221; custom_padding=&#8221;34px||34px||true|false&#8221; global_colors_info=&#8221;{}&#8221; background__hover_enabled=&#8221;off|hover&#8221; background_enable_color__hover=&#8221;off&#8221; title_text_color__hover_enabled=&#8221;on|hover&#8221; title_text_color__hover=&#8221;#202020&#8243;]S\u00ec, offriamo assistenza ai clienti tramite la nostra funzione di chat. \u00c8 possibile accedere alla funzione di chat dalla pagina di supporto.[\/et_pb_toggle][\/et_pb_column][\/et_pb_row][\/et_pb_section]<\/p>\n","protected":false},"excerpt":{"rendered":"<p>Piani e prezzi&nbsp; FAQIl piano di abbonamento annuale di SAGEMASTER comprende l&#8217;accesso illimitato alla nostra pluripremiata piattaforma di trading, l&#8217;accesso a dati di mercato di alta qualit\u00e0, analisi di trading in tempo reale e strumenti grafici avanzati. Inoltre, avrete accesso al nostro team di assistenza per qualsiasi domanda o aiuto di cui abbiate bisogno.Il piano [&hellip;]<\/p>\n","protected":false},"author":1,"featured_media":57223,"parent":0,"menu_order":0,"comment_status":"closed","ping_status":"closed","template":"","meta":{"_acf_changed":false,"_et_pb_use_builder":"on","_et_pb_old_content":"","_et_gb_content_width":"","om_disable_all_campaigns":false,"inline_featured_image":false,"_monsterinsights_skip_tracking":false,"_monsterinsights_sitenote_active":false,"_monsterinsights_sitenote_note":"","_monsterinsights_sitenote_category":0,"_uf_show_specific_survey":0,"_uf_disable_surveys":false,"footnotes":""},"class_list":["post-57586","page","type-page","status-publish","has-post-thumbnail","hentry"],"acf":[],"aioseo_notices":[],"_links":{"self":[{"href":"https:\/\/sagemaster.com\/it\/wp-json\/wp\/v2\/pages\/57586","targetHints":{"allow":["GET"]}}],"collection":[{"href":"https:\/\/sagemaster.com\/it\/wp-json\/wp\/v2\/pages"}],"about":[{"href":"https:\/\/sagemaster.com\/it\/wp-json\/wp\/v2\/types\/page"}],"author":[{"embeddable":true,"href":"https:\/\/sagemaster.com\/it\/wp-json\/wp\/v2\/users\/1"}],"replies":[{"embeddable":true,"href":"https:\/\/sagemaster.com\/it\/wp-json\/wp\/v2\/comments?post=57586"}],"version-history":[{"count":20,"href":"https:\/\/sagemaster.com\/it\/wp-json\/wp\/v2\/pages\/57586\/revisions"}],"predecessor-version":[{"id":66219,"href":"https:\/\/sagemaster.com\/it\/wp-json\/wp\/v2\/pages\/57586\/revisions\/66219"}],"wp:featuredmedia":[{"embeddable":true,"href":"https:\/\/sagemaster.com\/it\/wp-json\/wp\/v2\/media\/57223"}],"wp:attachment":[{"href":"https:\/\/sagemaster.com\/it\/wp-json\/wp\/v2\/media?parent=57586"}],"curies":[{"name":"wp","href":"https:\/\/api.w.org\/{rel}","templated":true}]}}