{"id":66612,"date":"2023-02-06T16:40:08","date_gmt":"2023-02-06T16:40:08","guid":{"rendered":"https:\/\/sagemaster.com\/plany-cenowe\/"},"modified":"2026-01-24T13:09:31","modified_gmt":"2026-01-24T13:09:31","slug":"plany-cenowe","status":"publish","type":"page","link":"https:\/\/sagemaster.com\/pl\/plany-cenowe\/","title":{"rendered":"Plany cenowe"},"content":{"rendered":"<p>[et_pb_section fb_built=&#8221;1&#8243; disabled_on=&#8221;off|off|off&#8221; admin_label=&#8221;Pricing with Monthly-Yearly Switch (Divicio.us)&#8221; module_id=&#8221;Bohater-Home&#8221; module_class=&#8221;pricinig-part&#8221; _builder_version=&#8221;4.19.4&#8243; background_color=&#8221;#131313&#8243; background_image=&#8221;https:\/\/sagemaster.com\/wp-content\/uploads\/2023\/01\/01-Neon-35.png&#8221; background_size=&#8221;initial&#8221; custom_padding=&#8221;200px|0||0px|false|false&#8221; collapsed=&#8221;off&#8221; global_colors_info=&#8221;{}&#8221;][et_pb_row _builder_version=&#8221;4.19.4&#8243; _module_preset=&#8221;default&#8221; min_height=&#8221;151.8px&#8221; custom_margin=&#8221;0px||20px||false|false&#8221; custom_margin_tablet=&#8221;0px||20px||false|false&#8221; custom_margin_phone=&#8221;0px||50px||false|false&#8221; custom_margin_last_edited=&#8221;on|phone&#8221; custom_padding=&#8221;0px||0px||true|false&#8221; global_colors_info=&#8221;{}&#8221; width__hover_enabled=&#8221;on|desktop&#8221;][et_pb_column type=&#8221;4_4&#8243; _builder_version=&#8221;4.19.4&#8243; _module_preset=&#8221;default&#8221; custom_padding=&#8221;||||false|false&#8221; global_colors_info=&#8221;{}&#8221;][et_pb_text _builder_version=&#8221;4.19.4&#8243; _module_preset=&#8221;default&#8221; text_font=&#8221;||||||||&#8221; text_font_size=&#8221;15px&#8221; text_line_height=&#8221;24px&#8221; header_font=&#8221;|700|||||||&#8221; header_text_align=&#8221;center&#8221; header_font_size=&#8221;70px&#8221; header_letter_spacing=&#8221;1px&#8221; header_line_height=&#8221;84px&#8221; custom_margin=&#8221;||24px||false|false&#8221; custom_padding=&#8221;0px||0px||true|false&#8221; header_font_size_tablet=&#8221;32px&#8221; header_font_size_phone=&#8221;32px&#8221; header_font_size_last_edited=&#8221;on|phone&#8221; header_line_height_tablet=&#8221;84px&#8221; header_line_height_phone=&#8221;44px&#8221; header_line_height_last_edited=&#8221;on|phone&#8221; header_2_font_size_tablet=&#8221;&#8221; header_2_font_size_phone=&#8221;&#8221; header_2_font_size_last_edited=&#8221;on|tablet&#8221; global_colors_info=&#8221;{}&#8221;]<\/p>\n<h1>Plany i ceny<\/h1>\n<p>[\/et_pb_text][et_pb_button button_text=&#8221;Zarejestruj si\u0119 ZA DARMO!&#8221; button_alignment=&#8221;center&#8221; button_alignment_tablet=&#8221;center&#8221; button_alignment_phone=&#8221;center&#8221; button_alignment_last_edited=&#8221;on|phone&#8221; admin_label=&#8221;Button&#8221; _builder_version=&#8221;4.19.4&#8243; _module_preset=&#8221;default&#8221; custom_button=&#8221;on&#8221; button_text_size=&#8221;18px&#8221; button_text_color=&#8221;#303030&#8243; button_bg_use_color_gradient=&#8221;on&#8221; button_bg_color_gradient_direction=&#8221;90deg&#8221; button_bg_color_gradient_stops=&#8221;#aaf7c1 0%|#d0fc81 100%&#8221; button_border_width=&#8221;2px&#8221; button_border_color=&#8221;#d0fc81&#8243; button_border_radius=&#8221;4px&#8221; button_letter_spacing=&#8221;0.75px&#8221; button_font=&#8221;Poppins|700|||||||&#8221; button_use_icon=&#8221;off&#8221; custom_margin=&#8221;0px|0px|0px|0px|false|true&#8221; custom_margin_tablet=&#8221;24px||||false|true&#8221; custom_margin_phone=&#8221;24px||||false|true&#8221; custom_margin_last_edited=&#8221;on|tablet&#8221; custom_padding=&#8221;12px|32px|12px|32px|true|true&#8221; global_colors_info=&#8221;{}&#8221; button_bg_color__hover_enabled=&#8221;on|hover&#8221; button_bg_color__hover=&#8221;RGBA(255,255,255,0)&#8221; button_bg_enable_color__hover=&#8221;on&#8221; button_text_color__hover_enabled=&#8221;on|hover&#8221; button_text_color__hover=&#8221;#FFFFFF&#8221; button_border_width__hover_enabled=&#8221;on|hover&#8221; button_border_color__hover_enabled=&#8221;on|hover&#8221; button_border_color__hover=&#8221;#d0fc81&#8243; button_border_width__hover=&#8221;2px&#8221; custom_css_main_element_last_edited=&#8221;on|tablet&#8221; custom_css_main_element_phone=&#8221;width: 100%;&#8221; button_bg_use_color_gradient__hover=&#8221;off&#8221; custom_css_main_element_tablet=&#8221;width: auto;||&#8221;][\/et_pb_button][et_pb_button button_url=&#8221;https:\/\/sagemaster.com\/pl\/skontaktuj-sie-z-nami\/&#8221; button_text=&#8221;Skontaktuj si\u0119 z nami w sprawie plan\u00f3w korporacyjnych i indywidualnych&#8221; button_alignment=&#8221;center&#8221; button_alignment_tablet=&#8221;center&#8221; button_alignment_phone=&#8221;center&#8221; button_alignment_last_edited=&#8221;on|phone&#8221; admin_label=&#8221;Button&#8221; _builder_version=&#8221;4.19.4&#8243; _module_preset=&#8221;default&#8221; custom_button=&#8221;on&#8221; button_text_size=&#8221;18px&#8221; button_text_color=&#8221;#303030&#8243; button_bg_use_color_gradient=&#8221;on&#8221; button_bg_color_gradient_direction=&#8221;90deg&#8221; button_bg_color_gradient_stops=&#8221;#aaf7c1 0%|#d0fc81 100%&#8221; button_border_width=&#8221;2px&#8221; button_border_color=&#8221;#d0fc81&#8243; button_border_radius=&#8221;4px&#8221; button_letter_spacing=&#8221;0.75px&#8221; button_font=&#8221;Poppins|700|||||||&#8221; button_use_icon=&#8221;off&#8221; custom_margin=&#8221;0px|0px|0px|0px|false|true&#8221; custom_margin_tablet=&#8221;24px||||false|true&#8221; custom_margin_phone=&#8221;24px||||false|true&#8221; custom_margin_last_edited=&#8221;on|tablet&#8221; custom_padding=&#8221;12px|32px|12px|32px|true|true&#8221; hover_enabled=&#8221;0&#8243; locked=&#8221;off&#8221; global_colors_info=&#8221;{}&#8221; button_bg_color__hover_enabled=&#8221;on|hover&#8221; button_bg_color__hover=&#8221;RGBA(255,255,255,0)&#8221; button_bg_enable_color__hover=&#8221;on&#8221; button_text_color__hover_enabled=&#8221;on|hover&#8221; button_text_color__hover=&#8221;#FFFFFF&#8221; button_border_width__hover_enabled=&#8221;on|hover&#8221; button_border_color__hover_enabled=&#8221;on|hover&#8221; button_border_color__hover=&#8221;#d0fc81&#8243; button_border_width__hover=&#8221;2px&#8221; custom_css_main_element_last_edited=&#8221;on|tablet&#8221; custom_css_main_element_phone=&#8221;width: 100%;&#8221; button_bg_use_color_gradient__hover=&#8221;off&#8221; custom_css_main_element_tablet=&#8221;width: auto;||&#8221; sticky_enabled=&#8221;0&#8243;][\/et_pb_button][\/et_pb_column][\/et_pb_row][\/et_pb_section][et_pb_section fb_built=&#8221;1&#8243; custom_padding_last_edited=&#8221;on|phone&#8221; module_id=&#8221;Ceny-FAQ&#8221; _builder_version=&#8221;4.19.4&#8243; _module_preset=&#8221;default&#8221; background_color=&#8221;#131313&#8243; background_image=&#8221;https:\/\/sagemaster.com\/wp-content\/uploads\/2023\/01\/Frame-32-1.png&#8221; width=&#8221;100%&#8221; custom_padding=&#8221;60px||200px||false|false&#8221; custom_padding_tablet=&#8221;60px||200px||false|false&#8221; custom_padding_phone=&#8221;40px||100px||false|false&#8221; global_colors_info=&#8221;{}&#8221;][et_pb_row custom_padding_last_edited=&#8221;on|phone&#8221; _builder_version=&#8221;4.19.4&#8243; _module_preset=&#8221;default&#8221; custom_margin_tablet=&#8221;&#8221; custom_margin_phone=&#8221;0px||0px||true|false&#8221; custom_margin_last_edited=&#8221;on|phone&#8221; custom_padding_tablet=&#8221;0px||0px||true|false&#8221; custom_padding_phone=&#8221;0px||0px||true|false&#8221; global_colors_info=&#8221;{}&#8221;][et_pb_column type=&#8221;4_4&#8243; _builder_version=&#8221;4.19.4&#8243; _module_preset=&#8221;default&#8221; global_colors_info=&#8221;{}&#8221;][et_pb_text _builder_version=&#8221;4.19.4&#8243; _module_preset=&#8221;default&#8221; header_2_font=&#8221;|700|||||||&#8221; header_2_text_align=&#8221;center&#8221; header_2_font_size=&#8221;40px&#8221; header_2_letter_spacing=&#8221;1px&#8221; header_2_line_height=&#8221;48px&#8221; custom_margin=&#8221;||50px||false|false&#8221; custom_margin_tablet=&#8221;||50px||false|false&#8221; custom_margin_phone=&#8221;||24px||false|false&#8221; custom_margin_last_edited=&#8221;on|phone&#8221; header_2_font_size_tablet=&#8221;40px&#8221; header_2_font_size_phone=&#8221;32px&#8221; header_2_font_size_last_edited=&#8221;on|phone&#8221; global_colors_info=&#8221;{}&#8221;]<\/p>\n<h2>FAQ<\/h2>\n<p>[\/et_pb_text][\/et_pb_column][\/et_pb_row][et_pb_row custom_padding_last_edited=&#8221;on|phone&#8221; _builder_version=&#8221;4.19.4&#8243; _module_preset=&#8221;default&#8221; custom_margin_tablet=&#8221;&#8221; custom_margin_phone=&#8221;0px||0px||true|false&#8221; custom_margin_last_edited=&#8221;on|phone&#8221; custom_padding_tablet=&#8221;&#8221; custom_padding_phone=&#8221;0px||0px||true|false&#8221; global_colors_info=&#8221;{}&#8221;][et_pb_column type=&#8221;4_4&#8243; _builder_version=&#8221;4.19.4&#8243; _module_preset=&#8221;default&#8221; global_colors_info=&#8221;{}&#8221;][et_pb_toggle title=&#8221;Co jest zawarte w rocznym planie subskrypcyjnym SAGEMASTER?&#8221; open_toggle_text_color=&#8221;#FFFFFF&#8221; icon_color=&#8221;#E02B20&#8243; _builder_version=&#8221;4.19.4&#8243; _module_preset=&#8221;default&#8221; title_text_color=&#8221;#FFFFFF&#8221; title_font=&#8221;|700|||||||&#8221; title_font_size=&#8221;18px&#8221; title_letter_spacing=&#8221;1px&#8221; title_line_height=&#8221;24px&#8221; background_color=&#8221;RGBA(255,255,255,0)&#8221; custom_margin=&#8221;||8px||false|false&#8221; custom_padding=&#8221;34px||34px||true|false&#8221; hover_enabled=&#8221;0&#8243; border_radii=&#8221;on|8px|8px|8px|8px&#8221; global_colors_info=&#8221;{}&#8221; background__hover_enabled=&#8221;on|hover&#8221; background_color__hover=&#8221;&#8221; background_enable_color__hover=&#8221;off&#8221; title_text_color__hover_enabled=&#8221;on|hover&#8221; title_text_color__hover=&#8221;#202020&#8243; closed_toggle_background_color__hover_enabled=&#8221;off|hover&#8221; closed_toggle_background_color__hover=&#8221;#E09900&#8243; sticky_enabled=&#8221;0&#8243;]<\/p>\n<p><span style=\"font-weight: 400;\">Coroczna subskrypcja zapewnia dost\u0119p do pe\u0142nego zestawu narz\u0119dzi SageMaster do nauki, analizy i eksploracji strategii, a tak\u017ce do funkcji danych rynkowych i wsparcia platformy<\/span><\/p>\n<p>[\/et_pb_toggle][et_pb_toggle title=&#8221;Ile kosztuje roczny plan subskrypcyjny SAGEMASTER?&#8221; closed_toggle_text_color=&#8221;#FFFFFF&#8221; _builder_version=&#8221;4.19.4&#8243; _module_preset=&#8221;default&#8221; title_font=&#8221;|700|||||||&#8221; title_font_size=&#8221;18px&#8221; title_letter_spacing=&#8221;1px&#8221; title_line_height=&#8221;24px&#8221; background_color=&#8221;RGBA(255,255,255,0)&#8221; custom_margin=&#8221;||8px||false|false&#8221; custom_padding=&#8221;34px||34px||true|false&#8221; border_radii=&#8221;on|8px|8px|8px|8px&#8221; global_colors_info=&#8221;{}&#8221; background__hover_enabled=&#8221;off|desktop&#8221; background_enable_color__hover=&#8221;off&#8221; title_text_color__hover_enabled=&#8221;off|desktop&#8221; title_text_color__hover=&#8221;#202020&#8243;]<\/p>\n<p>Plan Basic kosztuje 299 USD rocznie, plan Advanced 999 USD, a Plan Pro 1500 USD rocznie.<br \/>Sprawd\u017a nasz\u0105 stron\u0119 subskrypcyjn\u0105: <a href=\"https:\/\/sagemaster.com\/en\/subscriptions\/\">https:\/\/sagemaster.com\/en\/subscriptions\/<\/a><\/p>\n<p>[\/et_pb_toggle][et_pb_toggle title=&#8221;  Czy mog\u0119 ulepsza\u0107 lub obni\u017ca\u0107 jako\u015b\u0107 plan\u00f3w?&#8221; open_toggle_text_color=&#8221;#FFFFFF&#8221; icon_color=&#8221;#E02B20&#8243; module_class=&#8221;toggle-box&#8221; _builder_version=&#8221;4.19.4&#8243; _module_preset=&#8221;default&#8221; title_text_color=&#8221;#FFFFFF&#8221; title_font=&#8221;|700|||||||&#8221; title_font_size=&#8221;18px&#8221; title_letter_spacing=&#8221;1px&#8221; title_line_height=&#8221;24px&#8221; background_color=&#8221;RGBA(255,255,255,0)&#8221; custom_margin=&#8221;||8px||false|false&#8221; custom_padding=&#8221;34px||34px||true|false&#8221; hover_enabled=&#8221;0&#8243; global_colors_info=&#8221;{}&#8221; background__hover_enabled=&#8221;off|hover&#8221; background_enable_color__hover=&#8221;off&#8221; title_text_color__hover_enabled=&#8221;on|hover&#8221; title_text_color__hover=&#8221;#202020&#8243; sticky_enabled=&#8221;0&#8243;]<\/p>\n<p><span style=\"font-weight: 400;\">Tak. Mo\u017cesz zmieni\u0107 sw\u00f3j plan subskrypcji w dowolnym momencie, aby dostosowa\u0107 poziom dost\u0119pu najlepiej dopasowany do Twoich potrzeb. <\/span><\/p>\n<p>[\/et_pb_toggle][et_pb_toggle title=&#8221;Czy SageMaster to broker, gie\u0142da lub platforma handlowa?&#8221; open_toggle_text_color=&#8221;#FFFFFF&#8221; icon_color=&#8221;#E02B20&#8243; module_class=&#8221;toggle-box&#8221; _builder_version=&#8221;4.19.4&#8243; _module_preset=&#8221;default&#8221; title_text_color=&#8221;#FFFFFF&#8221; title_font=&#8221;|700|||||||&#8221; title_font_size=&#8221;18px&#8221; title_letter_spacing=&#8221;1px&#8221; title_line_height=&#8221;24px&#8221; background_color=&#8221;RGBA(255,255,255,0)&#8221; custom_margin=&#8221;||8px||false|false&#8221; custom_padding=&#8221;34px||34px||true|false&#8221; hover_enabled=&#8221;0&#8243; global_colors_info=&#8221;{}&#8221; background__hover_enabled=&#8221;off|hover&#8221; background_enable_color__hover=&#8221;off&#8221; title_text_color__hover_enabled=&#8221;on|hover&#8221; title_text_color__hover=&#8221;#202020&#8243; sticky_enabled=&#8221;0&#8243;]<\/p>\n<p><span style=\"font-weight: 400;\">Nie. SageMaster nie jest brokerem, gie\u0142d\u0105 ani platform\u0105 handlow\u0105. Nie wykonuje transakcji, nie zarz\u0105dza kontami ani nie dzia\u0142a w imieniu u\u017cytkownik\u00f3w na rynku. Platforma dzia\u0142a wy\u0142\u0105cznie jako \u015brodowisko programistyczne i edukacyjne.   <\/span><\/p>\n<p>[\/et_pb_toggle][et_pb_toggle title=&#8221;Czy mog\u0119 w dowolnym momencie anulowa\u0107 m\u00f3j roczny plan subskrypcji SAGEMASTER?&#8221; open_toggle_text_color=&#8221;#FFFFFF&#8221; icon_color=&#8221;#E02B20&#8243; module_class=&#8221;toggle-box&#8221; _builder_version=&#8221;4.19.4&#8243; _module_preset=&#8221;default&#8221; title_text_color=&#8221;#FFFFFF&#8221; title_font=&#8221;|700|||||||&#8221; title_font_size=&#8221;18px&#8221; title_letter_spacing=&#8221;1px&#8221; title_line_height=&#8221;24px&#8221; background_color=&#8221;RGBA(255,255,255,0)&#8221; custom_margin=&#8221;||8px||false|false&#8221; custom_padding=&#8221;34px||34px||true|false&#8221; hover_enabled=&#8221;0&#8243; global_colors_info=&#8221;{}&#8221; background__hover_enabled=&#8221;off|hover&#8221; background_enable_color__hover=&#8221;off&#8221; title_text_color__hover_enabled=&#8221;on|hover&#8221; title_text_color__hover=&#8221;#202020&#8243; sticky_enabled=&#8221;0&#8243;]<\/p>\n<p><span style=\"font-weight: 400;\">Tak. Subskrypcje mo\u017cna anulowa\u0107 w dowolnym momencie. Dost\u0119p pozostanie aktywny do ko\u0144ca bie\u017c\u0105cego okresu rozliczeniowego.  <\/span><\/p>\n<p>[\/et_pb_toggle][et_pb_toggle title=&#8221;Jak mog\u0119 uzyska\u0107 zwrot pieni\u0119dzy?&#8221; open_toggle_text_color=&#8221;#FFFFFF&#8221; icon_color=&#8221;#E02B20&#8243; module_class=&#8221;toggle-box&#8221; _builder_version=&#8221;4.19.4&#8243; _module_preset=&#8221;default&#8221; title_text_color=&#8221;#FFFFFF&#8221; title_font=&#8221;|700|||||||&#8221; title_font_size=&#8221;18px&#8221; title_letter_spacing=&#8221;1px&#8221; title_line_height=&#8221;24px&#8221; background_color=&#8221;RGBA(255,255,255,0)&#8221; custom_margin=&#8221;||8px||false|false&#8221; custom_padding=&#8221;34px||34px||true|false&#8221; hover_enabled=&#8221;0&#8243; global_colors_info=&#8221;{}&#8221; background__hover_enabled=&#8221;off|hover&#8221; background_enable_color__hover=&#8221;off&#8221; title_text_color__hover_enabled=&#8221;on|hover&#8221; title_text_color__hover=&#8221;#202020&#8243; sticky_enabled=&#8221;0&#8243;]<\/p>\n<p><span style=\"font-weight: 400;\">Zwroty s\u0105 realizowane zgodnie z nasz\u0105 polityk\u0105 zwrot\u00f3w. Nie oferuje si\u0119 zwrot\u00f3w za cz\u0119\u015bciowo wykorzystane subskrypcje. <\/span><\/p>\n<p>[\/et_pb_toggle][et_pb_toggle title=&#8221;Czy mog\u0119 uzyska\u0107 pomoc od obs\u0142ugi klienta?&#8221; open_toggle_text_color=&#8221;#FFFFFF&#8221; icon_color=&#8221;#E02B20&#8243; module_class=&#8221;toggle-box&#8221; _builder_version=&#8221;4.19.4&#8243; _module_preset=&#8221;default&#8221; title_text_color=&#8221;#FFFFFF&#8221; title_font=&#8221;|700|||||||&#8221; title_font_size=&#8221;18px&#8221; title_letter_spacing=&#8221;1px&#8221; title_line_height=&#8221;24px&#8221; background_color=&#8221;RGBA(255,255,255,0)&#8221; custom_margin=&#8221;||8px||false|false&#8221; custom_padding=&#8221;34px||34px||true|false&#8221; hover_enabled=&#8221;0&#8243; global_colors_info=&#8221;{}&#8221; background__hover_enabled=&#8221;off|hover&#8221; background_enable_color__hover=&#8221;off&#8221; title_text_color__hover_enabled=&#8221;on|hover&#8221; title_text_color__hover=&#8221;#202020&#8243; sticky_enabled=&#8221;0&#8243;]<\/p>\n<p><span style=\"font-weight: 400;\">Tak. Nasz zesp\u00f3\u0142 wsparcia jest dost\u0119pny na czacie na \u017cywo, aby pom\u00f3c w dost\u0119pie na platform\u0119 i og\u00f3lnych zapytaniach. <\/span><\/p>\n<p>[\/et_pb_toggle][\/et_pb_column][\/et_pb_row][\/et_pb_section]<\/p>\n","protected":false},"excerpt":{"rendered":"<p>Plany i cenyFAQCoroczna subskrypcja zapewnia dost\u0119p do pe\u0142nego zestawu narz\u0119dzi SageMaster do nauki, analizy i eksploracji strategii, a tak\u017ce do funkcji danych rynkowych i wsparcia platformyPlan Basic kosztuje 299 USD rocznie, plan Advanced 999 USD, a Plan Pro 1500 USD rocznie.Sprawd\u017a nasz\u0105 stron\u0119 subskrypcyjn\u0105: https:\/\/sagemaster.com\/en\/subscriptions\/Tak. Mo\u017cesz zmieni\u0107 sw\u00f3j plan subskrypcji w dowolnym momencie, aby dostosowa\u0107 [&hellip;]<\/p>\n","protected":false},"author":1,"featured_media":66577,"parent":0,"menu_order":0,"comment_status":"closed","ping_status":"closed","template":"","meta":{"_acf_changed":false,"_et_pb_use_builder":"on","_et_pb_old_content":"","_et_gb_content_width":"","om_disable_all_campaigns":false,"inline_featured_image":false,"_monsterinsights_skip_tracking":false,"_monsterinsights_sitenote_active":false,"_monsterinsights_sitenote_note":"","_monsterinsights_sitenote_category":0,"_uf_show_specific_survey":0,"_uf_disable_surveys":false,"footnotes":""},"class_list":["post-66612","page","type-page","status-publish","has-post-thumbnail","hentry"],"acf":[],"aioseo_notices":[],"_links":{"self":[{"href":"https:\/\/sagemaster.com\/pl\/wp-json\/wp\/v2\/pages\/66612","targetHints":{"allow":["GET"]}}],"collection":[{"href":"https:\/\/sagemaster.com\/pl\/wp-json\/wp\/v2\/pages"}],"about":[{"href":"https:\/\/sagemaster.com\/pl\/wp-json\/wp\/v2\/types\/page"}],"author":[{"embeddable":true,"href":"https:\/\/sagemaster.com\/pl\/wp-json\/wp\/v2\/users\/1"}],"replies":[{"embeddable":true,"href":"https:\/\/sagemaster.com\/pl\/wp-json\/wp\/v2\/comments?post=66612"}],"version-history":[{"count":4,"href":"https:\/\/sagemaster.com\/pl\/wp-json\/wp\/v2\/pages\/66612\/revisions"}],"predecessor-version":[{"id":67367,"href":"https:\/\/sagemaster.com\/pl\/wp-json\/wp\/v2\/pages\/66612\/revisions\/67367"}],"wp:featuredmedia":[{"embeddable":true,"href":"https:\/\/sagemaster.com\/pl\/wp-json\/wp\/v2\/media\/66577"}],"wp:attachment":[{"href":"https:\/\/sagemaster.com\/pl\/wp-json\/wp\/v2\/media?parent=66612"}],"curies":[{"name":"wp","href":"https:\/\/api.w.org\/{rel}","templated":true}]}}