{"id":57539,"date":"2023-02-06T16:40:08","date_gmt":"2023-02-06T16:40:08","guid":{"rendered":"https:\/\/sagemaster.com\/planos-de-precos\/"},"modified":"2026-01-24T13:09:27","modified_gmt":"2026-01-24T13:09:27","slug":"planos-de-precos","status":"publish","type":"page","link":"https:\/\/sagemaster.com\/pt-pt\/planos-de-precos\/","title":{"rendered":"Planos de pre\u00e7os"},"content":{"rendered":"<p>[et_pb_section fb_built=&#8221;1&#8243; disabled_on=&#8221;off|off|off&#8221; admin_label=&#8221;Pricing with Monthly-Yearly Switch (Divicio.us)&#8221; module_id=&#8221;hero-home&#8221; module_class=&#8221;pricinig-part&#8221; _builder_version=&#8221;4.19.4&#8243; background_color=&#8221;#131313&#8243; background_image=&#8221;https:\/\/sagemaster.com\/wp-content\/uploads\/2023\/01\/01-Neon-35.png&#8221; background_size=&#8221;initial&#8221; custom_padding=&#8221;200px|0||0px|false|false&#8221; collapsed=&#8221;off&#8221; global_colors_info=&#8221;{}&#8221;][et_pb_row _builder_version=&#8221;4.19.4&#8243; _module_preset=&#8221;default&#8221; custom_margin=&#8221;0px||20px||false|false&#8221; custom_margin_tablet=&#8221;0px||20px||false|false&#8221; custom_margin_phone=&#8221;0px||50px||false|false&#8221; custom_margin_last_edited=&#8221;on|phone&#8221; custom_padding=&#8221;0px||0px||true|false&#8221; global_colors_info=&#8221;{}&#8221; width__hover_enabled=&#8221;on|desktop&#8221;][et_pb_column type=&#8221;4_4&#8243; _builder_version=&#8221;4.19.4&#8243; _module_preset=&#8221;default&#8221; custom_padding=&#8221;||||false|false&#8221; global_colors_info=&#8221;{}&#8221;][et_pb_text _builder_version=&#8221;4.19.4&#8243; _module_preset=&#8221;default&#8221; text_font=&#8221;||||||||&#8221; text_font_size=&#8221;15px&#8221; text_line_height=&#8221;24px&#8221; header_font=&#8221;|700|||||||&#8221; header_text_align=&#8221;center&#8221; header_font_size=&#8221;70px&#8221; header_letter_spacing=&#8221;1px&#8221; header_line_height=&#8221;84px&#8221; custom_margin=&#8221;||24px||false|false&#8221; custom_padding=&#8221;0px||0px||true|false&#8221; header_font_size_tablet=&#8221;32px&#8221; header_font_size_phone=&#8221;32px&#8221; header_font_size_last_edited=&#8221;on|phone&#8221; header_line_height_tablet=&#8221;84px&#8221; header_line_height_phone=&#8221;44px&#8221; header_line_height_last_edited=&#8221;on|phone&#8221; header_2_font_size_tablet=&#8221;&#8221; header_2_font_size_phone=&#8221;&#8221; header_2_font_size_last_edited=&#8221;on|tablet&#8221; global_colors_info=&#8221;{}&#8221;]<\/p>\n<h1>Planos e pre\u00e7os<\/h1>\n<p>[\/et_pb_text][et_pb_button button_text=&#8221;Inscreva-se GRATUITAMENTE!&#8221; button_alignment=&#8221;center&#8221; button_alignment_tablet=&#8221;center&#8221; button_alignment_phone=&#8221;center&#8221; button_alignment_last_edited=&#8221;on|phone&#8221; _builder_version=&#8221;4.19.4&#8243; _module_preset=&#8221;default&#8221; custom_button=&#8221;on&#8221; button_text_size=&#8221;18px&#8221; button_text_color=&#8221;#303030&#8243; button_bg_use_color_gradient=&#8221;on&#8221; button_bg_color_gradient_direction=&#8221;90deg&#8221; button_bg_color_gradient_stops=&#8221;#aaf7c1 0%|#d0fc81 100%&#8221; button_border_width=&#8221;2px&#8221; button_border_color=&#8221;#d0fc81&#8243; button_border_radius=&#8221;4px&#8221; button_letter_spacing=&#8221;0.75px&#8221; button_font=&#8221;Poppins|700|||||||&#8221; button_use_icon=&#8221;off&#8221; custom_margin=&#8221;0px|0px|0px|0px|false|true&#8221; custom_margin_tablet=&#8221;24px||||false|true&#8221; custom_margin_phone=&#8221;24px||||false|true&#8221; custom_margin_last_edited=&#8221;on|tablet&#8221; custom_padding=&#8221;12px|32px|12px|32px|true|true&#8221; global_colors_info=&#8221;{}&#8221; button_bg_color__hover_enabled=&#8221;on|hover&#8221; button_bg_color__hover=&#8221;RGBA(255,255,255,0)&#8221; button_bg_enable_color__hover=&#8221;on&#8221; button_text_color__hover_enabled=&#8221;on|hover&#8221; button_text_color__hover=&#8221;#FFFFFF&#8221; button_border_width__hover_enabled=&#8221;on|hover&#8221; button_border_color__hover_enabled=&#8221;on|hover&#8221; button_border_color__hover=&#8221;#d0fc81&#8243; button_border_width__hover=&#8221;2px&#8221; custom_css_main_element_last_edited=&#8221;on|tablet&#8221; custom_css_main_element_phone=&#8221;width: 100%;&#8221; button_bg_use_color_gradient__hover=&#8221;off&#8221; custom_css_main_element_tablet=&#8221;width: auto;||&#8221;][\/et_pb_button][\/et_pb_column][\/et_pb_row][et_pb_row _builder_version=&#8221;4.19.4&#8243; _module_preset=&#8221;default&#8221; custom_margin=&#8221;||60px||false|false&#8221; global_colors_info=&#8221;{}&#8221;][et_pb_column type=&#8221;4_4&#8243; _builder_version=&#8221;4.19.4&#8243; _module_preset=&#8221;default&#8221; global_colors_info=&#8221;{}&#8221;][et_pb_button button_url=&#8221;#&#8221; button_text=&#8221;Contacte-nos para planos corporativos\/personalizados&#8221; button_alignment=&#8221;center&#8221; admin_label=&#8221;Button &#8211; Pricing 2&#8243; module_class=&#8221;dvcs_switch_btn_1 dvcs_active&#8221; _builder_version=&#8221;4.19.4&#8243; custom_button=&#8221;on&#8221; button_border_width=&#8221;2px&#8221; button_use_icon=&#8221;off&#8221; custom_margin=&#8221;0px|0px|0px|0px|false|true&#8221; custom_padding=&#8221;12px|32px|12px|32px|true|true&#8221; hover_transition_duration=&#8221;400ms&#8221; button_border_radius_hover=&#8221;100px&#8221; button_bg_color_hover=&#8221;#ffffff&#8221; locked=&#8221;off&#8221; global_colors_info=&#8221;{}&#8221; button_text_size__hover_enabled=&#8221;off&#8221; button_one_text_size__hover_enabled=&#8221;off&#8221; button_two_text_size__hover_enabled=&#8221;off&#8221; button_text_color__hover_enabled=&#8221;on|hover&#8221; button_one_text_color__hover_enabled=&#8221;off&#8221; button_two_text_color__hover_enabled=&#8221;off&#8221; button_border_width__hover_enabled=&#8221;on|hover&#8221; button_one_border_width__hover_enabled=&#8221;off&#8221; button_two_border_width__hover_enabled=&#8221;off&#8221; button_border_color__hover_enabled=&#8221;on|hover&#8221; button_one_border_color__hover_enabled=&#8221;off&#8221; button_two_border_color__hover_enabled=&#8221;off&#8221; button_border_radius__hover_enabled=&#8221;on|hover&#8221; button_one_border_radius__hover_enabled=&#8221;off&#8221; button_two_border_radius__hover_enabled=&#8221;off&#8221; button_letter_spacing__hover_enabled=&#8221;off&#8221; button_one_letter_spacing__hover_enabled=&#8221;off&#8221; button_two_letter_spacing__hover_enabled=&#8221;off&#8221; button_bg_color__hover_enabled=&#8221;on|hover&#8221; button_bg_color__hover=&#8221;RGBA(255,255,255,0)&#8221; button_one_bg_color__hover_enabled=&#8221;off&#8221; button_two_bg_color__hover_enabled=&#8221;off&#8221; button_alignment_tablet=&#8221;center&#8221; button_alignment_phone=&#8221;center&#8221; button_alignment_last_edited=&#8221;on|phone&#8221; button_text_size=&#8221;18px&#8221; button_text_color=&#8221;#303030&#8243; button_text_color__hover=&#8221;#FFFFFF&#8221; button_bg_use_color_gradient=&#8221;on&#8221; button_bg_color_gradient_direction=&#8221;90deg&#8221; button_bg_color_gradient_stops=&#8221;#aaf7c1 0%|#d0fc81 100%&#8221; button_border_width__hover=&#8221;2px&#8221; button_border_color=&#8221;#d0fc81&#8243; button_border_color__hover=&#8221;#d0fc81&#8243; button_border_radius=&#8221;4px&#8221; button_letter_spacing=&#8221;0.75px&#8221; button_font=&#8221;Poppins|700|||||||&#8221; custom_margin_tablet=&#8221;24px||||false|true&#8221; custom_margin_phone=&#8221;24px||||false|true&#8221; custom_margin_last_edited=&#8221;on|tablet&#8221; hover_enabled=&#8221;0&#8243; sticky_enabled=&#8221;0&#8243; button_border_radius__hover=&#8221;4px&#8221;]&nbsp;<br \/>\n[\/et_pb_button][\/et_pb_column][\/et_pb_row][\/et_pb_section][et_pb_section fb_built=&#8221;1&#8243; custom_padding_last_edited=&#8221;on|phone&#8221; module_id=&#8221;pricing-faq&#8221; _builder_version=&#8221;4.19.4&#8243; _module_preset=&#8221;default&#8221; background_color=&#8221;#131313&#8243; background_image=&#8221;https:\/\/sagemaster.com\/wp-content\/uploads\/2023\/01\/Frame-32-1.png&#8221; custom_padding=&#8221;60px||200px||false|false&#8221; custom_padding_tablet=&#8221;60px||200px||false|false&#8221; custom_padding_phone=&#8221;40px||100px||false|false&#8221; global_colors_info=&#8221;{}&#8221;][et_pb_row custom_padding_last_edited=&#8221;on|phone&#8221; _builder_version=&#8221;4.19.4&#8243; _module_preset=&#8221;default&#8221; custom_margin_tablet=&#8221;&#8221; custom_margin_phone=&#8221;0px||0px||true|false&#8221; custom_margin_last_edited=&#8221;on|phone&#8221; custom_padding_tablet=&#8221;0px||0px||true|false&#8221; custom_padding_phone=&#8221;0px||0px||true|false&#8221; global_colors_info=&#8221;{}&#8221;][et_pb_column type=&#8221;4_4&#8243; _builder_version=&#8221;4.19.4&#8243; _module_preset=&#8221;default&#8221; global_colors_info=&#8221;{}&#8221;][et_pb_text _builder_version=&#8221;4.19.4&#8243; _module_preset=&#8221;default&#8221; header_2_font=&#8221;|700|||||||&#8221; header_2_text_align=&#8221;center&#8221; header_2_font_size=&#8221;40px&#8221; header_2_letter_spacing=&#8221;1px&#8221; header_2_line_height=&#8221;48px&#8221; custom_margin=&#8221;||50px||false|false&#8221; custom_margin_tablet=&#8221;||50px||false|false&#8221; custom_margin_phone=&#8221;||24px||false|false&#8221; custom_margin_last_edited=&#8221;on|phone&#8221; header_2_font_size_tablet=&#8221;40px&#8221; header_2_font_size_phone=&#8221;32px&#8221; header_2_font_size_last_edited=&#8221;on|phone&#8221; global_colors_info=&#8221;{}&#8221;]<\/p>\n<h2>FAQ<\/h2>\n<p>[\/et_pb_text][\/et_pb_column][\/et_pb_row][et_pb_row custom_padding_last_edited=&#8221;on|phone&#8221; _builder_version=&#8221;4.19.4&#8243; _module_preset=&#8221;default&#8221; custom_margin_tablet=&#8221;&#8221; custom_margin_phone=&#8221;0px||0px||true|false&#8221; custom_margin_last_edited=&#8221;on|phone&#8221; custom_padding_tablet=&#8221;&#8221; custom_padding_phone=&#8221;0px||0px||true|false&#8221; global_colors_info=&#8221;{}&#8221;][et_pb_column type=&#8221;4_4&#8243; _builder_version=&#8221;4.19.4&#8243; _module_preset=&#8221;default&#8221; global_colors_info=&#8221;{}&#8221;][et_pb_toggle title=&#8221;O que est\u00e1 inclu\u00eddo no plano de assinatura anual da SAGEMASTER?&#8221; open_toggle_text_color=&#8221;#FFFFFF&#8221; icon_color=&#8221;#E02B20&#8243; _builder_version=&#8221;4.19.4&#8243; _module_preset=&#8221;default&#8221; title_text_color=&#8221;#FFFFFF&#8221; title_font=&#8221;|700|||||||&#8221; title_font_size=&#8221;18px&#8221; title_letter_spacing=&#8221;1px&#8221; title_line_height=&#8221;24px&#8221; background_color=&#8221;RGBA(255,255,255,0)&#8221; custom_margin=&#8221;||8px||false|false&#8221; custom_padding=&#8221;34px||34px||true|false&#8221; border_radii=&#8221;on|8px|8px|8px|8px&#8221; global_colors_info=&#8221;{}&#8221; background__hover_enabled=&#8221;on|hover&#8221; background_color__hover=&#8221;&#8221; background_enable_color__hover=&#8221;off&#8221; title_text_color__hover_enabled=&#8221;on|hover&#8221; title_text_color__hover=&#8221;#202020&#8243; closed_toggle_background_color__hover_enabled=&#8221;off|hover&#8221; closed_toggle_background_color__hover=&#8221;#E09900&#8243;]<\/p>\n<p>O plano de subscri\u00e7\u00e3o anual SAGEMASTER inclui acesso ilimitado \u00e0 nossa premiada plataforma de negocia\u00e7\u00e3o, acesso a dados de mercado de alta qualidade, an\u00e1lises de negocia\u00e7\u00e3o em tempo real, e ferramentas de gr\u00e1ficos avan\u00e7ados. Al\u00e9m disso, ter\u00e1 acesso \u00e0 nossa equipa de apoio para quaisquer quest\u00f5es ou ajuda de que possa necessitar.<\/p>\n<p>[\/et_pb_toggle][et_pb_toggle title=&#8221;Quanto custa o plano de assinatura anual da SAGEMASTER?&#8221; closed_toggle_text_color=&#8221;#FFFFFF&#8221; _builder_version=&#8221;4.19.4&#8243; _module_preset=&#8221;default&#8221; title_font=&#8221;|700|||||||&#8221; title_font_size=&#8221;18px&#8221; title_letter_spacing=&#8221;1px&#8221; title_line_height=&#8221;24px&#8221; background_color=&#8221;RGBA(255,255,255,0)&#8221; custom_margin=&#8221;||8px||false|false&#8221; custom_padding=&#8221;34px||34px||true|false&#8221; border_radii=&#8221;on|8px|8px|8px|8px&#8221; global_colors_info=&#8221;{}&#8221; background__hover_enabled=&#8221;off|desktop&#8221; background_enable_color__hover=&#8221;off&#8221; title_text_color__hover_enabled=&#8221;off|desktop&#8221; title_text_color__hover=&#8221;#202020&#8243;]<\/p>\n<p>O plano B\u00e1sico \u00e9 de $299 por ano, o plano Avan\u00e7ado \u00e9 de $999 por ano, e o plano Pro \u00e9 de $1500 por ano.<br \/>Consulte a nossa p\u00e1gina de Subscri\u00e7\u00e3o: <a href=\"https:\/\/sagemaster.com\/en\/subscriptions\/\">https:\/\/sagemaster.com\/en\/subscriptions\/<\/a><\/p>\n<p>[\/et_pb_toggle][et_pb_toggle title=&#8221;O que acontece quando o meu teste gratuito expira?&#8221; open_toggle_text_color=&#8221;#FFFFFF&#8221; icon_color=&#8221;#E02B20&#8243; module_class=&#8221;toggle-box&#8221; _builder_version=&#8221;4.19.4&#8243; _module_preset=&#8221;default&#8221; title_text_color=&#8221;#FFFFFF&#8221; title_font=&#8221;|700|||||||&#8221; title_font_size=&#8221;18px&#8221; title_letter_spacing=&#8221;1px&#8221; title_line_height=&#8221;24px&#8221; background_color=&#8221;RGBA(255,255,255,0)&#8221; custom_margin=&#8221;||8px||false|false&#8221; custom_padding=&#8221;34px||34px||true|false&#8221; global_colors_info=&#8221;{}&#8221; background__hover_enabled=&#8221;on|hover&#8221; background_color__hover=&#8221;&#8221; background_enable_color__hover=&#8221;off&#8221; title_text_color__hover_enabled=&#8221;on|hover&#8221; title_text_color__hover=&#8221;#202020&#8243;]Quando um teste gratuito expira, o utilizador pode escolher um plano pago para continuar a utilizar todas as funcionalidades da plataforma no modo Live. Se optarem por permanecer no plano Livre, perder\u00e3o algumas caracter\u00edsticas.[\/et_pb_toggle][et_pb_toggle title=&#8221;O SageMaster cobra alguma taxa por neg\u00f3cios?&#8221; open_toggle_text_color=&#8221;#FFFFFF&#8221; icon_color=&#8221;#E02B20&#8243; module_class=&#8221;toggle-box&#8221; _builder_version=&#8221;4.19.4&#8243; _module_preset=&#8221;default&#8221; title_text_color=&#8221;#FFFFFF&#8221; title_font=&#8221;|700|||||||&#8221; title_font_size=&#8221;18px&#8221; title_letter_spacing=&#8221;1px&#8221; title_line_height=&#8221;24px&#8221; background_color=&#8221;RGBA(255,255,255,0)&#8221; custom_margin=&#8221;||8px||false|false&#8221; custom_padding=&#8221;34px||34px||true|false&#8221; global_colors_info=&#8221;{}&#8221; background__hover_enabled=&#8221;on|desktop&#8221; background_color__hover=&#8221;&#8221; background_enable_color__hover=&#8221;off&#8221; title_text_color__hover_enabled=&#8221;on|hover&#8221; title_text_color__hover=&#8221;#202020&#8243;]N\u00e3o h\u00e1 taxas de negocia\u00e7\u00e3o, apenas uma taxa de subscri\u00e7\u00e3o mensal para acesso \u00e0s ferramentas da plataforma para uma negocia\u00e7\u00e3o eficiente e gest\u00e3o de criptografia.[\/et_pb_toggle][et_pb_toggle title=&#8221;  Posso actualizar e reduzir os planos?&#8221; open_toggle_text_color=&#8221;#FFFFFF&#8221; icon_color=&#8221;#E02B20&#8243; module_class=&#8221;toggle-box&#8221; _builder_version=&#8221;4.19.4&#8243; _module_preset=&#8221;default&#8221; title_text_color=&#8221;#FFFFFF&#8221; title_font=&#8221;|700|||||||&#8221; title_font_size=&#8221;18px&#8221; title_letter_spacing=&#8221;1px&#8221; title_line_height=&#8221;24px&#8221; background_color=&#8221;RGBA(255,255,255,0)&#8221; custom_margin=&#8221;||8px||false|false&#8221; custom_padding=&#8221;34px||34px||true|false&#8221; global_colors_info=&#8221;{}&#8221; background__hover_enabled=&#8221;off|hover&#8221; background_enable_color__hover=&#8221;off&#8221; title_text_color__hover_enabled=&#8221;on|hover&#8221; title_text_color__hover=&#8221;#202020&#8243;]Os utilizadores podem actualizar ou reduzir o seu plano de subscri\u00e7\u00e3o em qualquer altura para ajustar o n\u00edvel de funcionalidade a que t\u00eam acesso.[\/et_pb_toggle][et_pb_toggle title=&#8221;Que m\u00e9todos de pagamento aceitam?&#8221; open_toggle_text_color=&#8221;#FFFFFF&#8221; icon_color=&#8221;#E02B20&#8243; module_class=&#8221;toggle-box&#8221; _builder_version=&#8221;4.19.4&#8243; _module_preset=&#8221;default&#8221; title_text_color=&#8221;#FFFFFF&#8221; title_font=&#8221;|700|||||||&#8221; title_font_size=&#8221;18px&#8221; title_letter_spacing=&#8221;1px&#8221; title_line_height=&#8221;24px&#8221; background_color=&#8221;RGBA(255,255,255,0)&#8221; custom_margin=&#8221;||8px||false|false&#8221; custom_padding=&#8221;34px||34px||true|false&#8221; global_colors_info=&#8221;{}&#8221; background__hover_enabled=&#8221;off|hover&#8221; background_enable_color__hover=&#8221;off&#8221; title_text_color__hover_enabled=&#8221;on|hover&#8221; title_text_color__hover=&#8221;#202020&#8243;]Para pagamentos mensais\/anuais, a plataforma aceita Visa, Mastercard, e PayPal. Para pr\u00e9-pagamentos, a moeda criptogr\u00e1fica tamb\u00e9m \u00e9 aceite (BTC, ETH, BNB, LTC, XRP, e mais). A informa\u00e7\u00e3o submetida \u00e9 encriptada para seguran\u00e7a.[\/et_pb_toggle][et_pb_toggle title=&#8221;Posso cancelar o meu plano de assinatura anual SAGEMASTER em qualquer altura?&#8221; open_toggle_text_color=&#8221;#FFFFFF&#8221; icon_color=&#8221;#E02B20&#8243; module_class=&#8221;toggle-box&#8221; _builder_version=&#8221;4.19.4&#8243; _module_preset=&#8221;default&#8221; title_text_color=&#8221;#FFFFFF&#8221; title_font=&#8221;|700|||||||&#8221; title_font_size=&#8221;18px&#8221; title_letter_spacing=&#8221;1px&#8221; title_line_height=&#8221;24px&#8221; background_color=&#8221;RGBA(255,255,255,0)&#8221; custom_margin=&#8221;||8px||false|false&#8221; custom_padding=&#8221;34px||34px||true|false&#8221; global_colors_info=&#8221;{}&#8221; background__hover_enabled=&#8221;off|hover&#8221; background_enable_color__hover=&#8221;off&#8221; title_text_color__hover_enabled=&#8221;on|hover&#8221; title_text_color__hover=&#8221;#202020&#8243;]Sim, pode cancelar o seu plano de assinatura anual SAGEMASTER em qualquer altura. N\u00e3o h\u00e1 taxas de cancelamento nem penaliza\u00e7\u00f5es.[\/et_pb_toggle][et_pb_toggle title=&#8221;Como posso obter um reembolso?&#8221; open_toggle_text_color=&#8221;#FFFFFF&#8221; icon_color=&#8221;#E02B20&#8243; module_class=&#8221;toggle-box&#8221; _builder_version=&#8221;4.19.4&#8243; _module_preset=&#8221;default&#8221; title_text_color=&#8221;#FFFFFF&#8221; title_font=&#8221;|700|||||||&#8221; title_font_size=&#8221;18px&#8221; title_letter_spacing=&#8221;1px&#8221; title_line_height=&#8221;24px&#8221; background_color=&#8221;RGBA(255,255,255,0)&#8221; custom_margin=&#8221;||8px||false|false&#8221; custom_padding=&#8221;34px||34px||true|false&#8221; global_colors_info=&#8221;{}&#8221; background__hover_enabled=&#8221;off|hover&#8221; background_enable_color__hover=&#8221;off&#8221; title_text_color__hover_enabled=&#8221;on|hover&#8221; title_text_color__hover=&#8221;#202020&#8243;]As subscri\u00e7\u00f5es podem ser canceladas em qualquer altura, mas n\u00e3o h\u00e1 reembolsos para utiliza\u00e7\u00e3o parcial ou tempo n\u00e3o utilizado.[\/et_pb_toggle][et_pb_toggle title=&#8221;Posso obter ajuda do apoio ao cliente?&#8221; open_toggle_text_color=&#8221;#FFFFFF&#8221; icon_color=&#8221;#E02B20&#8243; module_class=&#8221;toggle-box&#8221; _builder_version=&#8221;4.19.4&#8243; _module_preset=&#8221;default&#8221; title_text_color=&#8221;#FFFFFF&#8221; title_font=&#8221;|700|||||||&#8221; title_font_size=&#8221;18px&#8221; title_letter_spacing=&#8221;1px&#8221; title_line_height=&#8221;24px&#8221; background_color=&#8221;RGBA(255,255,255,0)&#8221; custom_margin=&#8221;||8px||false|false&#8221; custom_padding=&#8221;34px||34px||true|false&#8221; global_colors_info=&#8221;{}&#8221; background__hover_enabled=&#8221;off|hover&#8221; background_enable_color__hover=&#8221;off&#8221; title_text_color__hover_enabled=&#8221;on|hover&#8221; title_text_color__hover=&#8221;#202020&#8243;]Sim, oferecemos apoio ao cliente atrav\u00e9s da nossa funcionalidade de chat. Pode aceder \u00e0 fun\u00e7\u00e3o de conversa a partir da p\u00e1gina de apoio.[\/et_pb_toggle][\/et_pb_column][\/et_pb_row][\/et_pb_section]<\/p>\n","protected":false},"excerpt":{"rendered":"<p>Planos e pre\u00e7os&nbsp; FAQO plano de subscri\u00e7\u00e3o anual SAGEMASTER inclui acesso ilimitado \u00e0 nossa premiada plataforma de negocia\u00e7\u00e3o, acesso a dados de mercado de alta qualidade, an\u00e1lises de negocia\u00e7\u00e3o em tempo real, e ferramentas de gr\u00e1ficos avan\u00e7ados. Al\u00e9m disso, ter\u00e1 acesso \u00e0 nossa equipa de apoio para quaisquer quest\u00f5es ou ajuda de que possa necessitar.O [&hellip;]<\/p>\n","protected":false},"author":1,"featured_media":57225,"parent":0,"menu_order":0,"comment_status":"closed","ping_status":"closed","template":"","meta":{"_acf_changed":false,"_et_pb_use_builder":"on","_et_pb_old_content":"","_et_gb_content_width":"","om_disable_all_campaigns":false,"inline_featured_image":false,"_monsterinsights_skip_tracking":false,"_monsterinsights_sitenote_active":false,"_monsterinsights_sitenote_note":"","_monsterinsights_sitenote_category":0,"_uf_show_specific_survey":0,"_uf_disable_surveys":false,"footnotes":""},"class_list":["post-57539","page","type-page","status-publish","has-post-thumbnail","hentry"],"acf":[],"aioseo_notices":[],"_links":{"self":[{"href":"https:\/\/sagemaster.com\/pt-pt\/wp-json\/wp\/v2\/pages\/57539","targetHints":{"allow":["GET"]}}],"collection":[{"href":"https:\/\/sagemaster.com\/pt-pt\/wp-json\/wp\/v2\/pages"}],"about":[{"href":"https:\/\/sagemaster.com\/pt-pt\/wp-json\/wp\/v2\/types\/page"}],"author":[{"embeddable":true,"href":"https:\/\/sagemaster.com\/pt-pt\/wp-json\/wp\/v2\/users\/1"}],"replies":[{"embeddable":true,"href":"https:\/\/sagemaster.com\/pt-pt\/wp-json\/wp\/v2\/comments?post=57539"}],"version-history":[{"count":12,"href":"https:\/\/sagemaster.com\/pt-pt\/wp-json\/wp\/v2\/pages\/57539\/revisions"}],"predecessor-version":[{"id":66213,"href":"https:\/\/sagemaster.com\/pt-pt\/wp-json\/wp\/v2\/pages\/57539\/revisions\/66213"}],"wp:featuredmedia":[{"embeddable":true,"href":"https:\/\/sagemaster.com\/pt-pt\/wp-json\/wp\/v2\/media\/57225"}],"wp:attachment":[{"href":"https:\/\/sagemaster.com\/pt-pt\/wp-json\/wp\/v2\/media?parent=57539"}],"curies":[{"name":"wp","href":"https:\/\/api.w.org\/{rel}","templated":true}]}}