{"id":67859,"date":"2026-01-23T19:19:13","date_gmt":"2026-01-23T19:19:13","guid":{"rendered":"https:\/\/sagemaster.com\/noticias-e-media\/"},"modified":"2026-01-26T09:47:29","modified_gmt":"2026-01-26T09:47:29","slug":"noticias-e-media","status":"publish","type":"page","link":"https:\/\/sagemaster.com\/pt-pt\/noticias-e-media\/","title":{"rendered":"Not\u00edcias e Media"},"content":{"rendered":"<p>[et_pb_section fb_built=&#8221;1&#8243; custom_padding_last_edited=&#8221;on|phone&#8221; module_id=&#8221;hero-trading&#8221; _builder_version=&#8221;4.19.4&#8243; _module_preset=&#8221;default&#8221; background_color=&#8221;#131313&#8243; background_image=&#8221;https:\/\/sagemaster.com\/wp-content\/uploads\/2023\/01\/Hero.png&#8221; background_position=&#8221;bottom_center&#8221; background_vertical_offset=&#8221;92%&#8221; module_alignment=&#8221;right&#8221; custom_padding=&#8221;80px||0px||false|false&#8221; custom_padding_tablet=&#8221;80px||80px||false|false&#8221; custom_padding_phone=&#8221;80px||50px||false|false&#8221; background_last_edited=&#8221;on|phone&#8221; background_image_phone=&#8221;https:\/\/sagemaster.com\/wp-content\/uploads\/2023\/02\/hero-bc.png&#8221; background_enable_image_phone=&#8221;on&#8221; global_colors_info=&#8221;{}&#8221;][et_pb_row column_structure=&#8221;1_2,1_2&#8243; _builder_version=&#8221;4.19.4&#8243; _module_preset=&#8221;default&#8221; custom_margin=&#8221;0px||20px||false|false&#8221; custom_padding=&#8221;20px||0px||false|false&#8221; hover_enabled=&#8221;0&#8243; global_colors_info=&#8221;{}&#8221; sticky_enabled=&#8221;0&#8243;][et_pb_column type=&#8221;1_2&#8243; module_class=&#8221;first-fold-col2&#8243; _builder_version=&#8221;4.19.4&#8243; _module_preset=&#8221;default&#8221; custom_padding=&#8221;8%||8%||true|false&#8221; global_colors_info=&#8221;{}&#8221;][et_pb_image src=&#8221;https:\/\/sagemaster.com\/wp-content\/uploads\/2023\/01\/graphs.png&#8221; title_text=&#8221;gr\u00e1ficos&#8221; module_class=&#8221;black-image&#8221; _builder_version=&#8221;4.19.4&#8243; _module_preset=&#8221;default&#8221; global_colors_info=&#8221;{}&#8221;][\/et_pb_image][et_pb_image src=&#8221;https:\/\/sagemaster.com\/wp-content\/uploads\/2023\/03\/graphs.png&#8221; title_text=&#8221;gr\u00e1ficos&#8221; module_class=&#8221;white-image&#8221; _builder_version=&#8221;4.19.4&#8243; _module_preset=&#8221;default&#8221; global_colors_info=&#8221;{}&#8221;][\/et_pb_image][\/et_pb_column][et_pb_column type=&#8221;1_2&#8243; module_class=&#8221;first-fold-col1&#8243; _builder_version=&#8221;4.19.4&#8243; _module_preset=&#8221;default&#8221; custom_padding=&#8221;18%||||false|false&#8221; global_colors_info=&#8221;{}&#8221;][et_pb_text module_class=&#8221;text-corr&#8221; _builder_version=&#8221;4.19.4&#8243; _module_preset=&#8221;default&#8221; text_font=&#8221;|700|||||||&#8221; text_font_size=&#8221;18px&#8221; text_letter_spacing=&#8221;0.75px&#8221; text_line_height=&#8221;32px&#8221; header_font=&#8221;|700|||||||&#8221; header_font_size=&#8221;70px&#8221; header_letter_spacing=&#8221;1px&#8221; header_line_height=&#8221;120px&#8221; hover_enabled=&#8221;0&#8243; text_font_size_tablet=&#8221;18px&#8221; text_font_size_phone=&#8221;18px&#8221; text_font_size_last_edited=&#8221;on|phone&#8221; text_line_height_tablet=&#8221;22px&#8221; text_line_height_phone=&#8221;32px&#8221; text_line_height_last_edited=&#8221;on|phone&#8221; header_font_size_tablet=&#8221;32px&#8221; header_font_size_phone=&#8221;24px&#8221; header_font_size_last_edited=&#8221;on|phone&#8221; header_line_height_tablet=&#8221;41px&#8221; header_line_height_phone=&#8221;32px&#8221; header_line_height_last_edited=&#8221;on|phone&#8221; global_colors_info=&#8221;{}&#8221; sticky_enabled=&#8221;0&#8243;]<\/p>\n<h1>Not\u00edcias e Media<\/h1>\n<div class=\"et_pb_module et_pb_text et_pb_text_0 text-corr et_pb_text_align_left et_pb_bg_layout_light\">\n<div class=\"et_pb_text_inner\">\n<p>Explore as \u00faltimas atualiza\u00e7\u00f5es, an\u00fancios e destaques medi\u00e1ticos da nossa equipa. Este espa\u00e7o re\u00fane not\u00edcias importantes, insights de mercado e cobertura de meios de confian\u00e7a, mantendo-o informado sobre tudo o que se passa em torno da SageMaster. <\/p>\n<\/div>\n<\/div>\n<p>[\/et_pb_text][\/et_pb_column][\/et_pb_row][\/et_pb_section][et_pb_section fb_built=&#8221;1&#8243; custom_padding_last_edited=&#8221;on|phone&#8221; module_class=&#8221;simple-assist grid-first&#8221; _builder_version=&#8221;4.19.4&#8243; _module_preset=&#8221;default&#8221; background_color=&#8221;#131313&#8243; background_size=&#8221;initial&#8221; custom_padding=&#8221;60px||0px||false|false&#8221; custom_padding_tablet=&#8221;100px||100px||false|false&#8221; custom_padding_phone=&#8221;48px||0px||false|false&#8221; hover_enabled=&#8221;0&#8243; background_last_edited=&#8221;on|tablet&#8221; background_enable_image_tablet=&#8221;off&#8221; background_enable_image_phone=&#8221;off&#8221; global_colors_info=&#8221;{}&#8221; background_enable_image=&#8221;off&#8221; sticky_enabled=&#8221;0&#8243;][et_pb_row _builder_version=&#8221;4.19.4&#8243; _module_preset=&#8221;default&#8221;][et_pb_column _builder_version=&#8221;4.19.4&#8243; _module_preset=&#8221;default&#8221; type=&#8221;4_4&#8243;][et_pb_blog _builder_version=&#8221;4.19.4&#8243; _module_preset=&#8221;default&#8221; post_type=&#8221;news-media&#8221; posts_number=&#8221;9&#8243; meta_date=&#8221;j\/M\/Y&#8221; excerpt_length=&#8221;200&#8243; show_author=&#8221;off&#8221; show_categories=&#8221;off&#8221; fullwidth=&#8221;off&#8221; header_text_color=&#8221;#000000&#8243; border_radii=&#8221;on|25px|25px|25px|25px&#8221; border_width_all=&#8221;2px&#8221; border_color_all=&#8221;#d0fc81&#8243; hover_enabled=&#8221;0&#8243; sticky_enabled=&#8221;0&#8243; module_class=&#8221;dt-blog-equal-height&#8221;][\/et_pb_blog][\/et_pb_column][\/et_pb_row][\/et_pb_section]<\/p>\n","protected":false},"excerpt":{"rendered":"<p>Not\u00edcias e Media Explore as \u00faltimas atualiza\u00e7\u00f5es, an\u00fancios e destaques medi\u00e1ticos da nossa equipa. Este espa\u00e7o re\u00fane not\u00edcias importantes, insights de mercado e cobertura de meios de confian\u00e7a, mantendo-o informado sobre tudo o que se passa em torno da SageMaster.<\/p>\n","protected":false},"author":6,"featured_media":0,"parent":0,"menu_order":0,"comment_status":"closed","ping_status":"closed","template":"","meta":{"_acf_changed":false,"_et_pb_use_builder":"on","_et_pb_old_content":"","_et_gb_content_width":"","om_disable_all_campaigns":false,"inline_featured_image":false,"_monsterinsights_skip_tracking":false,"_monsterinsights_sitenote_active":false,"_monsterinsights_sitenote_note":"","_monsterinsights_sitenote_category":0,"_uf_show_specific_survey":0,"_uf_disable_surveys":false,"footnotes":""},"class_list":["post-67859","page","type-page","status-publish","hentry"],"acf":[],"aioseo_notices":[],"_links":{"self":[{"href":"https:\/\/sagemaster.com\/pt-pt\/wp-json\/wp\/v2\/pages\/67859","targetHints":{"allow":["GET"]}}],"collection":[{"href":"https:\/\/sagemaster.com\/pt-pt\/wp-json\/wp\/v2\/pages"}],"about":[{"href":"https:\/\/sagemaster.com\/pt-pt\/wp-json\/wp\/v2\/types\/page"}],"author":[{"embeddable":true,"href":"https:\/\/sagemaster.com\/pt-pt\/wp-json\/wp\/v2\/users\/6"}],"replies":[{"embeddable":true,"href":"https:\/\/sagemaster.com\/pt-pt\/wp-json\/wp\/v2\/comments?post=67859"}],"version-history":[{"count":6,"href":"https:\/\/sagemaster.com\/pt-pt\/wp-json\/wp\/v2\/pages\/67859\/revisions"}],"predecessor-version":[{"id":67875,"href":"https:\/\/sagemaster.com\/pt-pt\/wp-json\/wp\/v2\/pages\/67859\/revisions\/67875"}],"wp:attachment":[{"href":"https:\/\/sagemaster.com\/pt-pt\/wp-json\/wp\/v2\/media?parent=67859"}],"curies":[{"name":"wp","href":"https:\/\/api.w.org\/{rel}","templated":true}]}}