{"id":57569,"date":"2023-02-06T16:40:08","date_gmt":"2023-02-06T16:40:08","guid":{"rendered":"https:\/\/sagemaster.com\/cenove-plany\/"},"modified":"2026-01-24T13:09:31","modified_gmt":"2026-01-24T13:09:31","slug":"cenove-plany","status":"publish","type":"page","link":"https:\/\/sagemaster.com\/sk\/cenove-plany\/","title":{"rendered":"Cenov\u00e9 pl\u00e1ny"},"content":{"rendered":"<p>[et_pb_section fb_built=&#8220;1&#8243; disabled_on=&#8220;off|off|off&#8220; admin_label=&#8220;Pricing with Monthly-Yearly Switch (Divicio.us)&#8220; module_id=&#8220;hero-home&#8220; module_class=&#8220;pricinig-part&#8220; _builder_version=&#8220;4.19.4&#8243; background_color=&#8220;#131313&#8243; background_image=&#8220;https:\/\/sagemaster.com\/wp-content\/uploads\/2023\/01\/01-Neon-35.png&#8220; background_size=&#8220;initial&#8220; custom_padding=&#8220;200px|0||0px|false|false&#8220; collapsed=&#8220;off&#8220; global_colors_info=&#8220;{}&#8220;][et_pb_row _builder_version=&#8220;4.19.4&#8243; _module_preset=&#8220;default&#8220; custom_margin=&#8220;0px||20px||false|false&#8220; custom_margin_tablet=&#8220;0px||20px||false|false&#8220; custom_margin_phone=&#8220;0px||50px||false|false&#8220; custom_margin_last_edited=&#8220;on|phone&#8220; custom_padding=&#8220;0px||0px||true|false&#8220; global_colors_info=&#8220;{}&#8220; width__hover_enabled=&#8220;on|desktop&#8220;][et_pb_column type=&#8220;4_4&#8243; _builder_version=&#8220;4.19.4&#8243; _module_preset=&#8220;default&#8220; custom_padding=&#8220;||||false|false&#8220; global_colors_info=&#8220;{}&#8220;][et_pb_text _builder_version=&#8220;4.19.4&#8243; _module_preset=&#8220;default&#8220; text_font=&#8220;||||||||&#8220; text_font_size=&#8220;15px&#8220; text_line_height=&#8220;24px&#8220; header_font=&#8220;|700|||||||&#8220; header_text_align=&#8220;center&#8220; header_font_size=&#8220;70px&#8220; header_letter_spacing=&#8220;1px&#8220; header_line_height=&#8220;84px&#8220; custom_margin=&#8220;||24px||false|false&#8220; custom_padding=&#8220;0px||0px||true|false&#8220; header_font_size_tablet=&#8220;32px&#8220; header_font_size_phone=&#8220;32px&#8220; header_font_size_last_edited=&#8220;on|phone&#8220; header_line_height_tablet=&#8220;84px&#8220; header_line_height_phone=&#8220;44px&#8220; header_line_height_last_edited=&#8220;on|phone&#8220; header_2_font_size_tablet=&#8220;&#8220; header_2_font_size_phone=&#8220;&#8220; header_2_font_size_last_edited=&#8220;on|tablet&#8220; global_colors_info=&#8220;{}&#8220;]<\/p>\n<h1>Pl\u00e1ny a ceny<\/h1>\n<p>[\/et_pb_text][et_pb_button button_text=&#8220;Zaregistrujte sa ZDARMA!&#8220; button_alignment=&#8220;center&#8220; button_alignment_tablet=&#8220;center&#8220; button_alignment_phone=&#8220;center&#8220; button_alignment_last_edited=&#8220;on|phone&#8220; _builder_version=&#8220;4.19.4&#8243; _module_preset=&#8220;default&#8220; custom_button=&#8220;on&#8220; button_text_size=&#8220;18px&#8220; button_text_color=&#8220;#303030&#8243; button_bg_use_color_gradient=&#8220;on&#8220; button_bg_color_gradient_direction=&#8220;90deg&#8220; button_bg_color_gradient_stops=&#8220;#aaf7c1 0%|#d0fc81 100%&#8220; button_border_width=&#8220;2px&#8220; button_border_color=&#8220;#d0fc81&#8243; button_border_radius=&#8220;4px&#8220; button_letter_spacing=&#8220;0.75px&#8220; button_font=&#8220;Poppins|700|||||||&#8220; button_use_icon=&#8220;off&#8220; custom_margin=&#8220;0px|0px|0px|0px|false|true&#8220; custom_margin_tablet=&#8220;24px||||false|true&#8220; custom_margin_phone=&#8220;24px||||false|true&#8220; custom_margin_last_edited=&#8220;on|tablet&#8220; custom_padding=&#8220;12px|32px|12px|32px|true|true&#8220; global_colors_info=&#8220;{}&#8220; button_bg_color__hover_enabled=&#8220;on|hover&#8220; button_bg_color__hover=&#8220;RGBA(255,255,255,0)&#8220; button_bg_enable_color__hover=&#8220;on&#8220; button_text_color__hover_enabled=&#8220;on|hover&#8220; button_text_color__hover=&#8220;#FFFFFF&#8220; button_border_width__hover_enabled=&#8220;on|hover&#8220; button_border_color__hover_enabled=&#8220;on|hover&#8220; button_border_color__hover=&#8220;#d0fc81&#8243; button_border_width__hover=&#8220;2px&#8220; custom_css_main_element_last_edited=&#8220;on|tablet&#8220; custom_css_main_element_phone=&#8220;width: 100%;&#8220; button_bg_use_color_gradient__hover=&#8220;off&#8220; custom_css_main_element_tablet=&#8220;width: auto;||&#8220;][\/et_pb_button][\/et_pb_column][\/et_pb_row][et_pb_row _builder_version=&#8220;4.19.4&#8243; _module_preset=&#8220;default&#8220; global_colors_info=&#8220;{}&#8220;][et_pb_column type=&#8220;4_4&#8243; _builder_version=&#8220;4.19.4&#8243; _module_preset=&#8220;default&#8220; global_colors_info=&#8220;{}&#8220;][et_pb_button button_url=&#8220;https:\/\/sagemaster.com\/sk\/kontaktujte-nas\/&#8220; button_text=&#8220;Kontaktujte n\u00e1s pre firemn\u00e9\/vlastn\u00e9 pl\u00e1ny&#8220; button_alignment=&#8220;center&#8220; admin_label=&#8220;Button &#8211; Pricing 2&#8243; module_class=&#8220;dvcs_switch_btn_1 dvcs_active&#8220; _builder_version=&#8220;4.19.4&#8243; custom_button=&#8220;on&#8220; button_border_width=&#8220;2px&#8220; button_use_icon=&#8220;off&#8220; custom_margin=&#8220;0px|0px|0px|0px|false|true&#8220; custom_padding=&#8220;12px|32px|12px|32px|true|true&#8220; hover_transition_duration=&#8220;400ms&#8220; button_border_radius_hover=&#8220;100px&#8220; button_bg_color_hover=&#8220;#ffffff&#8220; locked=&#8220;off&#8220; global_colors_info=&#8220;{}&#8220; button_text_size__hover_enabled=&#8220;off&#8220; button_one_text_size__hover_enabled=&#8220;off&#8220; button_two_text_size__hover_enabled=&#8220;off&#8220; button_text_color__hover_enabled=&#8220;on|hover&#8220; button_one_text_color__hover_enabled=&#8220;off&#8220; button_two_text_color__hover_enabled=&#8220;off&#8220; button_border_width__hover_enabled=&#8220;on|hover&#8220; button_one_border_width__hover_enabled=&#8220;off&#8220; button_two_border_width__hover_enabled=&#8220;off&#8220; button_border_color__hover_enabled=&#8220;on|hover&#8220; button_one_border_color__hover_enabled=&#8220;off&#8220; button_two_border_color__hover_enabled=&#8220;off&#8220; button_border_radius__hover_enabled=&#8220;on|hover&#8220; button_one_border_radius__hover_enabled=&#8220;off&#8220; button_two_border_radius__hover_enabled=&#8220;off&#8220; button_letter_spacing__hover_enabled=&#8220;off&#8220; button_one_letter_spacing__hover_enabled=&#8220;off&#8220; button_two_letter_spacing__hover_enabled=&#8220;off&#8220; button_bg_color__hover_enabled=&#8220;on|hover&#8220; button_bg_color__hover=&#8220;RGBA(255,255,255,0)&#8220; button_one_bg_color__hover_enabled=&#8220;off&#8220; button_two_bg_color__hover_enabled=&#8220;off&#8220; sticky_enabled=&#8220;0&#8243; button_alignment_tablet=&#8220;center&#8220; button_alignment_phone=&#8220;center&#8220; button_alignment_last_edited=&#8220;on|phone&#8220; button_text_size=&#8220;18px&#8220; button_text_color=&#8220;#303030&#8243; button_text_color__hover=&#8220;#FFFFFF&#8220; button_bg_use_color_gradient=&#8220;on&#8220; button_bg_color_gradient_direction=&#8220;90deg&#8220; button_bg_color_gradient_stops=&#8220;#aaf7c1 0%|#d0fc81 100%&#8220; button_border_width__hover=&#8220;2px&#8220; button_border_color=&#8220;#d0fc81&#8243; button_border_color__hover=&#8220;#d0fc81&#8243; button_border_radius=&#8220;4px&#8220; button_letter_spacing=&#8220;0.75px&#8220; button_font=&#8220;Poppins|700|||||||&#8220; custom_margin_tablet=&#8220;24px||||false|true&#8220; custom_margin_phone=&#8220;24px||||false|true&#8220; custom_margin_last_edited=&#8220;on|tablet&#8220; hover_enabled=&#8220;0&#8243; button_border_radius__hover=&#8220;4px&#8220;]&nbsp;<br \/>\n[\/et_pb_button][\/et_pb_column][\/et_pb_row][\/et_pb_section][et_pb_section fb_built=&#8220;1&#8243; custom_padding_last_edited=&#8220;on|phone&#8220; module_id=&#8220;pricing-faq&#8220; _builder_version=&#8220;4.19.4&#8243; _module_preset=&#8220;default&#8220; background_color=&#8220;#131313&#8243; background_image=&#8220;https:\/\/sagemaster.com\/wp-content\/uploads\/2023\/01\/Frame-32-1.png&#8220; custom_padding=&#8220;60px||200px||false|false&#8220; custom_padding_tablet=&#8220;60px||200px||false|false&#8220; custom_padding_phone=&#8220;40px||100px||false|false&#8220; global_colors_info=&#8220;{}&#8220;][et_pb_row custom_padding_last_edited=&#8220;on|phone&#8220; _builder_version=&#8220;4.19.4&#8243; _module_preset=&#8220;default&#8220; custom_margin_tablet=&#8220;&#8220; custom_margin_phone=&#8220;0px||0px||true|false&#8220; custom_margin_last_edited=&#8220;on|phone&#8220; custom_padding_tablet=&#8220;0px||0px||true|false&#8220; custom_padding_phone=&#8220;0px||0px||true|false&#8220; global_colors_info=&#8220;{}&#8220;][et_pb_column type=&#8220;4_4&#8243; _builder_version=&#8220;4.19.4&#8243; _module_preset=&#8220;default&#8220; global_colors_info=&#8220;{}&#8220;][et_pb_text _builder_version=&#8220;4.19.4&#8243; _module_preset=&#8220;default&#8220; header_2_font=&#8220;|700|||||||&#8220; header_2_text_align=&#8220;center&#8220; header_2_font_size=&#8220;40px&#8220; header_2_letter_spacing=&#8220;1px&#8220; header_2_line_height=&#8220;48px&#8220; custom_margin=&#8220;||50px||false|false&#8220; custom_margin_tablet=&#8220;||50px||false|false&#8220; custom_margin_phone=&#8220;||24px||false|false&#8220; custom_margin_last_edited=&#8220;on|phone&#8220; header_2_font_size_tablet=&#8220;40px&#8220; header_2_font_size_phone=&#8220;32px&#8220; header_2_font_size_last_edited=&#8220;on|phone&#8220; global_colors_info=&#8220;{}&#8220;]<\/p>\n<h2>\u010cASTO KLADEN\u00c9 OT\u00c1ZKY<\/h2>\n<p>[\/et_pb_text][\/et_pb_column][\/et_pb_row][et_pb_row custom_padding_last_edited=&#8220;on|phone&#8220; _builder_version=&#8220;4.19.4&#8243; _module_preset=&#8220;default&#8220; custom_margin_tablet=&#8220;&#8220; custom_margin_phone=&#8220;0px||0px||true|false&#8220; custom_margin_last_edited=&#8220;on|phone&#8220; custom_padding_tablet=&#8220;&#8220; custom_padding_phone=&#8220;0px||0px||true|false&#8220; global_colors_info=&#8220;{}&#8220;][et_pb_column type=&#8220;4_4&#8243; _builder_version=&#8220;4.19.4&#8243; _module_preset=&#8220;default&#8220; global_colors_info=&#8220;{}&#8220;][et_pb_toggle title=&#8220;\u010co je s\u00fa\u010das\u0165ou ro\u010dn\u00e9ho predplatn\u00e9ho SAGEMASTER?&#8220; open_toggle_text_color=&#8220;#FFFFFF&#8220; icon_color=&#8220;#E02B20&#8243; _builder_version=&#8220;4.19.4&#8243; _module_preset=&#8220;default&#8220; title_text_color=&#8220;#FFFFFF&#8220; title_font=&#8220;|700|||||||&#8220; title_font_size=&#8220;18px&#8220; title_letter_spacing=&#8220;1px&#8220; title_line_height=&#8220;24px&#8220; background_color=&#8220;RGBA(255,255,255,0)&#8220; custom_margin=&#8220;||8px||false|false&#8220; custom_padding=&#8220;34px||34px||true|false&#8220; border_radii=&#8220;on|8px|8px|8px|8px&#8220; global_colors_info=&#8220;{}&#8220; background__hover_enabled=&#8220;on|hover&#8220; background_color__hover=&#8220;&#8220; background_enable_color__hover=&#8220;off&#8220; title_text_color__hover_enabled=&#8220;on|hover&#8220; title_text_color__hover=&#8220;#202020&#8243; closed_toggle_background_color__hover_enabled=&#8220;off|hover&#8220; closed_toggle_background_color__hover=&#8220;#E09900&#8243;]<\/p>\n<p>Ro\u010dn\u00e9 predplatn\u00e9 SAGEMASTER zah\u0155\u0148a neobmedzen\u00fd pr\u00edstup k na\u0161ej oce\u0148ovanej obchodnej platforme, pr\u00edstup k vysokokvalitn\u00fdm trhov\u00fdm \u00fadajom, analytike obchodovania v re\u00e1lnom \u010dase a pokro\u010dil\u00fdm n\u00e1strojom na tvorbu grafov. Okrem toho budete ma\u0165 pr\u00edstup k n\u00e1\u0161mu t\u00edmu podpory pre ak\u00e9ko\u013evek ot\u00e1zky alebo pomoc, ktor\u00fa m\u00f4\u017eete potrebova\u0165.<\/p>\n<p>[\/et_pb_toggle][et_pb_toggle title=&#8220;Ko\u013eko stoj\u00ed ro\u010dn\u00e9 predplatn\u00e9 SAGEMASTER?&#8220; closed_toggle_text_color=&#8220;#FFFFFF&#8220; _builder_version=&#8220;4.19.4&#8243; _module_preset=&#8220;default&#8220; title_font=&#8220;|700|||||||&#8220; title_font_size=&#8220;18px&#8220; title_letter_spacing=&#8220;1px&#8220; title_line_height=&#8220;24px&#8220; background_color=&#8220;RGBA(255,255,255,0)&#8220; custom_margin=&#8220;||8px||false|false&#8220; custom_padding=&#8220;34px||34px||true|false&#8220; border_radii=&#8220;on|8px|8px|8px|8px&#8220; global_colors_info=&#8220;{}&#8220; background__hover_enabled=&#8220;off|desktop&#8220; background_enable_color__hover=&#8220;off&#8220; title_text_color__hover_enabled=&#8220;off|desktop&#8220; title_text_color__hover=&#8220;#202020&#8243;]<\/p>\n<p>Z\u00e1kladn\u00fd pl\u00e1n stoj\u00ed 299 dol\u00e1rov ro\u010dne, pl\u00e1n Advanced 999 dol\u00e1rov ro\u010dne a pl\u00e1n Pro 1500 dol\u00e1rov ro\u010dne.<br \/>Pozrite si na\u0161u str\u00e1nku s predplatn\u00fdm: https: <a href=\"https:\/\/sagemaster.com\/en\/subscriptions\/\">\/\/sagemaster.com\/en\/subscriptions\/<\/a><\/p>\n<p>[\/et_pb_toggle][et_pb_toggle title=&#8220;\u010co sa stane po skon\u010den\u00ed bezplatn\u00e9ho sk\u00fa\u0161obn\u00e9ho obdobia?&#8220; open_toggle_text_color=&#8220;#FFFFFF&#8220; icon_color=&#8220;#E02B20&#8243; module_class=&#8220;toggle-box&#8220; _builder_version=&#8220;4.19.4&#8243; _module_preset=&#8220;default&#8220; title_text_color=&#8220;#FFFFFF&#8220; title_font=&#8220;|700|||||||&#8220; title_font_size=&#8220;18px&#8220; title_letter_spacing=&#8220;1px&#8220; title_line_height=&#8220;24px&#8220; background_color=&#8220;RGBA(255,255,255,0)&#8220; custom_margin=&#8220;||8px||false|false&#8220; custom_padding=&#8220;34px||34px||true|false&#8220; global_colors_info=&#8220;{}&#8220; background__hover_enabled=&#8220;on|hover&#8220; background_color__hover=&#8220;&#8220; background_enable_color__hover=&#8220;off&#8220; title_text_color__hover_enabled=&#8220;on|hover&#8220; title_text_color__hover=&#8220;#202020&#8243;]Po skon\u010den\u00ed bezplatnej sk\u00fa\u0161obnej verzie si pou\u017e\u00edvate\u013e m\u00f4\u017ee vybra\u0165 platen\u00fd pl\u00e1n a pokra\u010dova\u0165 v pou\u017e\u00edvan\u00ed v\u0161etk\u00fdch funkci\u00ed platformy v re\u017eime Live. Ak sa rozhodn\u00fa zosta\u0165 v bezplatnom pl\u00e1ne, stratia niektor\u00e9 funkcie.[\/et_pb_toggle][et_pb_toggle title=&#8220;\u00da\u010dtuje si spolo\u010dnos\u0165 SageMaster nejak\u00e9 poplatky za obchody?&#8220; open_toggle_text_color=&#8220;#FFFFFF&#8220; icon_color=&#8220;#E02B20&#8243; module_class=&#8220;toggle-box&#8220; _builder_version=&#8220;4.19.4&#8243; _module_preset=&#8220;default&#8220; title_text_color=&#8220;#FFFFFF&#8220; title_font=&#8220;|700|||||||&#8220; title_font_size=&#8220;18px&#8220; title_letter_spacing=&#8220;1px&#8220; title_line_height=&#8220;24px&#8220; background_color=&#8220;RGBA(255,255,255,0)&#8220; custom_margin=&#8220;||8px||false|false&#8220; custom_padding=&#8220;34px||34px||true|false&#8220; global_colors_info=&#8220;{}&#8220; background__hover_enabled=&#8220;on|desktop&#8220; background_color__hover=&#8220;&#8220; background_enable_color__hover=&#8220;off&#8220; title_text_color__hover_enabled=&#8220;on|hover&#8220; title_text_color__hover=&#8220;#202020&#8243;]Z obchodov sa neplatia \u017eiadne poplatky, iba mesa\u010dn\u00e9 predplatn\u00e9 za pr\u00edstup k n\u00e1strojom platformy na efekt\u00edvne obchodovanie a spr\u00e1vu kryptomien.[\/et_pb_toggle][et_pb_toggle title=&#8220;  M\u00f4\u017eem aktualizova\u0165 a zni\u017eova\u0165 \u00farove\u0148 pl\u00e1nov?&#8220; open_toggle_text_color=&#8220;#FFFFFF&#8220; icon_color=&#8220;#E02B20&#8243; module_class=&#8220;toggle-box&#8220; _builder_version=&#8220;4.19.4&#8243; _module_preset=&#8220;default&#8220; title_text_color=&#8220;#FFFFFF&#8220; title_font=&#8220;|700|||||||&#8220; title_font_size=&#8220;18px&#8220; title_letter_spacing=&#8220;1px&#8220; title_line_height=&#8220;24px&#8220; background_color=&#8220;RGBA(255,255,255,0)&#8220; custom_margin=&#8220;||8px||false|false&#8220; custom_padding=&#8220;34px||34px||true|false&#8220; global_colors_info=&#8220;{}&#8220; background__hover_enabled=&#8220;off|hover&#8220; background_enable_color__hover=&#8220;off&#8220; title_text_color__hover_enabled=&#8220;on|hover&#8220; title_text_color__hover=&#8220;#202020&#8243;]Pou\u017e\u00edvatelia m\u00f4\u017eu kedyko\u013evek zv\u00fd\u0161i\u0165 alebo zn\u00ed\u017ei\u0165 \u00farove\u0148 svojho predplatn\u00e9ho a upravi\u0165 tak \u00farove\u0148 funkci\u00ed, ku ktor\u00fdm maj\u00fa pr\u00edstup.[\/et_pb_toggle][et_pb_toggle title=&#8220;Ak\u00e9 platobn\u00e9 met\u00f3dy akceptujete?&#8220; open_toggle_text_color=&#8220;#FFFFFF&#8220; icon_color=&#8220;#E02B20&#8243; module_class=&#8220;toggle-box&#8220; _builder_version=&#8220;4.19.4&#8243; _module_preset=&#8220;default&#8220; title_text_color=&#8220;#FFFFFF&#8220; title_font=&#8220;|700|||||||&#8220; title_font_size=&#8220;18px&#8220; title_letter_spacing=&#8220;1px&#8220; title_line_height=&#8220;24px&#8220; background_color=&#8220;RGBA(255,255,255,0)&#8220; custom_margin=&#8220;||8px||false|false&#8220; custom_padding=&#8220;34px||34px||true|false&#8220; global_colors_info=&#8220;{}&#8220; background__hover_enabled=&#8220;off|hover&#8220; background_enable_color__hover=&#8220;off&#8220; title_text_color__hover_enabled=&#8220;on|hover&#8220; title_text_color__hover=&#8220;#202020&#8243;]Pri mesa\u010dn\u00fdch\/ro\u010dn\u00fdch platb\u00e1ch platforma akceptuje karty Visa, Mastercard a PayPal. Pri predplatb\u00e1ch sa akceptuj\u00fa aj kryptomeny (BTC, ETH, BNB, LTC, XRP a \u010fal\u0161ie). Odoslan\u00e9 inform\u00e1cie s\u00fa z bezpe\u010dnostn\u00fdch d\u00f4vodov za\u0161ifrovan\u00e9.[\/et_pb_toggle][et_pb_toggle title=&#8220;M\u00f4\u017eem svoj ro\u010dn\u00fd predplatn\u00fd pl\u00e1n SAGEMASTER kedyko\u013evek zru\u0161i\u0165?&#8220; open_toggle_text_color=&#8220;#FFFFFF&#8220; icon_color=&#8220;#E02B20&#8243; module_class=&#8220;toggle-box&#8220; _builder_version=&#8220;4.19.4&#8243; _module_preset=&#8220;default&#8220; title_text_color=&#8220;#FFFFFF&#8220; title_font=&#8220;|700|||||||&#8220; title_font_size=&#8220;18px&#8220; title_letter_spacing=&#8220;1px&#8220; title_line_height=&#8220;24px&#8220; background_color=&#8220;RGBA(255,255,255,0)&#8220; custom_margin=&#8220;||8px||false|false&#8220; custom_padding=&#8220;34px||34px||true|false&#8220; global_colors_info=&#8220;{}&#8220; background__hover_enabled=&#8220;off|hover&#8220; background_enable_color__hover=&#8220;off&#8220; title_text_color__hover_enabled=&#8220;on|hover&#8220; title_text_color__hover=&#8220;#202020&#8243;]\u00c1no, svoj ro\u010dn\u00fd predplatn\u00fd pl\u00e1n SAGEMASTER m\u00f4\u017eete kedyko\u013evek zru\u0161i\u0165. Za zru\u0161enie rezerv\u00e1cie sa neplatia \u017eiadne poplatky ani sankcie.[\/et_pb_toggle][et_pb_toggle title=&#8220;Ako m\u00f4\u017eem z\u00edska\u0165 n\u00e1hradu?&#8220; open_toggle_text_color=&#8220;#FFFFFF&#8220; icon_color=&#8220;#E02B20&#8243; module_class=&#8220;toggle-box&#8220; _builder_version=&#8220;4.19.4&#8243; _module_preset=&#8220;default&#8220; title_text_color=&#8220;#FFFFFF&#8220; title_font=&#8220;|700|||||||&#8220; title_font_size=&#8220;18px&#8220; title_letter_spacing=&#8220;1px&#8220; title_line_height=&#8220;24px&#8220; background_color=&#8220;RGBA(255,255,255,0)&#8220; custom_margin=&#8220;||8px||false|false&#8220; custom_padding=&#8220;34px||34px||true|false&#8220; global_colors_info=&#8220;{}&#8220; background__hover_enabled=&#8220;off|hover&#8220; background_enable_color__hover=&#8220;off&#8220; title_text_color__hover_enabled=&#8220;on|hover&#8220; title_text_color__hover=&#8220;#202020&#8243;]Predplatn\u00e9 je mo\u017en\u00e9 kedyko\u013evek zru\u0161i\u0165, ale za \u010diasto\u010dn\u00e9 vyu\u017eitie alebo nevyu\u017eit\u00fd \u010das sa peniaze nevracaj\u00fa.[\/et_pb_toggle][et_pb_toggle title=&#8220;M\u00f4\u017eem z\u00edska\u0165 pomoc od z\u00e1kazn\u00edckej podpory?&#8220; open_toggle_text_color=&#8220;#FFFFFF&#8220; icon_color=&#8220;#E02B20&#8243; module_class=&#8220;toggle-box&#8220; _builder_version=&#8220;4.19.4&#8243; _module_preset=&#8220;default&#8220; title_text_color=&#8220;#FFFFFF&#8220; title_font=&#8220;|700|||||||&#8220; title_font_size=&#8220;18px&#8220; title_letter_spacing=&#8220;1px&#8220; title_line_height=&#8220;24px&#8220; background_color=&#8220;RGBA(255,255,255,0)&#8220; custom_margin=&#8220;||8px||false|false&#8220; custom_padding=&#8220;34px||34px||true|false&#8220; global_colors_info=&#8220;{}&#8220; background__hover_enabled=&#8220;off|hover&#8220; background_enable_color__hover=&#8220;off&#8220; title_text_color__hover_enabled=&#8220;on|hover&#8220; title_text_color__hover=&#8220;#202020&#8243;]\u00c1no, pon\u00fakame z\u00e1kazn\u00edcku podporu prostredn\u00edctvom n\u00e1\u0161ho chatu. K funkcii chatu m\u00f4\u017eete pristupova\u0165 zo str\u00e1nky podpory.[\/et_pb_toggle][\/et_pb_column][\/et_pb_row][\/et_pb_section]<\/p>\n","protected":false},"excerpt":{"rendered":"<p>Pl\u00e1ny a ceny&nbsp; \u010cASTO KLADEN\u00c9 OT\u00c1ZKYRo\u010dn\u00e9 predplatn\u00e9 SAGEMASTER zah\u0155\u0148a neobmedzen\u00fd pr\u00edstup k na\u0161ej oce\u0148ovanej obchodnej platforme, pr\u00edstup k vysokokvalitn\u00fdm trhov\u00fdm \u00fadajom, analytike obchodovania v re\u00e1lnom \u010dase a pokro\u010dil\u00fdm n\u00e1strojom na tvorbu grafov. Okrem toho budete ma\u0165 pr\u00edstup k n\u00e1\u0161mu t\u00edmu podpory pre ak\u00e9ko\u013evek ot\u00e1zky alebo pomoc, ktor\u00fa m\u00f4\u017eete potrebova\u0165.Z\u00e1kladn\u00fd pl\u00e1n stoj\u00ed 299 dol\u00e1rov ro\u010dne, pl\u00e1n [&hellip;]<\/p>\n","protected":false},"author":1,"featured_media":57227,"parent":0,"menu_order":0,"comment_status":"closed","ping_status":"closed","template":"","meta":{"_acf_changed":false,"_et_pb_use_builder":"on","_et_pb_old_content":"","_et_gb_content_width":"","om_disable_all_campaigns":false,"inline_featured_image":false,"_monsterinsights_skip_tracking":false,"_monsterinsights_sitenote_active":false,"_monsterinsights_sitenote_note":"","_monsterinsights_sitenote_category":0,"_uf_show_specific_survey":0,"_uf_disable_surveys":false,"footnotes":""},"class_list":["post-57569","page","type-page","status-publish","has-post-thumbnail","hentry"],"acf":[],"aioseo_notices":[],"_links":{"self":[{"href":"https:\/\/sagemaster.com\/sk\/wp-json\/wp\/v2\/pages\/57569","targetHints":{"allow":["GET"]}}],"collection":[{"href":"https:\/\/sagemaster.com\/sk\/wp-json\/wp\/v2\/pages"}],"about":[{"href":"https:\/\/sagemaster.com\/sk\/wp-json\/wp\/v2\/types\/page"}],"author":[{"embeddable":true,"href":"https:\/\/sagemaster.com\/sk\/wp-json\/wp\/v2\/users\/1"}],"replies":[{"embeddable":true,"href":"https:\/\/sagemaster.com\/sk\/wp-json\/wp\/v2\/comments?post=57569"}],"version-history":[{"count":15,"href":"https:\/\/sagemaster.com\/sk\/wp-json\/wp\/v2\/pages\/57569\/revisions"}],"predecessor-version":[{"id":66230,"href":"https:\/\/sagemaster.com\/sk\/wp-json\/wp\/v2\/pages\/57569\/revisions\/66230"}],"wp:featuredmedia":[{"embeddable":true,"href":"https:\/\/sagemaster.com\/sk\/wp-json\/wp\/v2\/media\/57227"}],"wp:attachment":[{"href":"https:\/\/sagemaster.com\/sk\/wp-json\/wp\/v2\/media?parent=57569"}],"curies":[{"name":"wp","href":"https:\/\/api.w.org\/{rel}","templated":true}]}}