{"id":67879,"date":"2026-01-23T19:19:13","date_gmt":"2026-01-23T19:19:13","guid":{"rendered":"https:\/\/sagemaster.com\/spravy-a-media\/"},"modified":"2026-01-26T09:47:30","modified_gmt":"2026-01-26T09:47:30","slug":"spravy-a-media","status":"publish","type":"page","link":"https:\/\/sagemaster.com\/sk\/spravy-a-media\/","title":{"rendered":"Spr\u00e1vy a m\u00e9di\u00e1"},"content":{"rendered":"<p>[et_pb_section fb_built=&#8220;1&#8243; custom_padding_last_edited=&#8220;on|phone&#8220; module_id=&#8220;hero-trading&#8220; _builder_version=&#8220;4.19.4&#8243; _module_preset=&#8220;default&#8220; background_color=&#8220;#131313&#8243; background_image=&#8220;https:\/\/sagemaster.com\/wp-content\/uploads\/2023\/01\/Hero.png&#8220; background_position=&#8220;bottom_center&#8220; background_vertical_offset=&#8220;92%&#8220; module_alignment=&#8220;right&#8220; custom_padding=&#8220;80px||0px||false|false&#8220; custom_padding_tablet=&#8220;80px||80px||false|false&#8220; custom_padding_phone=&#8220;80px||50px||false|false&#8220; background_last_edited=&#8220;on|phone&#8220; background_image_phone=&#8220;https:\/\/sagemaster.com\/wp-content\/uploads\/2023\/02\/hero-bc.png&#8220; background_enable_image_phone=&#8220;on&#8220; global_colors_info=&#8220;{}&#8220;][et_pb_row column_structure=&#8220;1_2,1_2&#8243; _builder_version=&#8220;4.19.4&#8243; _module_preset=&#8220;default&#8220; custom_margin=&#8220;0px||20px||false|false&#8220; custom_padding=&#8220;20px||0px||false|false&#8220; hover_enabled=&#8220;0&#8243; global_colors_info=&#8220;{}&#8220; sticky_enabled=&#8220;0&#8243;][et_pb_column type=&#8220;1_2&#8243; module_class=&#8220;first-fold-col2&#8243; _builder_version=&#8220;4.19.4&#8243; _module_preset=&#8220;default&#8220; custom_padding=&#8220;8%||8%||true|false&#8220; global_colors_info=&#8220;{}&#8220;][et_pb_image src=&#8220;https:\/\/sagemaster.com\/wp-content\/uploads\/2023\/01\/graphs.png&#8220; title_text=&#8220;grafy&#8220; module_class=&#8220;black-image&#8220; _builder_version=&#8220;4.19.4&#8243; _module_preset=&#8220;default&#8220; global_colors_info=&#8220;{}&#8220;][\/et_pb_image][et_pb_image src=&#8220;https:\/\/sagemaster.com\/wp-content\/uploads\/2023\/03\/graphs.png&#8220; title_text=&#8220;grafy&#8220; module_class=&#8220;white-image&#8220; _builder_version=&#8220;4.19.4&#8243; _module_preset=&#8220;default&#8220; global_colors_info=&#8220;{}&#8220;][\/et_pb_image][\/et_pb_column][et_pb_column type=&#8220;1_2&#8243; module_class=&#8220;first-fold-col1&#8243; _builder_version=&#8220;4.19.4&#8243; _module_preset=&#8220;default&#8220; custom_padding=&#8220;18%||||false|false&#8220; global_colors_info=&#8220;{}&#8220;][et_pb_text module_class=&#8220;text-corr&#8220; _builder_version=&#8220;4.19.4&#8243; _module_preset=&#8220;default&#8220; text_font=&#8220;|700|||||||&#8220; text_font_size=&#8220;18px&#8220; text_letter_spacing=&#8220;0.75px&#8220; text_line_height=&#8220;32px&#8220; header_font=&#8220;|700|||||||&#8220; header_font_size=&#8220;70px&#8220; header_letter_spacing=&#8220;1px&#8220; header_line_height=&#8220;120px&#8220; hover_enabled=&#8220;0&#8243; text_font_size_tablet=&#8220;18px&#8220; text_font_size_phone=&#8220;18px&#8220; text_font_size_last_edited=&#8220;on|phone&#8220; text_line_height_tablet=&#8220;22px&#8220; text_line_height_phone=&#8220;32px&#8220; text_line_height_last_edited=&#8220;on|phone&#8220; header_font_size_tablet=&#8220;32px&#8220; header_font_size_phone=&#8220;24px&#8220; header_font_size_last_edited=&#8220;on|phone&#8220; header_line_height_tablet=&#8220;41px&#8220; header_line_height_phone=&#8220;32px&#8220; header_line_height_last_edited=&#8220;on|phone&#8220; global_colors_info=&#8220;{}&#8220; sticky_enabled=&#8220;0&#8243;]<\/p>\n<h1>Spr\u00e1vy a m\u00e9di\u00e1<\/h1>\n<div class=\"et_pb_module et_pb_text et_pb_text_0 text-corr et_pb_text_align_left et_pb_bg_layout_light\">\n<div class=\"et_pb_text_inner\">\n<p>Presk\u00famajte najnov\u0161ie aktualiz\u00e1cie, ozn\u00e1menia a medi\u00e1lne momenty od n\u00e1\u0161ho t\u00edmu. Tento priestor sp\u00e1ja d\u00f4le\u017eit\u00e9 spr\u00e1vy, trhov\u00e9 poznatky a spravodajstvo od d\u00f4veryhodn\u00fdch m\u00e9di\u00ed, aby v\u00e1s informoval o v\u0161etkom, \u010do sa deje okolo SageMaster. <\/p>\n<\/div>\n<\/div>\n<p>[\/et_pb_text][\/et_pb_column][\/et_pb_row][\/et_pb_section][et_pb_section fb_built=&#8220;1&#8243; custom_padding_last_edited=&#8220;on|phone&#8220; module_class=&#8220;simple-assist grid-first&#8220; _builder_version=&#8220;4.19.4&#8243; _module_preset=&#8220;default&#8220; background_color=&#8220;#131313&#8243; background_size=&#8220;initial&#8220; custom_padding=&#8220;60px||0px||false|false&#8220; custom_padding_tablet=&#8220;100px||100px||false|false&#8220; custom_padding_phone=&#8220;48px||0px||false|false&#8220; hover_enabled=&#8220;0&#8243; background_last_edited=&#8220;on|tablet&#8220; background_enable_image_tablet=&#8220;off&#8220; background_enable_image_phone=&#8220;off&#8220; global_colors_info=&#8220;{}&#8220; background_enable_image=&#8220;off&#8220; sticky_enabled=&#8220;0&#8243;][et_pb_row _builder_version=&#8220;4.19.4&#8243; _module_preset=&#8220;default&#8220;][et_pb_column _builder_version=&#8220;4.19.4&#8243; _module_preset=&#8220;default&#8220; type=&#8220;4_4&#8243;][et_pb_blog _builder_version=&#8220;4.19.4&#8243; _module_preset=&#8220;default&#8220; post_type=&#8220;news-media&#8220; posts_number=&#8220;9&#8243; meta_date=&#8220;j\/M\/Y&#8220; excerpt_length=&#8220;200&#8243; show_author=&#8220;off&#8220; show_categories=&#8220;off&#8220; fullwidth=&#8220;off&#8220; header_text_color=&#8220;#000000&#8243; border_radii=&#8220;on|25px|25px|25px|25px&#8220; border_width_all=&#8220;2px&#8220; border_color_all=&#8220;#d0fc81&#8243; hover_enabled=&#8220;0&#8243; sticky_enabled=&#8220;0&#8243; module_class=&#8220;dt-blog-equal-height&#8220;][\/et_pb_blog][\/et_pb_column][\/et_pb_row][\/et_pb_section]<\/p>\n","protected":false},"excerpt":{"rendered":"<p>Spr\u00e1vy a m\u00e9di\u00e1 Presk\u00famajte najnov\u0161ie aktualiz\u00e1cie, ozn\u00e1menia a medi\u00e1lne momenty od n\u00e1\u0161ho t\u00edmu. Tento priestor sp\u00e1ja d\u00f4le\u017eit\u00e9 spr\u00e1vy, trhov\u00e9 poznatky a spravodajstvo od d\u00f4veryhodn\u00fdch m\u00e9di\u00ed, aby v\u00e1s informoval o v\u0161etkom, \u010do sa deje okolo SageMaster.<\/p>\n","protected":false},"author":6,"featured_media":0,"parent":0,"menu_order":0,"comment_status":"closed","ping_status":"closed","template":"","meta":{"_acf_changed":false,"_et_pb_use_builder":"on","_et_pb_old_content":"","_et_gb_content_width":"","om_disable_all_campaigns":false,"inline_featured_image":false,"_monsterinsights_skip_tracking":false,"_monsterinsights_sitenote_active":false,"_monsterinsights_sitenote_note":"","_monsterinsights_sitenote_category":0,"_uf_show_specific_survey":0,"_uf_disable_surveys":false,"footnotes":""},"class_list":["post-67879","page","type-page","status-publish","hentry"],"acf":[],"aioseo_notices":[],"_links":{"self":[{"href":"https:\/\/sagemaster.com\/sk\/wp-json\/wp\/v2\/pages\/67879","targetHints":{"allow":["GET"]}}],"collection":[{"href":"https:\/\/sagemaster.com\/sk\/wp-json\/wp\/v2\/pages"}],"about":[{"href":"https:\/\/sagemaster.com\/sk\/wp-json\/wp\/v2\/types\/page"}],"author":[{"embeddable":true,"href":"https:\/\/sagemaster.com\/sk\/wp-json\/wp\/v2\/users\/6"}],"replies":[{"embeddable":true,"href":"https:\/\/sagemaster.com\/sk\/wp-json\/wp\/v2\/comments?post=67879"}],"version-history":[{"count":1,"href":"https:\/\/sagemaster.com\/sk\/wp-json\/wp\/v2\/pages\/67879\/revisions"}],"predecessor-version":[{"id":67880,"href":"https:\/\/sagemaster.com\/sk\/wp-json\/wp\/v2\/pages\/67879\/revisions\/67880"}],"wp:attachment":[{"href":"https:\/\/sagemaster.com\/sk\/wp-json\/wp\/v2\/media?parent=67879"}],"curies":[{"name":"wp","href":"https:\/\/api.w.org\/{rel}","templated":true}]}}